{"id":11682,"date":"2024-10-24T04:27:53","date_gmt":"2024-10-24T02:27:53","guid":{"rendered":"http:\/\/billigtrikots.com\/?post_type=product&#038;p=11682"},"modified":"2024-10-24T04:30:40","modified_gmt":"2024-10-24T02:30:40","slug":"personalisierbar-kinderheim-trikot-atletico-madrid-22-23-kurzarm-kurze-hosen","status":"publish","type":"product","link":"https:\/\/www.billigtrikotde.com\/nl\/personalisierbar-kinderheim-trikot-atletico-madrid-22-23-kurzarm-kurze-hosen\/","title":{"rendered":"Aanpasbaar Kinder Thuisshirt Atl\u00e9tico Madrid 22-23 Korte Mouw + Korte Broek"},"content":{"rendered":"<p>De Nike Atl\u00e9tico 2022-2023 Jersey heeft een nieuwe interpretatie van de traditionele witte en rode strepen van de club. De Nike Atl\u00e9tico Madrid 22-23 Jersey heeft golvende strepen.<br \/>\nZulke wuivende strepen hebben Atl\u00e9tico nog nooit gehad \u2013 het is een primeur in de clubgeschiedenis. Volgens het persbericht zijn de vreemde strepen op het nieuwe shirt ge\u00efnspireerd door de rivier de Manzanares. De achterkant van het nieuwe Atl\u00e9tico 22-23-shirt is voornamelijk rood met een marineblauwe streep in het kraaggebied\/bovenaan. De Spaanse vlag staat onder de kraag afgedrukt.<\/p>\n<p>Tips voor het afdrukken: Als de naam en het nummer op de foto precies zijn wat je wilt, hoef je ze niet opnieuw in te voeren. Zo niet, dan moet je de gewenste naam en het gewenste nummer invoeren.<\/p>\n<p>Wastips: Het wordt aanbevolen om voetbalshirts met de hand te wassen. Als je de wasmachine wilt gebruiken, denk er dan aan om voetbalshirts binnenstebuiten te draaien en vervolgens te wassen. Vul de machine met koud water en gebruik een fijnwasprogramma om de kleuren beter te beschermen.<\/p>","protected":false},"excerpt":{"rendered":"<p>Das Nike Atl\u00e9tico 2022-2023 Trikot zeigt eine neue Interpretation der traditionellen wei\u00df-roten Streifen des Vereins. Das Nike Atl\u00e9tico Madrid 22-23 Trikot kommt mit winkenden Streifen. Solche winkenden Streifen hat es bei Atletico noch nie gegeben &#8211; es ist eine Premiere in der Vereinsgeschichte. Laut der Pressemitteilung sind die seltsamen Streifen auf dem neuen Trikot vom [&hellip;]<\/p>","protected":false},"featured_media":11720,"comment_status":"open","ping_status":"closed","template":"","meta":[],"product_brand":[],"product_cat":[157],"product_tag":[442,89,90,158,20,443,215,21,24,94],"class_list":{"0":"post-11682","1":"product","2":"type-product","3":"status-publish","4":"has-post-thumbnail","6":"product_cat-atletico-madrid-kindertrikot","7":"product_tag-atletico-madrid-22-23-trikot","8":"product_tag-atletico-madrid-heimtrikot","9":"product_tag-atletico-madrid-trikots","10":"product_tag-atletico-madrid-trikotsatz-fuer-kinder","11":"product_tag-coole-fussballtrikots","12":"product_tag-fussball-heimtrikot","13":"product_tag-fussball-trikot-kurzarm","14":"product_tag-fussballtrikot-fuer-herren","15":"product_tag-guenstiges-fussballtrikot","16":"product_tag-kinder-fussball-trikotsatz","18":"first","19":"instock","20":"shipping-taxable","21":"purchasable","22":"product-type-variable"},"_links":{"self":[{"href":"https:\/\/www.billigtrikotde.com\/nl\/wp-json\/wp\/v2\/product\/11682","targetHints":{"allow":["GET"]}}],"collection":[{"href":"https:\/\/www.billigtrikotde.com\/nl\/wp-json\/wp\/v2\/product"}],"about":[{"href":"https:\/\/www.billigtrikotde.com\/nl\/wp-json\/wp\/v2\/types\/product"}],"replies":[{"embeddable":true,"href":"https:\/\/www.billigtrikotde.com\/nl\/wp-json\/wp\/v2\/comments?post=11682"}],"wp:featuredmedia":[{"embeddable":true,"href":"https:\/\/www.billigtrikotde.com\/nl\/wp-json\/wp\/v2\/media\/11720"}],"wp:attachment":[{"href":"https:\/\/www.billigtrikotde.com\/nl\/wp-json\/wp\/v2\/media?parent=11682"}],"wp:term":[{"taxonomy":"product_brand","embeddable":true,"href":"https:\/\/www.billigtrikotde.com\/nl\/wp-json\/wp\/v2\/product_brand?post=11682"},{"taxonomy":"product_cat","embeddable":true,"href":"https:\/\/www.billigtrikotde.com\/nl\/wp-json\/wp\/v2\/product_cat?post=11682"},{"taxonomy":"product_tag","embeddable":true,"href":"https:\/\/www.billigtrikotde.com\/nl\/wp-json\/wp\/v2\/product_tag?post=11682"}],"curies":[{"name":"wp","href":"https:\/\/api.w.org\/{rel}","templated":true}]}}