{"id":11587,"date":"2024-10-24T04:22:40","date_gmt":"2024-10-24T02:22:40","guid":{"rendered":"http:\/\/billigtrikots.com\/?post_type=product&#038;p=11587"},"modified":"2024-10-24T04:24:53","modified_gmt":"2024-10-24T02:24:53","slug":"j-m-gimenez-2-herren-atletico-madrid-2022-23-auswaertstrikot-schwarz-kurzarm-kurze-hosen","status":"publish","type":"product","link":"https:\/\/www.billigtrikotde.com\/nl\/j-m-gimenez-2-herren-atletico-madrid-2022-23-auswaertstrikot-schwarz-kurzarm-kurze-hosen\/","title":{"rendered":"J.M.GIM\u00c9NEZ 2 Heren Atl\u00e9tico Madrid 2022\/23 Weg Trui Zwart Korte Mouw + Korte Broek"},"content":{"rendered":"<p>Ontdek het uitshirt Atl\u00e9tico Madrid 2022\/2023. Draag de kleuren van je favoriete team met trots op of naast het veld.<\/p>\n<p>Een soepel en lichtgewicht shirt met Nike Dri Fit technologie, een kledingstuk dat voorkomt dat zweet binnendringt tijdens je wedstrijd of training. Blijf droog na je versnellingen.<\/p>\n<p>Stel je voor dat het publiek van Wanda Metropolitano je toejuicht nadat je een geweldig doelpunt hebt gemaakt.<\/p>\n<p>Het shirt is ge\u00efnspireerd op het shirt dat het professionele team tijdens wedstrijden draagt.<\/p>\n<p>Tips voor het afdrukken: Als de naam en het nummer op de foto precies zijn wat je wilt, hoef je ze niet opnieuw in te voeren. Zo niet, dan moet je de gewenste naam en het gewenste nummer invoeren.<\/p>\n<p>Wastips: Het wordt aanbevolen om voetbalshirts met de hand te wassen. Als je de wasmachine wilt gebruiken, denk er dan aan om voetbalshirts binnenstebuiten te draaien en vervolgens te wassen. Vul de machine met koud water en gebruik een fijnwasprogramma om de kleuren beter te beschermen.<\/p>","protected":false},"excerpt":{"rendered":"<p>Entdecke das Atl\u00e9tico Madrid 2022\/2023 Ausw\u00e4rtstrikot . Tragen Sie stolz die Farben Ihres Lieblingsteams auf dem Platz oder drau\u00dfen. Ein flexibles und leichtes Trikot mit Nike Dri Fit-Technologie, ein Kleidungsst\u00fcck, das verhindert, dass Schwei\u00df w\u00e4hrend Ihres Spiels oder Trainings eindringt. Bleiben Sie nach Ihren Beschleunigungen trocken. Stellen Sie sich vor, die Zuschauer von Wanda Metropolitano [&hellip;]<\/p>","protected":false},"featured_media":11625,"comment_status":"open","ping_status":"closed","template":"","meta":[],"product_brand":[],"product_cat":[88],"product_tag":[200,90,20,21,22,23,24],"class_list":{"0":"post-11587","1":"product","2":"type-product","3":"status-publish","4":"has-post-thumbnail","6":"product_cat-atletico-madrid","7":"product_tag-atletico-madrid-auswaertstrikot","8":"product_tag-atletico-madrid-trikots","9":"product_tag-coole-fussballtrikots","10":"product_tag-fussballtrikot-fuer-herren","11":"product_tag-fussballtrikot-guenstig-kaufen","12":"product_tag-fussballtrikot-kurzarm","13":"product_tag-guenstiges-fussballtrikot","15":"first","16":"instock","17":"shipping-taxable","18":"purchasable","19":"product-type-variable"},"_links":{"self":[{"href":"https:\/\/www.billigtrikotde.com\/nl\/wp-json\/wp\/v2\/product\/11587","targetHints":{"allow":["GET"]}}],"collection":[{"href":"https:\/\/www.billigtrikotde.com\/nl\/wp-json\/wp\/v2\/product"}],"about":[{"href":"https:\/\/www.billigtrikotde.com\/nl\/wp-json\/wp\/v2\/types\/product"}],"replies":[{"embeddable":true,"href":"https:\/\/www.billigtrikotde.com\/nl\/wp-json\/wp\/v2\/comments?post=11587"}],"wp:featuredmedia":[{"embeddable":true,"href":"https:\/\/www.billigtrikotde.com\/nl\/wp-json\/wp\/v2\/media\/11625"}],"wp:attachment":[{"href":"https:\/\/www.billigtrikotde.com\/nl\/wp-json\/wp\/v2\/media?parent=11587"}],"wp:term":[{"taxonomy":"product_brand","embeddable":true,"href":"https:\/\/www.billigtrikotde.com\/nl\/wp-json\/wp\/v2\/product_brand?post=11587"},{"taxonomy":"product_cat","embeddable":true,"href":"https:\/\/www.billigtrikotde.com\/nl\/wp-json\/wp\/v2\/product_cat?post=11587"},{"taxonomy":"product_tag","embeddable":true,"href":"https:\/\/www.billigtrikotde.com\/nl\/wp-json\/wp\/v2\/product_tag?post=11587"}],"curies":[{"name":"wp","href":"https:\/\/api.w.org\/{rel}","templated":true}]}}