{"id":11528,"date":"2024-10-24T04:19:20","date_gmt":"2024-10-24T02:19:20","guid":{"rendered":"http:\/\/billigtrikots.com\/?post_type=product&#038;p=11528"},"modified":"2024-10-24T04:21:57","modified_gmt":"2024-10-24T02:21:57","slug":"dele-20-tottenham-hotspur-2023-heim-trikot-weiss-marineblau-fussball-trikot-outlet","status":"publish","type":"product","link":"https:\/\/www.billigtrikotde.com\/nl\/dele-20-tottenham-hotspur-2023-heim-trikot-weiss-marineblau-fussball-trikot-outlet\/","title":{"rendered":"DELE 20 Tottenham Hotspur 2023 Thuisshirt wit marineblauw Voetbalshirt Outlet"},"content":{"rendered":"<p>Het Nike Tottenham Hotspur 22-23 shirt is gebaseerd op hetzelfde sjabloon als sommige andere Nike 2022-23 shirts, bijvoorbeeld die van Chelsea en Hertha Berlijn. Het is overwegend wit en heeft een ronde naad op de borst.<\/p>\n<p>De kraag en manchetten van het Nike Tottenham Hotspur 2022-23 thuisshirt zijn beide marineblauw met een voltlijn in het midden.<\/p>\n<p>De binnenkraag van het Nike Tottenham Hotspur 2022-23 thuisshirt is ook in volt en heeft een reeks SPURS letters in marineblauw, zowel gevuld als omlijnd.<\/p>\n<p>Tips voor het afdrukken: Als de naam en het nummer op de foto precies zijn wat je wilt, hoef je ze niet opnieuw in te voeren. Zo niet, dan moet je de gewenste naam en het gewenste nummer invoeren.<\/p>\n<p>Wastips: Het wordt aanbevolen om voetbalshirts met de hand te wassen. Als je de wasmachine wilt gebruiken, denk er dan aan om voetbalshirts binnenstebuiten te draaien en vervolgens te wassen. Vul de machine met koud water en gebruik een fijnwasprogramma om de kleuren beter te beschermen.<\/p>","protected":false},"excerpt":{"rendered":"<p>Das Nike Tottenham Hotspur 22-23 Trikot basiert auf der gleichen Template wie einige andere Nike 2022-23 Trikots, z.B. das von Chelsea und Hertha Berlin. Es ist \u00fcberwiegend wei\u00df und hat eine runde Naht auf der Brust. Der Kragen und die \u00c4rmelb\u00fcndchen des Nike Tottenham Hotspur 2022-23 Heimtrikots sind beide marineblau mit einer Volt-Linie in der [\u2026]<\/p>","protected":false},"featured_media":11569,"comment_status":"open","ping_status":"closed","template":"","meta":[],"product_brand":[],"product_cat":[178],"product_tag":[20,21,22,23,24,335,106,104],"class_list":{"0":"post-11528","1":"product","2":"type-product","3":"status-publish","4":"has-post-thumbnail","6":"product_cat-tottenham-hotspur","7":"product_tag-coole-fussballtrikots","8":"product_tag-fussballtrikot-fuer-herren","9":"product_tag-fussballtrikot-guenstig-kaufen","10":"product_tag-fussballtrikot-kurzarm","11":"product_tag-guenstiges-fussballtrikot","12":"product_tag-shop-tottenham-hotspur-trikot","13":"product_tag-tottenham-hotspur-heimtrikot","14":"product_tag-tottenham-hotspur-trikots","16":"first","17":"instock","18":"shipping-taxable","19":"purchasable","20":"product-type-variable"},"_links":{"self":[{"href":"https:\/\/www.billigtrikotde.com\/nl\/wp-json\/wp\/v2\/product\/11528","targetHints":{"allow":["GET"]}}],"collection":[{"href":"https:\/\/www.billigtrikotde.com\/nl\/wp-json\/wp\/v2\/product"}],"about":[{"href":"https:\/\/www.billigtrikotde.com\/nl\/wp-json\/wp\/v2\/types\/product"}],"replies":[{"embeddable":true,"href":"https:\/\/www.billigtrikotde.com\/nl\/wp-json\/wp\/v2\/comments?post=11528"}],"wp:featuredmedia":[{"embeddable":true,"href":"https:\/\/www.billigtrikotde.com\/nl\/wp-json\/wp\/v2\/media\/11569"}],"wp:attachment":[{"href":"https:\/\/www.billigtrikotde.com\/nl\/wp-json\/wp\/v2\/media?parent=11528"}],"wp:term":[{"taxonomy":"product_brand","embeddable":true,"href":"https:\/\/www.billigtrikotde.com\/nl\/wp-json\/wp\/v2\/product_brand?post=11528"},{"taxonomy":"product_cat","embeddable":true,"href":"https:\/\/www.billigtrikotde.com\/nl\/wp-json\/wp\/v2\/product_cat?post=11528"},{"taxonomy":"product_tag","embeddable":true,"href":"https:\/\/www.billigtrikotde.com\/nl\/wp-json\/wp\/v2\/product_tag?post=11528"}],"curies":[{"name":"wp","href":"https:\/\/api.w.org\/{rel}","templated":true}]}}