{"id":1092,"date":"2024-10-23T13:15:55","date_gmt":"2024-10-23T11:15:55","guid":{"rendered":"http:\/\/billigtrikots.com\/?post_type=product&#038;p=1092"},"modified":"2024-10-23T13:17:51","modified_gmt":"2024-10-23T11:17:51","slug":"herren-auswaertstrikot-manchester-united-2022-weiss-mit-aufdruck-lingard-14","status":"publish","type":"product","link":"https:\/\/www.billigtrikotde.com\/nl\/herren-auswaertstrikot-manchester-united-2022-weiss-mit-aufdruck-lingard-14\/","title":{"rendered":"Manchester United 2022 heren uittenue wit met print Lingard 14"},"content":{"rendered":"<p>De letter \"M\" voor de thuisstad van de club heeft vaak zijn weg gevonden naar de legendarische tenues van Manchester United. Dit a-didas voetbalshirt neemt de letter weer op en komt met een modern, abstract ontwerp dat doet denken aan een klassiek shirt uit begin jaren 90. Het zachte dubbelgebreide materiaal en de vochtabsorberende AEROREADY technologie garanderen een aangenaam droog gevoel. Het ingeweven clublogo laat ook zien dat je een echte Manchester United fan bent.<\/p>\n<p>Tips voor het afdrukken: Als de naam en het nummer op de foto precies zijn wat je wilt, hoef je ze niet opnieuw in te voeren. Zo niet, dan moet je de gewenste naam en het gewenste nummer invoeren.<\/p>\n<p>Wastips: Het wordt aanbevolen om voetbalshirts met de hand te wassen. Als je de wasmachine wilt gebruiken, denk er dan aan om voetbalshirts binnenstebuiten te draaien en vervolgens te wassen. Vul de machine met koud water en gebruik een fijnwasprogramma om de kleuren beter te beschermen.<\/p>","protected":false},"excerpt":{"rendered":"<p>Der Buchstabe \u201eM\u201c f\u00fcr die Heimatstadt des Vereins hat schon oft seinen Weg auf die legend\u00e4ren Ausr\u00fcstungen von Manchester United gefunden. Dieses a-didas Fu\u00dfballtrikot greift den Buchstaben wieder auf und kommt mit einem modernen, abstrakten Design, das an ein klassisches Trikot aus den fr\u00fchen 90ern erinnert. Das weiche Doppelstrickmaterial und die feuchtigkeitsabsorbierende AEROREADY Technologie garantieren [&hellip;]<\/p>","protected":false},"featured_media":1134,"comment_status":"open","ping_status":"closed","template":"","meta":[],"product_brand":[],"product_cat":[50],"product_tag":[20,43,21,22,23,24,51,52],"class_list":{"0":"post-1092","1":"product","2":"type-product","3":"status-publish","4":"has-post-thumbnail","6":"product_cat-manchester-united","7":"product_tag-coole-fussballtrikots","8":"product_tag-fussballkleidung","9":"product_tag-fussballtrikot-fuer-herren","10":"product_tag-fussballtrikot-guenstig-kaufen","11":"product_tag-fussballtrikot-kurzarm","12":"product_tag-guenstiges-fussballtrikot","13":"product_tag-manchester-united-auswaertstrikot","14":"product_tag-manchester-united-trikots","16":"first","17":"instock","18":"shipping-taxable","19":"purchasable","20":"product-type-variable"},"_links":{"self":[{"href":"https:\/\/www.billigtrikotde.com\/nl\/wp-json\/wp\/v2\/product\/1092","targetHints":{"allow":["GET"]}}],"collection":[{"href":"https:\/\/www.billigtrikotde.com\/nl\/wp-json\/wp\/v2\/product"}],"about":[{"href":"https:\/\/www.billigtrikotde.com\/nl\/wp-json\/wp\/v2\/types\/product"}],"replies":[{"embeddable":true,"href":"https:\/\/www.billigtrikotde.com\/nl\/wp-json\/wp\/v2\/comments?post=1092"}],"wp:featuredmedia":[{"embeddable":true,"href":"https:\/\/www.billigtrikotde.com\/nl\/wp-json\/wp\/v2\/media\/1134"}],"wp:attachment":[{"href":"https:\/\/www.billigtrikotde.com\/nl\/wp-json\/wp\/v2\/media?parent=1092"}],"wp:term":[{"taxonomy":"product_brand","embeddable":true,"href":"https:\/\/www.billigtrikotde.com\/nl\/wp-json\/wp\/v2\/product_brand?post=1092"},{"taxonomy":"product_cat","embeddable":true,"href":"https:\/\/www.billigtrikotde.com\/nl\/wp-json\/wp\/v2\/product_cat?post=1092"},{"taxonomy":"product_tag","embeddable":true,"href":"https:\/\/www.billigtrikotde.com\/nl\/wp-json\/wp\/v2\/product_tag?post=1092"}],"curies":[{"name":"wp","href":"https:\/\/api.w.org\/{rel}","templated":true}]}}