{"id":10451,"date":"2024-10-24T03:19:08","date_gmt":"2024-10-24T01:19:08","guid":{"rendered":"http:\/\/billigtrikots.com\/?post_type=product&#038;p=10451"},"modified":"2024-10-24T03:21:26","modified_gmt":"2024-10-24T01:21:26","slug":"herren-spanien-fifa-wm-katar-heimtrikot-teampower-rot-kurzarm-kurze-hosen-casillas-1","status":"publish","type":"product","link":"https:\/\/www.billigtrikotde.com\/nl\/herren-spanien-fifa-wm-katar-heimtrikot-teampower-rot-kurzarm-kurze-hosen-casillas-1\/","title":{"rendered":"Heren Spanje FIFA Wereldkampioenschap Qatar Thuisshirt Team Power Rood Korte Mouw + Korte Broek CASILLAS 1"},"content":{"rendered":"<p>E\u00e9n land, \u00e9\u00e9n team, \u00e9\u00e9n gemeenschappelijk doel: de volgende titel. Dit tijdloze thuisshirt barst van het onmiskenbare voetbal-DNA van Spanje en is uitgevoerd in de typische rode teamkleuren. Het geweven logo van de Spaanse voetbalbond en het 3-Stripes logo op de borst maken het ontwerp compleet. Daarnaast zorgt de vochtabsorberende AEROREADY-technologie voor een comfortabele pasvorm wanneer de fans het grootste voetbalevenement ter wereld aanmoedigen.<br \/>\nBreid je Spanje-collectie uit met het thuisshirt dat de spelers op het WK droegen. Wij raden dit zweetafvoerende, supercomfortabele en ademende model met een aangenaam gevoel aan. Dit shirt is ideaal om je voor te bereiden op je volgende tegenstander. Het onderscheidt zich visueel met een bondslogo op de borst.<\/p>\n<p>Tips voor het afdrukken: Als de naam en het nummer op de foto precies zijn wat je wilt, hoef je ze niet opnieuw in te voeren. Zo niet, dan moet je de gewenste naam en het gewenste nummer invoeren.<\/p>\n<p>Wastips: Het wordt aanbevolen om voetbalshirts met de hand te wassen. Als je de wasmachine wilt gebruiken, denk er dan aan om voetbalshirts binnenstebuiten te draaien en vervolgens te wassen. Vul de machine met koud water en gebruik een fijnwasprogramma om de kleuren beter te beschermen.<\/p>","protected":false},"excerpt":{"rendered":"<p>Een land, een team, een gemeenschappelijk doel: de volgende titel. Dit tijdloze thuistrui barst van de onmiskenbare voetbal-DNA van Spanje en komt in de typische rode teamkleuren. Het geweven logo van de Spaanse voetbalbond en het 3-strepen logo op de borst maken het ontwerp compleet. Bovendien zorgt de vochtabsorberende AEROREADY-technologie voor een prettig draaggevoel, wanneer [\u2026]<\/p>","protected":false},"featured_media":10492,"comment_status":"open","ping_status":"closed","template":"","meta":[],"product_brand":[],"product_cat":[131],"product_tag":[20,407,21,22,23,24,385,386],"class_list":{"0":"post-10451","1":"product","2":"type-product","3":"status-publish","4":"has-post-thumbnail","6":"product_cat-spanien-trikots","7":"product_tag-coole-fussballtrikots","8":"product_tag-fifa-wm-katar-2022-trikot","9":"product_tag-fussballtrikot-fuer-herren","10":"product_tag-fussballtrikot-guenstig-kaufen","11":"product_tag-fussballtrikot-kurzarm","12":"product_tag-guenstiges-fussballtrikot","13":"product_tag-herren-spanien-trikot","14":"product_tag-spanien-wm-2022-heimtrikot","16":"first","17":"instock","18":"shipping-taxable","19":"purchasable","20":"product-type-variable"},"_links":{"self":[{"href":"https:\/\/www.billigtrikotde.com\/nl\/wp-json\/wp\/v2\/product\/10451","targetHints":{"allow":["GET"]}}],"collection":[{"href":"https:\/\/www.billigtrikotde.com\/nl\/wp-json\/wp\/v2\/product"}],"about":[{"href":"https:\/\/www.billigtrikotde.com\/nl\/wp-json\/wp\/v2\/types\/product"}],"replies":[{"embeddable":true,"href":"https:\/\/www.billigtrikotde.com\/nl\/wp-json\/wp\/v2\/comments?post=10451"}],"wp:featuredmedia":[{"embeddable":true,"href":"https:\/\/www.billigtrikotde.com\/nl\/wp-json\/wp\/v2\/media\/10492"}],"wp:attachment":[{"href":"https:\/\/www.billigtrikotde.com\/nl\/wp-json\/wp\/v2\/media?parent=10451"}],"wp:term":[{"taxonomy":"product_brand","embeddable":true,"href":"https:\/\/www.billigtrikotde.com\/nl\/wp-json\/wp\/v2\/product_brand?post=10451"},{"taxonomy":"product_cat","embeddable":true,"href":"https:\/\/www.billigtrikotde.com\/nl\/wp-json\/wp\/v2\/product_cat?post=10451"},{"taxonomy":"product_tag","embeddable":true,"href":"https:\/\/www.billigtrikotde.com\/nl\/wp-json\/wp\/v2\/product_tag?post=10451"}],"curies":[{"name":"wp","href":"https:\/\/api.w.org\/{rel}","templated":true}]}}