{"id":10018,"date":"2024-10-24T02:56:56","date_gmt":"2024-10-24T00:56:56","guid":{"rendered":"http:\/\/billigtrikots.com\/?post_type=product&#038;p=10018"},"modified":"2024-10-24T02:59:14","modified_gmt":"2024-10-24T00:59:14","slug":"herren-brasilien-fifa-wm-katar-2022-heimtrikot-gelb-kurzarm-personalisierbar","status":"publish","type":"product","link":"https:\/\/www.billigtrikotde.com\/nl\/herren-brasilien-fifa-wm-katar-2022-heimtrikot-gelb-kurzarm-personalisierbar\/","title":{"rendered":"Heren Brazili\u00eb FIFA Wereldkampioenschap Qatar 2022 thuistrui geel korte mouw Personaliseerbaar"},"content":{"rendered":"<p>De kleuren van het Nike Brazili\u00eb 2022 WK thuistrui doen denken aan het WK-winnaarstrui van 2002 - het kan worden gezien als een eerbetoon aan de 20e verjaardag van de release ervan.Het Nike Brazili\u00eb 2022 shirt is gebaseerd op het Nike 2022 WK \/ 22-23 sjabloon, waarvan we al een paar voorbeelden hebben gezien bij de topclubs van het merk. Het maakt gebruik van hetzelfde sjabloon als het Chelsea 22-23 shirt.<\/p>\n<p>Tips voor het afdrukken: Als de naam en het nummer op de foto precies zijn wat je wilt, hoef je ze niet opnieuw in te voeren. Zo niet, dan moet je de gewenste naam en het gewenste nummer invoeren.<\/p>\n<p>Wastips: Het wordt aanbevolen om voetbalshirts met de hand te wassen. Als je de wasmachine wilt gebruiken, denk er dan aan om voetbalshirts binnenstebuiten te draaien en vervolgens te wassen. Vul de machine met koud water en gebruik een fijnwasprogramma om de kleuren beter te beschermen.<\/p>","protected":false},"excerpt":{"rendered":"<p>Die Farben des Nike Brazil 2022 World Cup Heimtrikots erinnern an das Trikot des WM-Siegers von 2002 \u2013 es kann als eine Hommage an das 20-j\u00e4hrige Jubil\u00e4um seiner Ver\u00f6ffentlichung gesehen werden.Das Nike Brasilien 2022 Trikot basiert auf dem Nike 2022 World Cup \/ 22-23 Template, von dem wir bereits einige Beispiele bei den Top-Klubs der [&hellip;]<\/p>","protected":false},"featured_media":10058,"comment_status":"open","ping_status":"closed","template":"","meta":[],"product_brand":[],"product_cat":[112],"product_tag":[20,113,114,405,407,222,21,22,23,24],"class_list":{"0":"post-10018","1":"product","2":"type-product","3":"status-publish","4":"has-post-thumbnail","6":"product_cat-brasilien-trikots","7":"product_tag-coole-fussballtrikots","8":"product_tag-brasilien-heimtrikot","9":"product_tag-brasilien-trikots","10":"product_tag-fifa-wm-katar-2022","11":"product_tag-fifa-wm-katar-2022-trikot","12":"product_tag-fussball-wm-2022-trikots","13":"product_tag-fussballtrikot-fuer-herren","14":"product_tag-fussballtrikot-guenstig-kaufen","15":"product_tag-fussballtrikot-kurzarm","16":"product_tag-guenstiges-fussballtrikot","18":"first","19":"instock","20":"shipping-taxable","21":"purchasable","22":"product-type-variable"},"_links":{"self":[{"href":"https:\/\/www.billigtrikotde.com\/nl\/wp-json\/wp\/v2\/product\/10018","targetHints":{"allow":["GET"]}}],"collection":[{"href":"https:\/\/www.billigtrikotde.com\/nl\/wp-json\/wp\/v2\/product"}],"about":[{"href":"https:\/\/www.billigtrikotde.com\/nl\/wp-json\/wp\/v2\/types\/product"}],"replies":[{"embeddable":true,"href":"https:\/\/www.billigtrikotde.com\/nl\/wp-json\/wp\/v2\/comments?post=10018"}],"wp:featuredmedia":[{"embeddable":true,"href":"https:\/\/www.billigtrikotde.com\/nl\/wp-json\/wp\/v2\/media\/10058"}],"wp:attachment":[{"href":"https:\/\/www.billigtrikotde.com\/nl\/wp-json\/wp\/v2\/media?parent=10018"}],"wp:term":[{"taxonomy":"product_brand","embeddable":true,"href":"https:\/\/www.billigtrikotde.com\/nl\/wp-json\/wp\/v2\/product_brand?post=10018"},{"taxonomy":"product_cat","embeddable":true,"href":"https:\/\/www.billigtrikotde.com\/nl\/wp-json\/wp\/v2\/product_cat?post=10018"},{"taxonomy":"product_tag","embeddable":true,"href":"https:\/\/www.billigtrikotde.com\/nl\/wp-json\/wp\/v2\/product_tag?post=10018"}],"curies":[{"name":"wp","href":"https:\/\/api.w.org\/{rel}","templated":true}]}}