{"id":9897,"date":"2024-10-24T02:50:30","date_gmt":"2024-10-24T00:50:30","guid":{"rendered":"http:\/\/billigtrikots.com\/?post_type=product&#038;p=9897"},"modified":"2024-10-24T02:52:43","modified_gmt":"2024-10-24T00:52:43","slug":"brasilien-fifa-wm-katar-2022-heimtrikot-gelb-kurzarm-fussballtrikot-fuer-herren","status":"publish","type":"product","link":"https:\/\/www.billigtrikotde.com\/it\/brasilien-fifa-wm-katar-2022-heimtrikot-gelb-kurzarm-fussballtrikot-fuer-herren\/","title":{"rendered":"Brasile Coppa del Mondo FIFA Qatar 2022 Home Shirt giallo Maglia da calcio a maniche corte per uomo"},"content":{"rendered":"<p>I colori della maglia Nike Brazil 2022 World Cup home ricordano la maglia del vincitore della Coppa del Mondo del 2002 - pu\u00f2 essere visto come un tributo al 20\u00b0 anniversario della sua uscita.La maglia Nike Brazil 2022 si basa sul modello Nike 2022 World Cup \/ 22-23, di cui abbiamo gi\u00e0 visto alcuni esempi nei top club del marchio. Utilizza lo stesso modello della maglia 22-23 del Chelsea.<\/p>\n<p>Suggerimenti per la stampa: Se il nome e il numero dell'immagine sono esattamente quelli desiderati, non \u00e8 necessario inserirli nuovamente. In caso contrario, \u00e8 necessario inserire il nome e il numero desiderati.<\/p>\n<p>Consigli per il lavaggio: Si consiglia di lavare le magliette da calcio a mano. Se si desidera utilizzare la lavatrice, ricordarsi di capovolgere le magliette da calcio e poi lavarle. Riempire la macchina con acqua fredda e utilizzare un ciclo delicato per proteggere meglio i colori.<\/p>","protected":false},"excerpt":{"rendered":"<p>Die Farben des Nike Brazil 2022 World Cup Heimtrikots erinnern an das Trikot des WM-Siegers von 2002 &#8211; es kann als eine Hommage an das 20-j\u00e4hrige Jubil\u00e4um seiner Ver\u00f6ffentlichung gesehen werden.Das Nike Brasilien 2022 Trikot basiert auf dem Nike 2022 World Cup \/ 22-23 Template, von dem wir bereits einige Beispiele bei den Top-Klubs der [&hellip;]<\/p>","protected":false},"featured_media":9936,"comment_status":"open","ping_status":"closed","template":"","meta":[],"product_brand":[],"product_cat":[112],"product_tag":[20,113,114,405,407,222,21,22,23,24],"class_list":{"0":"post-9897","1":"product","2":"type-product","3":"status-publish","4":"has-post-thumbnail","6":"product_cat-brasilien-trikots","7":"product_tag-coole-fussballtrikots","8":"product_tag-brasilien-heimtrikot","9":"product_tag-brasilien-trikots","10":"product_tag-fifa-wm-katar-2022","11":"product_tag-fifa-wm-katar-2022-trikot","12":"product_tag-fussball-wm-2022-trikots","13":"product_tag-fussballtrikot-fuer-herren","14":"product_tag-fussballtrikot-guenstig-kaufen","15":"product_tag-fussballtrikot-kurzarm","16":"product_tag-guenstiges-fussballtrikot","18":"first","19":"instock","20":"shipping-taxable","21":"purchasable","22":"product-type-variable"},"_links":{"self":[{"href":"https:\/\/www.billigtrikotde.com\/it\/wp-json\/wp\/v2\/product\/9897","targetHints":{"allow":["GET"]}}],"collection":[{"href":"https:\/\/www.billigtrikotde.com\/it\/wp-json\/wp\/v2\/product"}],"about":[{"href":"https:\/\/www.billigtrikotde.com\/it\/wp-json\/wp\/v2\/types\/product"}],"replies":[{"embeddable":true,"href":"https:\/\/www.billigtrikotde.com\/it\/wp-json\/wp\/v2\/comments?post=9897"}],"wp:featuredmedia":[{"embeddable":true,"href":"https:\/\/www.billigtrikotde.com\/it\/wp-json\/wp\/v2\/media\/9936"}],"wp:attachment":[{"href":"https:\/\/www.billigtrikotde.com\/it\/wp-json\/wp\/v2\/media?parent=9897"}],"wp:term":[{"taxonomy":"product_brand","embeddable":true,"href":"https:\/\/www.billigtrikotde.com\/it\/wp-json\/wp\/v2\/product_brand?post=9897"},{"taxonomy":"product_cat","embeddable":true,"href":"https:\/\/www.billigtrikotde.com\/it\/wp-json\/wp\/v2\/product_cat?post=9897"},{"taxonomy":"product_tag","embeddable":true,"href":"https:\/\/www.billigtrikotde.com\/it\/wp-json\/wp\/v2\/product_tag?post=9897"}],"curies":[{"name":"wp","href":"https:\/\/api.w.org\/{rel}","templated":true}]}}