{"id":9834,"date":"2024-10-24T02:47:30","date_gmt":"2024-10-24T00:47:30","guid":{"rendered":"http:\/\/billigtrikots.com\/?post_type=product&#038;p=9834"},"modified":"2024-10-24T02:49:47","modified_gmt":"2024-10-24T00:49:47","slug":"frankreich-trikot-fifa-wm-katar-2022-auswaertstrikot-weiss-online-shop","status":"publish","type":"product","link":"https:\/\/www.billigtrikotde.com\/it\/frankreich-trikot-fifa-wm-katar-2022-auswaertstrikot-weiss-online-shop\/","title":{"rendered":"Maglia Francia Coppa del Mondo FIFA Qatar 2022 away kit bianco Online-Shop"},"content":{"rendered":"<p>Il font della maglia della Coppa del Mondo Francia 2022 \u00e8 relativamente classico. Le lettere del lettering sono molto standard, mentre i numeri hanno uno stile elegante, e i numeri della Coppa del Mondo Francia 2022 si distinguono dai soliti font perch\u00e9 sono in due tonalit\u00e0 di oro. Questo aspetto \u00e8 simile a quello dello stemma della FFF sul davanti e Nike utilizza un font blu per la maglia da trasferta. Proprio come la maglia, i numeri sono in due tonalit\u00e0 di blu e il nuovo font sar\u00e0 utilizzato dalla Francia per tutte le partite, compresa la Coppa del Mondo 2022.<\/p>\n<p>Suggerimenti per la stampa: Se il nome e il numero dell'immagine sono esattamente quelli desiderati, non \u00e8 necessario inserirli nuovamente. In caso contrario, \u00e8 necessario inserire il nome e il numero desiderati.<\/p>\n<p>Consigli per il lavaggio: Si consiglia di lavare le magliette da calcio a mano. Se si desidera utilizzare la lavatrice, ricordarsi di capovolgere le magliette da calcio e poi lavarle. Riempire la macchina con acqua fredda e utilizzare un ciclo delicato per proteggere meglio i colori.<\/p>","protected":false},"excerpt":{"rendered":"<p>Die Schriftart f\u00fcr das Trikot der Fu\u00dfball-WM 2022 in Frankreich ist relativ klassisch. Die Buchstaben des Schriftzugs sind sehr standardm\u00e4\u00dfig, w\u00e4hrend die Zahlen einen schlanken Stil haben.Die Nummern der WM 2022 in Frankreich heben sich von den \u00fcblichen Schriften ab, weil sie in zwei Goldt\u00f6nen gehalten sind. Dies \u00e4hnelt dem Aussehen des FFF-Wappens auf der [&hellip;]<\/p>","protected":false},"featured_media":9868,"comment_status":"open","ping_status":"closed","template":"","meta":[],"product_brand":[],"product_cat":[117],"product_tag":[20,398,118,119,389,21,22,23,24],"class_list":{"0":"post-9834","1":"product","2":"type-product","3":"status-publish","4":"has-post-thumbnail","6":"product_cat-frankreich-trikots","7":"product_tag-coole-fussballtrikots","8":"product_tag-frankreich-2022-weltmeisterschaft-trikot","9":"product_tag-frankreich-auswaertstrikot","10":"product_tag-frankreich-trikots","11":"product_tag-fussball-wm-2022-trikot","12":"product_tag-fussballtrikot-fuer-herren","13":"product_tag-fussballtrikot-guenstig-kaufen","14":"product_tag-fussballtrikot-kurzarm","15":"product_tag-guenstiges-fussballtrikot","17":"first","18":"instock","19":"shipping-taxable","20":"purchasable","21":"product-type-variable"},"_links":{"self":[{"href":"https:\/\/www.billigtrikotde.com\/it\/wp-json\/wp\/v2\/product\/9834","targetHints":{"allow":["GET"]}}],"collection":[{"href":"https:\/\/www.billigtrikotde.com\/it\/wp-json\/wp\/v2\/product"}],"about":[{"href":"https:\/\/www.billigtrikotde.com\/it\/wp-json\/wp\/v2\/types\/product"}],"replies":[{"embeddable":true,"href":"https:\/\/www.billigtrikotde.com\/it\/wp-json\/wp\/v2\/comments?post=9834"}],"wp:featuredmedia":[{"embeddable":true,"href":"https:\/\/www.billigtrikotde.com\/it\/wp-json\/wp\/v2\/media\/9868"}],"wp:attachment":[{"href":"https:\/\/www.billigtrikotde.com\/it\/wp-json\/wp\/v2\/media?parent=9834"}],"wp:term":[{"taxonomy":"product_brand","embeddable":true,"href":"https:\/\/www.billigtrikotde.com\/it\/wp-json\/wp\/v2\/product_brand?post=9834"},{"taxonomy":"product_cat","embeddable":true,"href":"https:\/\/www.billigtrikotde.com\/it\/wp-json\/wp\/v2\/product_cat?post=9834"},{"taxonomy":"product_tag","embeddable":true,"href":"https:\/\/www.billigtrikotde.com\/it\/wp-json\/wp\/v2\/product_tag?post=9834"}],"curies":[{"name":"wp","href":"https:\/\/api.w.org\/{rel}","templated":true}]}}