{"id":9822,"date":"2024-10-24T02:46:53","date_gmt":"2024-10-24T00:46:53","guid":{"rendered":"http:\/\/billigtrikots.com\/?post_type=product&#038;p=9822"},"modified":"2024-10-24T02:49:11","modified_gmt":"2024-10-24T00:49:11","slug":"herren-england-fifa-wm-katar-2022-weiss-blau-heimtrikot-kurzarm-chilwell-21","status":"publish","type":"product","link":"https:\/\/www.billigtrikotde.com\/it\/herren-england-fifa-wm-katar-2022-weiss-blau-heimtrikot-kurzarm-chilwell-21\/","title":{"rendered":"Maglia da uomo Inghilterra Coppa del Mondo FIFA Qatar 2022 bianco blu a manica corta CHILWELL 21"},"content":{"rendered":"<p>L'Inghilterra 2022 World Cup Nike Home Stadium, che ha una base bianca pulita, trae gran parte della sua vendita dalla sfumatura di colore sulle maniche raglan. Partendo da dietro le spalle, la base bianca inizia una transizione graduale e sbiadita verso il blu, partendo da una tonalit\u00e0 chiara prima di scendere a una tonalit\u00e0 molto profonda intorno alla scollatura rotonda. I toni del blu chiaro e del blu scuro sono applicati in un chiaro disegno a met\u00e0 sui polsini, che ricorda i colori del kit da trasferta della Croazia di quell'anno. Storicamente, il blu scuro utilizzato richiama in qualche modo l'atmosfera dei kit degli anni '90.<\/p>\n<p>Suggerimenti per la stampa: Se il nome e il numero dell'immagine sono esattamente quelli desiderati, non \u00e8 necessario inserirli nuovamente. In caso contrario, \u00e8 necessario inserire il nome e il numero desiderati.<\/p>\n<p>Consigli per il lavaggio: Si consiglia di lavare le magliette da calcio a mano. Se si desidera utilizzare la lavatrice, ricordarsi di capovolgere le magliette da calcio e poi lavarle. Riempire la macchina con acqua fredda e utilizzare un ciclo delicato per proteggere meglio i colori.<\/p>","protected":false},"excerpt":{"rendered":"<p>Das WM 2022 Nike Heimstadion von England, das eine saubere wei\u00dfe Grundlage hat, bezieht einen Gro\u00dfteil seines Verkaufs stattdessen aus der Farbverl\u00e4ufe auf den Raglan\u00e4rmeln. Beginnend hinter den Schultern beginnt die wei\u00dfe Basis einen allm\u00e4hlichen und verblassten \u00dcbergang in Richtung Blau, beginnend mit einem hellen Ton, bevor sie in einen sehr tiefen Ton um den [&hellip;]<\/p>","protected":false},"featured_media":9856,"comment_status":"open","ping_status":"closed","template":"","meta":[],"product_brand":[],"product_cat":[115],"product_tag":[20,363,116,407,21,22,23,24],"class_list":{"0":"post-9822","1":"product","2":"type-product","3":"status-publish","4":"has-post-thumbnail","6":"product_cat-england-trikots","7":"product_tag-coole-fussballtrikots","8":"product_tag-england-2022-world-cup-trikot","9":"product_tag-england-heimtrikot","10":"product_tag-fifa-wm-katar-2022-trikot","11":"product_tag-fussballtrikot-fuer-herren","12":"product_tag-fussballtrikot-guenstig-kaufen","13":"product_tag-fussballtrikot-kurzarm","14":"product_tag-guenstiges-fussballtrikot","16":"first","17":"instock","18":"shipping-taxable","19":"purchasable","20":"product-type-variable"},"_links":{"self":[{"href":"https:\/\/www.billigtrikotde.com\/it\/wp-json\/wp\/v2\/product\/9822","targetHints":{"allow":["GET"]}}],"collection":[{"href":"https:\/\/www.billigtrikotde.com\/it\/wp-json\/wp\/v2\/product"}],"about":[{"href":"https:\/\/www.billigtrikotde.com\/it\/wp-json\/wp\/v2\/types\/product"}],"replies":[{"embeddable":true,"href":"https:\/\/www.billigtrikotde.com\/it\/wp-json\/wp\/v2\/comments?post=9822"}],"wp:featuredmedia":[{"embeddable":true,"href":"https:\/\/www.billigtrikotde.com\/it\/wp-json\/wp\/v2\/media\/9856"}],"wp:attachment":[{"href":"https:\/\/www.billigtrikotde.com\/it\/wp-json\/wp\/v2\/media?parent=9822"}],"wp:term":[{"taxonomy":"product_brand","embeddable":true,"href":"https:\/\/www.billigtrikotde.com\/it\/wp-json\/wp\/v2\/product_brand?post=9822"},{"taxonomy":"product_cat","embeddable":true,"href":"https:\/\/www.billigtrikotde.com\/it\/wp-json\/wp\/v2\/product_cat?post=9822"},{"taxonomy":"product_tag","embeddable":true,"href":"https:\/\/www.billigtrikotde.com\/it\/wp-json\/wp\/v2\/product_tag?post=9822"}],"curies":[{"name":"wp","href":"https:\/\/api.w.org\/{rel}","templated":true}]}}