{"id":9762,"date":"2024-10-24T02:43:51","date_gmt":"2024-10-24T00:43:51","guid":{"rendered":"http:\/\/billigtrikots.com\/?post_type=product&#038;p=9762"},"modified":"2024-10-24T02:46:10","modified_gmt":"2024-10-24T00:46:10","slug":"mexiko-fifa-wm-katar-2022-heimtrikot-gruen-kurzarm-mit-namen-alvarez-30","status":"publish","type":"product","link":"https:\/\/www.billigtrikotde.com\/it\/mexiko-fifa-wm-katar-2022-heimtrikot-gruen-kurzarm-mit-namen-alvarez-30\/","title":{"rendered":"Messico Coppa del Mondo FIFA Qatar 2022 maglia home verde a maniche corte con nome ALVAREZ 30"},"content":{"rendered":"<p>\u00c8 la prima volta da molti anni che l'Italia avr\u00e0 una maglia verde. La maglia del Mondiale 2018 era verde e un'amichevole contro l'Argentina nello stesso anno \u00e8 stata l'ultima volta che la nazionale italiana ha indossato una maglia verde. La maglia delle Olimpiadi, indossata dalla nazionale U24 questa estate e non prodotta da Adidas, era anch'essa verde.<br \/>\nLa maglia del Mondiale 2022 dell'Italia Adidas \u00e8 verde con pantaloncini bianchi e calzettoni rossi, riportando cos\u00ec i colori iconici dell'Italia.<\/p>\n<p>La caratteristica principale del design della maglia casalinga del 2022 dell'Italia \u00e8 una stampa grafica sottile sulla parte superiore e sulle maniche, ispirata al Quetzalcoatl.<br \/>\nNella cultura italiana, Quetzalcoatl \u00e8 il dio del vento, protettore dei sacerdoti e inventore di calendari e libri. Occasionalmente viene anche rappresentato come simbolo della morte e della resurrezione. Una grafica di Quetzalcoatl si trova anche sul retro sotto il colletto.<\/p>\n<p>Suggerimenti per la stampa: Se il nome e il numero dell'immagine sono esattamente quelli desiderati, non \u00e8 necessario inserirli nuovamente. In caso contrario, \u00e8 necessario inserire il nome e il numero desiderati.<\/p>\n<p>Consigli per il lavaggio: Si consiglia di lavare le magliette da calcio a mano. Se si desidera utilizzare la lavatrice, ricordarsi di capovolgere le magliette da calcio e poi lavarle. Riempire la macchina con acqua fredda e utilizzare un ciclo delicato per proteggere meglio i colori.<\/p>","protected":false},"excerpt":{"rendered":"<p>\u00c8 la prima volta da molti anni che l'Italia avr\u00e0 una maglia verde. La maglia del Mondiale 2018 era verde e un'amichevole contro l'Argentina nello stesso anno \u00e8 stata l'ultima volta che la nazionale italiana ha indossato una maglia verde. La maglia delle Olimpiadi, indossata dalla nazionale U24 questa estate e non prodotta da Adidas, era anch'essa verde.<\/p>","protected":false},"featured_media":9796,"comment_status":"open","ping_status":"closed","template":"","meta":[],"product_brand":[],"product_cat":[251],"product_tag":[20,405,21,22,23,24,252,406,253],"class_list":{"0":"post-9762","1":"product","2":"type-product","3":"status-publish","4":"has-post-thumbnail","6":"product_cat-mexiko-trikots","7":"product_tag-coole-fussballtrikots","8":"product_tag-fifa-wm-katar-2022","9":"product_tag-fussballtrikot-fuer-herren","10":"product_tag-fussballtrikot-guenstig-kaufen","11":"product_tag-fussballtrikot-kurzarm","12":"product_tag-guenstiges-fussballtrikot","13":"product_tag-mexiko-2022-trikots","14":"product_tag-mexiko-2022-wm-heimtrikot","15":"product_tag-mexiko-heimtrikot","17":"first","18":"instock","19":"shipping-taxable","20":"purchasable","21":"product-type-variable"},"_links":{"self":[{"href":"https:\/\/www.billigtrikotde.com\/it\/wp-json\/wp\/v2\/product\/9762","targetHints":{"allow":["GET"]}}],"collection":[{"href":"https:\/\/www.billigtrikotde.com\/it\/wp-json\/wp\/v2\/product"}],"about":[{"href":"https:\/\/www.billigtrikotde.com\/it\/wp-json\/wp\/v2\/types\/product"}],"replies":[{"embeddable":true,"href":"https:\/\/www.billigtrikotde.com\/it\/wp-json\/wp\/v2\/comments?post=9762"}],"wp:featuredmedia":[{"embeddable":true,"href":"https:\/\/www.billigtrikotde.com\/it\/wp-json\/wp\/v2\/media\/9796"}],"wp:attachment":[{"href":"https:\/\/www.billigtrikotde.com\/it\/wp-json\/wp\/v2\/media?parent=9762"}],"wp:term":[{"taxonomy":"product_brand","embeddable":true,"href":"https:\/\/www.billigtrikotde.com\/it\/wp-json\/wp\/v2\/product_brand?post=9762"},{"taxonomy":"product_cat","embeddable":true,"href":"https:\/\/www.billigtrikotde.com\/it\/wp-json\/wp\/v2\/product_cat?post=9762"},{"taxonomy":"product_tag","embeddable":true,"href":"https:\/\/www.billigtrikotde.com\/it\/wp-json\/wp\/v2\/product_tag?post=9762"}],"curies":[{"name":"wp","href":"https:\/\/api.w.org\/{rel}","templated":true}]}}