{"id":9683,"date":"2024-10-24T02:39:43","date_gmt":"2024-10-24T00:39:43","guid":{"rendered":"http:\/\/billigtrikots.com\/?post_type=product&#038;p=9683"},"modified":"2024-10-24T02:41:57","modified_gmt":"2024-10-24T00:41:57","slug":"herren-mexiko-fifa-wm-katar-2022-auswaertstrikot-weiss-rot-kurzarm-n-araujo-2","status":"publish","type":"product","link":"https:\/\/www.billigtrikotde.com\/it\/herren-mexiko-fifa-wm-katar-2022-auswaertstrikot-weiss-rot-kurzarm-n-araujo-2\/","title":{"rendered":"Uomini Messico FIFA World Cup Qatar 2022 Maglia in trasferta bianca rossa manica corta N.ARAUJO 2"},"content":{"rendered":"<p>Evoca il tuo spirito combattivo per arrivare in cima al mondo del calcio. Per farlo, abbiamo dato a questa maglia adidas Mexico away per bambini e ragazzi un look ispirato alle divinit\u00e0 mixteche e azteche. In mezzo a questo accattivante design all-over c'\u00e8 il corpo di serpente di Quetzalcoatl, una rappresentazione della forza fisica dell'umanit\u00e0. Gli inserti in mesh e la tecnologia AEROREADY che assorbe l'umidit\u00e0 garantiscono una calzata confortevole. E il nuovissimo logo del club \u00e8 una dichiarazione d'amore per i tifosi.<\/p>\n<p>Suggerimenti per la stampa: Se il nome e il numero dell'immagine sono esattamente quelli desiderati, non \u00e8 necessario inserirli nuovamente. In caso contrario, \u00e8 necessario inserire il nome e il numero desiderati.<\/p>\n<p>Consigli per il lavaggio: Si consiglia di lavare le magliette da calcio a mano. Se si desidera utilizzare la lavatrice, ricordarsi di capovolgere le magliette da calcio e poi lavarle. Riempire la macchina con acqua fredda e utilizzare un ciclo delicato per proteggere meglio i colori.<\/p>","protected":false},"excerpt":{"rendered":"<p>Invoca il tuo spirito combattivo per arrivare fino alla siringa mondiale del calcio. Per questo abbiamo dato a questa maglia da trasferta adidas Messico per bambini e adolescenti un aspetto ispirato a Mixteken e alle divinit\u00e0 azteche. In mezzo a questo design vistoso in tutto il tessuto si pu\u00f2 trovare anche il corpo serpente di Quetzalcoatl \u2013 una rappresentazione delle capacit\u00e0 fisiche dell'umanit\u00e0. Gli inserti in mesh e l'assorbimento dell'umidit\u00e0 [...]<\/p>","protected":false},"featured_media":9722,"comment_status":"open","ping_status":"closed","template":"","meta":[],"product_brand":[],"product_cat":[251],"product_tag":[20,405,21,22,23,24,252,360,364],"class_list":{"0":"post-9683","1":"product","2":"type-product","3":"status-publish","4":"has-post-thumbnail","6":"product_cat-mexiko-trikots","7":"product_tag-coole-fussballtrikots","8":"product_tag-fifa-wm-katar-2022","9":"product_tag-fussballtrikot-fuer-herren","10":"product_tag-fussballtrikot-guenstig-kaufen","11":"product_tag-fussballtrikot-kurzarm","12":"product_tag-guenstiges-fussballtrikot","13":"product_tag-mexiko-2022-trikots","14":"product_tag-mexiko-2022-wm-auswaertstrikot","15":"product_tag-mexiko-auswaertstrikot","17":"first","18":"instock","19":"shipping-taxable","20":"purchasable","21":"product-type-variable"},"_links":{"self":[{"href":"https:\/\/www.billigtrikotde.com\/it\/wp-json\/wp\/v2\/product\/9683","targetHints":{"allow":["GET"]}}],"collection":[{"href":"https:\/\/www.billigtrikotde.com\/it\/wp-json\/wp\/v2\/product"}],"about":[{"href":"https:\/\/www.billigtrikotde.com\/it\/wp-json\/wp\/v2\/types\/product"}],"replies":[{"embeddable":true,"href":"https:\/\/www.billigtrikotde.com\/it\/wp-json\/wp\/v2\/comments?post=9683"}],"wp:featuredmedia":[{"embeddable":true,"href":"https:\/\/www.billigtrikotde.com\/it\/wp-json\/wp\/v2\/media\/9722"}],"wp:attachment":[{"href":"https:\/\/www.billigtrikotde.com\/it\/wp-json\/wp\/v2\/media?parent=9683"}],"wp:term":[{"taxonomy":"product_brand","embeddable":true,"href":"https:\/\/www.billigtrikotde.com\/it\/wp-json\/wp\/v2\/product_brand?post=9683"},{"taxonomy":"product_cat","embeddable":true,"href":"https:\/\/www.billigtrikotde.com\/it\/wp-json\/wp\/v2\/product_cat?post=9683"},{"taxonomy":"product_tag","embeddable":true,"href":"https:\/\/www.billigtrikotde.com\/it\/wp-json\/wp\/v2\/product_tag?post=9683"}],"curies":[{"name":"wp","href":"https:\/\/api.w.org\/{rel}","templated":true}]}}