{"id":9202,"date":"2024-10-24T02:15:28","date_gmt":"2024-10-24T00:15:28","guid":{"rendered":"http:\/\/billigtrikots.com\/?post_type=product&#038;p=9202"},"modified":"2024-10-24T02:17:43","modified_gmt":"2024-10-24T00:17:43","slug":"herren-niederlande-heimtrikot-wm-2022-fussballtrikot-orange-kurzarm-mit-aufdruck-virgil-4","status":"publish","type":"product","link":"https:\/\/www.billigtrikotde.com\/it\/herren-niederlande-heimtrikot-wm-2022-fussballtrikot-orange-kurzarm-mit-aufdruck-virgil-4\/","title":{"rendered":"Maglietta da uomo Paesi Bassi maglia casalinga Mondiale 2022 Maglietta arancione a maniche corte con stampa VIRGIL 4"},"content":{"rendered":"<p>Guarda la maglia Nike per la Coppa del Mondo 2022 in Olanda.<\/p>\n<p>La maglia Nike Olanda 2022 ha una tonalit\u00e0 di arancione diversa rispetto alle precedenti maglie di casa Nike \u2013 la maglia Nike Olanda 2022 \u00e8 'Laser Orange', un colore giallo-arancione molto vivace. Una seconda tonalit\u00e0 di arancione, pi\u00f9 scura e 'pi\u00f9 tradizionale', viene utilizzata per la grafica.<\/p>\n<p>La caratteristica distintiva \u00e8 un design grafico su tutta la maglia, ispirato alla pelliccia di un leone. Secondo Nike, il design 'tornado' non ricorda solo la criniera del leone, ma rappresenta anche la fluidit\u00e0 del sistema tattico del Total Football.<\/p>\n<p>Suggerimenti per la stampa: Se il nome e il numero dell'immagine sono esattamente quelli desiderati, non \u00e8 necessario inserirli nuovamente. In caso contrario, \u00e8 necessario inserire il nome e il numero desiderati.<\/p>\n<p>Consigli per il lavaggio: Si consiglia di lavare le magliette da calcio a mano. Se si desidera utilizzare la lavatrice, ricordarsi di capovolgere le magliette da calcio e poi lavarle. Riempire la macchina con acqua fredda e utilizzare un ciclo delicato per proteggere meglio i colori.<\/p>","protected":false},"excerpt":{"rendered":"<p>Guarda la maglia Nike per la Coppa del Mondo 2022 in Olanda. La maglia Nike Olanda 2022 ha una tonalit\u00e0 di arancione diversa rispetto alle maglie di casa Nike precedenti \u2013 la maglia Nike Olanda 2022 \u00e8 'Laser Orange', che \u00e8 un colore giallo-arancione molto vivace. Una seconda tonalit\u00e0 di arancione, pi\u00f9 scura e 'pi\u00f9 tradizionale', viene utilizzata per la grafica. La caratteristica distintiva \u00e8 [\u2026]<\/p>","protected":false},"featured_media":9242,"comment_status":"open","ping_status":"closed","template":"","meta":[],"product_brand":[],"product_cat":[219],"product_tag":[20,222,21,22,23,24,392,221],"class_list":{"0":"post-9202","1":"product","2":"type-product","3":"status-publish","4":"has-post-thumbnail","6":"product_cat-niederlande-trikots","7":"product_tag-coole-fussballtrikots","8":"product_tag-fussball-wm-2022-trikots","9":"product_tag-fussballtrikot-fuer-herren","10":"product_tag-fussballtrikot-guenstig-kaufen","11":"product_tag-fussballtrikot-kurzarm","12":"product_tag-guenstiges-fussballtrikot","13":"product_tag-niederlande-heimtrikot","14":"product_tag-niederlande-trikots","16":"first","17":"instock","18":"shipping-taxable","19":"purchasable","20":"product-type-variable"},"_links":{"self":[{"href":"https:\/\/www.billigtrikotde.com\/it\/wp-json\/wp\/v2\/product\/9202","targetHints":{"allow":["GET"]}}],"collection":[{"href":"https:\/\/www.billigtrikotde.com\/it\/wp-json\/wp\/v2\/product"}],"about":[{"href":"https:\/\/www.billigtrikotde.com\/it\/wp-json\/wp\/v2\/types\/product"}],"replies":[{"embeddable":true,"href":"https:\/\/www.billigtrikotde.com\/it\/wp-json\/wp\/v2\/comments?post=9202"}],"wp:featuredmedia":[{"embeddable":true,"href":"https:\/\/www.billigtrikotde.com\/it\/wp-json\/wp\/v2\/media\/9242"}],"wp:attachment":[{"href":"https:\/\/www.billigtrikotde.com\/it\/wp-json\/wp\/v2\/media?parent=9202"}],"wp:term":[{"taxonomy":"product_brand","embeddable":true,"href":"https:\/\/www.billigtrikotde.com\/it\/wp-json\/wp\/v2\/product_brand?post=9202"},{"taxonomy":"product_cat","embeddable":true,"href":"https:\/\/www.billigtrikotde.com\/it\/wp-json\/wp\/v2\/product_cat?post=9202"},{"taxonomy":"product_tag","embeddable":true,"href":"https:\/\/www.billigtrikotde.com\/it\/wp-json\/wp\/v2\/product_tag?post=9202"}],"curies":[{"name":"wp","href":"https:\/\/api.w.org\/{rel}","templated":true}]}}