{"id":8880,"date":"2024-10-24T01:58:38","date_gmt":"2024-10-23T23:58:38","guid":{"rendered":"http:\/\/billigtrikots.com\/?post_type=product&#038;p=8880"},"modified":"2024-10-24T02:01:20","modified_gmt":"2024-10-24T00:01:20","slug":"herren-belgien-wm-2022-heimtrikot-rot-schwarz-trikotsatz-mit-aufdruck-mertens-14","status":"publish","type":"product","link":"https:\/\/www.billigtrikotde.com\/it\/herren-belgien-wm-2022-heimtrikot-rot-schwarz-trikotsatz-mit-aufdruck-mertens-14\/","title":{"rendered":"Uomini Belgio Mondiale 2022 maglia casalinga rossa nera set di maglie con stampa MERTENS 14"},"content":{"rendered":"<p>Questa squadra promette di far scoppiare dei veri e propri fuochi d'artificio calcistici al torneo pi\u00f9 importante del mondo. La maglia home del Belgio \u00e8 ispirata al soprannome della nazionale e presenta fiamme rosse e gialle sulle maniche nere. La versione per i tifosi \u00e8 dotata di inserti in rete e AEROREADY che assorbono l'umidit\u00e0, per una sensazione di piacevole asciutto. Inoltre, il logo a 3 strisce e il logo intrecciato della Belgian Football Association emanano un'atmosfera moderna.<\/p>\n<p>Suggerimenti per la stampa: Se il nome e il numero dell'immagine sono esattamente quelli desiderati, non \u00e8 necessario inserirli nuovamente. In caso contrario, \u00e8 necessario inserire il nome e il numero desiderati.<\/p>\n<p>Consigli per il lavaggio: Si consiglia di lavare le magliette da calcio a mano. Se si desidera utilizzare la lavatrice, ricordarsi di capovolgere le magliette da calcio e poi lavarle. Riempire la macchina con acqua fredda e utilizzare un ciclo delicato per proteggere meglio i colori.<\/p>","protected":false},"excerpt":{"rendered":"<p>Questa squadra promette di far scoppiare dei veri e propri fuochi d'artificio calcistici al torneo pi\u00f9 importante del mondo. La maglia home del Belgio \u00e8 ispirata al soprannome della nazionale e presenta fiamme rosse e gialle sulle maniche nere. La versione per i tifosi \u00e8 dotata di inserti in rete e AEROREADY che assorbono l'umidit\u00e0, per una sensazione di piacevole asciutto. Inoltre, il logo a 3 strisce e il logo intrecciato della Belgian Football Association emanano un'atmosfera moderna.<\/p>","protected":false},"featured_media":8918,"comment_status":"open","ping_status":"closed","template":"","meta":[],"product_brand":[],"product_cat":[173],"product_tag":[382,120,20,21,22,23,24],"class_list":{"0":"post-8880","1":"product","2":"type-product","3":"status-publish","4":"has-post-thumbnail","6":"product_cat-belgien-trikots","7":"product_tag-belgien-heimtrikot","8":"product_tag-belgien-trikots","9":"product_tag-coole-fussballtrikots","10":"product_tag-fussballtrikot-fuer-herren","11":"product_tag-fussballtrikot-guenstig-kaufen","12":"product_tag-fussballtrikot-kurzarm","13":"product_tag-guenstiges-fussballtrikot","15":"first","16":"instock","17":"shipping-taxable","18":"purchasable","19":"product-type-variable"},"_links":{"self":[{"href":"https:\/\/www.billigtrikotde.com\/it\/wp-json\/wp\/v2\/product\/8880","targetHints":{"allow":["GET"]}}],"collection":[{"href":"https:\/\/www.billigtrikotde.com\/it\/wp-json\/wp\/v2\/product"}],"about":[{"href":"https:\/\/www.billigtrikotde.com\/it\/wp-json\/wp\/v2\/types\/product"}],"replies":[{"embeddable":true,"href":"https:\/\/www.billigtrikotde.com\/it\/wp-json\/wp\/v2\/comments?post=8880"}],"wp:featuredmedia":[{"embeddable":true,"href":"https:\/\/www.billigtrikotde.com\/it\/wp-json\/wp\/v2\/media\/8918"}],"wp:attachment":[{"href":"https:\/\/www.billigtrikotde.com\/it\/wp-json\/wp\/v2\/media?parent=8880"}],"wp:term":[{"taxonomy":"product_brand","embeddable":true,"href":"https:\/\/www.billigtrikotde.com\/it\/wp-json\/wp\/v2\/product_brand?post=8880"},{"taxonomy":"product_cat","embeddable":true,"href":"https:\/\/www.billigtrikotde.com\/it\/wp-json\/wp\/v2\/product_cat?post=8880"},{"taxonomy":"product_tag","embeddable":true,"href":"https:\/\/www.billigtrikotde.com\/it\/wp-json\/wp\/v2\/product_tag?post=8880"}],"curies":[{"name":"wp","href":"https:\/\/api.w.org\/{rel}","templated":true}]}}