{"id":8736,"date":"2024-10-24T01:51:38","date_gmt":"2024-10-23T23:51:38","guid":{"rendered":"http:\/\/billigtrikots.com\/?post_type=product&#038;p=8736"},"modified":"2024-10-24T01:53:47","modified_gmt":"2024-10-23T23:53:47","slug":"herren-spanien-wm-2022-heimtrikot-teampower-rot-trikotsatz-mit-aufdruck-rodrigo-16","status":"publish","type":"product","link":"https:\/\/www.billigtrikotde.com\/it\/herren-spanien-wm-2022-heimtrikot-teampower-rot-trikotsatz-mit-aufdruck-rodrigo-16\/","title":{"rendered":"Herren Spanien WM 2022 Heimtrikot Teampower Rot Trikotsatz mit Aufdruck RODRIGO 16"},"content":{"rendered":"<p>Un paese, una squadra, un obiettivo comune: il prossimo titolo. Questa intramontabile maglia home \u00e8 caratterizzata dall'inconfondibile DNA calcistico della Spagna e si presenta con i tipici colori rossi della squadra. Il logo della federazione calcistica spagnola e il logo a 3 strisce sul petto completano il design. Inoltre, la tecnologia AEROREADY che assorbe l'umidit\u00e0 assicura una vestibilit\u00e0 confortevole quando i tifosi tifano per il pi\u00f9 grande evento calcistico del mondo.<br \/>\nAmpliate la vostra collezione di Spagna con la maglia home indossata dai giocatori ai Mondiali. Vi consigliamo questo modello traspirante, super confortevole e con una piacevole sensazione al tatto. Questa maglia \u00e8 ideale per prepararsi al prossimo avversario. Si distingue visivamente per il logo dell'associazione sul petto.<\/p>\n<p>Suggerimenti per la stampa: Se il nome e il numero dell'immagine sono esattamente quelli desiderati, non \u00e8 necessario inserirli nuovamente. In caso contrario, \u00e8 necessario inserire il nome e il numero desiderati.<\/p>\n<p>Consigli per il lavaggio: Si consiglia di lavare le magliette da calcio a mano. Se si desidera utilizzare la lavatrice, ricordarsi di capovolgere le magliette da calcio e poi lavarle. Riempire la macchina con acqua fredda e utilizzare un ciclo delicato per proteggere meglio i colori.<\/p>","protected":false},"excerpt":{"rendered":"<p>Una nazione, una squadra, un obiettivo comune: il prossimo titolo. Questa maglietta di casa senza tempo sprizza di DNA calcistico inconfondibile della Spagna ed \u00e8 realizzata nei tipici colori rossi della squadra. Il logo ricamato della federazione calcistica spagnola e il logo a tre strisce sul petto completano il design. Inoltre, la tecnologia assorbente di umidit\u00e0 AEROREADY garantisce una sensazione di comfort durante l'uso, quando [...]<\/p>","protected":false},"featured_media":8775,"comment_status":"open","ping_status":"closed","template":"","meta":[],"product_brand":[],"product_cat":[131],"product_tag":[20,21,22,23,24,385,386],"class_list":{"0":"post-8736","1":"product","2":"type-product","3":"status-publish","4":"has-post-thumbnail","6":"product_cat-spanien-trikots","7":"product_tag-coole-fussballtrikots","8":"product_tag-fussballtrikot-fuer-herren","9":"product_tag-fussballtrikot-guenstig-kaufen","10":"product_tag-fussballtrikot-kurzarm","11":"product_tag-guenstiges-fussballtrikot","12":"product_tag-herren-spanien-trikot","13":"product_tag-spanien-wm-2022-heimtrikot","15":"first","16":"instock","17":"shipping-taxable","18":"purchasable","19":"product-type-variable"},"_links":{"self":[{"href":"https:\/\/www.billigtrikotde.com\/it\/wp-json\/wp\/v2\/product\/8736","targetHints":{"allow":["GET"]}}],"collection":[{"href":"https:\/\/www.billigtrikotde.com\/it\/wp-json\/wp\/v2\/product"}],"about":[{"href":"https:\/\/www.billigtrikotde.com\/it\/wp-json\/wp\/v2\/types\/product"}],"replies":[{"embeddable":true,"href":"https:\/\/www.billigtrikotde.com\/it\/wp-json\/wp\/v2\/comments?post=8736"}],"wp:featuredmedia":[{"embeddable":true,"href":"https:\/\/www.billigtrikotde.com\/it\/wp-json\/wp\/v2\/media\/8775"}],"wp:attachment":[{"href":"https:\/\/www.billigtrikotde.com\/it\/wp-json\/wp\/v2\/media?parent=8736"}],"wp:term":[{"taxonomy":"product_brand","embeddable":true,"href":"https:\/\/www.billigtrikotde.com\/it\/wp-json\/wp\/v2\/product_brand?post=8736"},{"taxonomy":"product_cat","embeddable":true,"href":"https:\/\/www.billigtrikotde.com\/it\/wp-json\/wp\/v2\/product_cat?post=8736"},{"taxonomy":"product_tag","embeddable":true,"href":"https:\/\/www.billigtrikotde.com\/it\/wp-json\/wp\/v2\/product_tag?post=8736"}],"curies":[{"name":"wp","href":"https:\/\/api.w.org\/{rel}","templated":true}]}}