{"id":8684,"date":"2024-10-24T01:49:10","date_gmt":"2024-10-23T23:49:10","guid":{"rendered":"http:\/\/billigtrikots.com\/?post_type=product&#038;p=8684"},"modified":"2024-10-24T01:51:28","modified_gmt":"2024-10-23T23:51:28","slug":"herren-spanien-wm-2022-23-auswaertstrikot-trikotsatz-mit-aufdruck-pedro-10","status":"publish","type":"product","link":"https:\/\/www.billigtrikotde.com\/it\/herren-spanien-wm-2022-23-auswaertstrikot-trikotsatz-mit-aufdruck-pedro-10\/","title":{"rendered":"Uomini Spagna WM 2022-23 Maglia esterna Trikotsatz con stampa PEDRO 10"},"content":{"rendered":"<p>Pronti a salire sul trono del calcio. La grafica dolcemente ondulata di questa maglia adidas per bambini e ragazzi fa riferimento al logo art d\u00e9co che ha accolto le squadre qualificate in Spagna nel 1982. Il design \u00e8 completato dal nuovo logo della federazione spagnola e dal logo adidas 3-Stripes al centro del petto. E per mantenere il comfort durante il tifo, la versione da tifoso \u00e8 dotata della tecnologia AEROREADY che assorbe l'umidit\u00e0 per un comfort asciutto.<\/p>\n<p>Suggerimenti per la stampa: Se il nome e il numero dell'immagine sono esattamente quelli desiderati, non \u00e8 necessario inserirli nuovamente. In caso contrario, \u00e8 necessario inserire il nome e il numero desiderati.<\/p>\n<p>Consigli per il lavaggio: Si consiglia di lavare le magliette da calcio a mano. Se si desidera utilizzare la lavatrice, ricordarsi di capovolgere le magliette da calcio e poi lavarle. Riempire la macchina con acqua fredda e utilizzare un ciclo delicato per proteggere meglio i colori.<\/p>","protected":false},"excerpt":{"rendered":"<p>Pronto a salire sul trono del calcio. La grafica leggermente ondulata su questa maglietta adidas per bambini e adolescenti \u00e8 un riferimento al logo art-d\u00e9co, che nel 1982 accolse le squadre qualificate in Italia. Il design \u00e8 completato dal logo della federazione italiana tessuto in modo nuovo e dal logo a 3 strisce adidas al centro sul petto. E cos\u00ec [\u2026]<\/p>","protected":false},"featured_media":8725,"comment_status":"open","ping_status":"closed","template":"","meta":[],"product_brand":[],"product_cat":[131],"product_tag":[20,21,22,23,24,359],"class_list":{"0":"post-8684","1":"product","2":"type-product","3":"status-publish","4":"has-post-thumbnail","6":"product_cat-spanien-trikots","7":"product_tag-coole-fussballtrikots","8":"product_tag-fussballtrikot-fuer-herren","9":"product_tag-fussballtrikot-guenstig-kaufen","10":"product_tag-fussballtrikot-kurzarm","11":"product_tag-guenstiges-fussballtrikot","12":"product_tag-spanien-wm-2022-auswaertstrikot","14":"first","15":"instock","16":"shipping-taxable","17":"purchasable","18":"product-type-variable"},"_links":{"self":[{"href":"https:\/\/www.billigtrikotde.com\/it\/wp-json\/wp\/v2\/product\/8684","targetHints":{"allow":["GET"]}}],"collection":[{"href":"https:\/\/www.billigtrikotde.com\/it\/wp-json\/wp\/v2\/product"}],"about":[{"href":"https:\/\/www.billigtrikotde.com\/it\/wp-json\/wp\/v2\/types\/product"}],"replies":[{"embeddable":true,"href":"https:\/\/www.billigtrikotde.com\/it\/wp-json\/wp\/v2\/comments?post=8684"}],"wp:featuredmedia":[{"embeddable":true,"href":"https:\/\/www.billigtrikotde.com\/it\/wp-json\/wp\/v2\/media\/8725"}],"wp:attachment":[{"href":"https:\/\/www.billigtrikotde.com\/it\/wp-json\/wp\/v2\/media?parent=8684"}],"wp:term":[{"taxonomy":"product_brand","embeddable":true,"href":"https:\/\/www.billigtrikotde.com\/it\/wp-json\/wp\/v2\/product_brand?post=8684"},{"taxonomy":"product_cat","embeddable":true,"href":"https:\/\/www.billigtrikotde.com\/it\/wp-json\/wp\/v2\/product_cat?post=8684"},{"taxonomy":"product_tag","embeddable":true,"href":"https:\/\/www.billigtrikotde.com\/it\/wp-json\/wp\/v2\/product_tag?post=8684"}],"curies":[{"name":"wp","href":"https:\/\/api.w.org\/{rel}","templated":true}]}}