{"id":8628,"date":"2024-10-24T01:46:16","date_gmt":"2024-10-23T23:46:16","guid":{"rendered":"http:\/\/billigtrikots.com\/?post_type=product&#038;p=8628"},"modified":"2024-10-24T01:48:29","modified_gmt":"2024-10-23T23:48:29","slug":"kinder-heimtrikot-brasilien-fussball-2022-wm-gelb-trikotsatz-online-personalisierbar","status":"publish","type":"product","link":"https:\/\/www.billigtrikotde.com\/it\/kinder-heimtrikot-brasilien-fussball-2022-wm-gelb-trikotsatz-online-personalisierbar\/","title":{"rendered":"Maglietta casalinga da bambino Brasile Calcio 2022 WM Set di magliette gialle online personalizzabile"},"content":{"rendered":"<p>In vista della partita Brasile-Argentina di domani, sono stati forniti ulteriori dettagli sul design del kit casalingo per i Mondiali di calcio del 2022. La maglia per i Mondiali del 2022 prodotta da Nike sar\u00e0 presentata nella seconda met\u00e0 dell'anno e presenta una nuova combinazione di colori pi\u00f9 vivaci. L'aspetto del colore \u00e8 stato descritto come \"quasi giallo neon\".<\/p>\n<p>Per quanto riguarda il design, la maglia dei Mondiali di calcio Brasile 2022 avr\u00e0 un piccolo colletto tradizionale, colorato di giallo e decorato con una striscia verde e una blu. I colori della maglia Nike Brasile 2022 World Cup home ricordano la maglia del vincitore della Coppa del Mondo del 2002 - pu\u00f2 essere visto come un tributo al 20\u00b0 anniversario della sua uscita. Nike combina la maglia Nike Brasile 2022 con loghi di colore verde turchese brillante (Green Spark) e un ricco blu per i dettagli (Paramount Blue).<\/p>\n<p>Suggerimenti per la stampa: Se il nome e il numero dell'immagine sono esattamente quelli desiderati, non \u00e8 necessario inserirli nuovamente. In caso contrario, \u00e8 necessario inserire il nome e il numero desiderati.<\/p>\n<p>Consigli per il lavaggio: Si consiglia di lavare le magliette da calcio a mano. Se si desidera utilizzare la lavatrice, ricordarsi di capovolgere le magliette da calcio e poi lavarle. Riempire la macchina con acqua fredda e utilizzare un ciclo delicato per proteggere meglio i colori.<\/p>","protected":false},"excerpt":{"rendered":"<p>Prima della partita di domani tra Brasile e Argentina, abbiamo ottenuto informazioni pi\u00f9 dettagliate sul design della maglietta di casa per la WM 2022. La maglietta per la WM 2022, realizzata da Nike, sar\u00e0 presentata nella seconda met\u00e0 dell'anno e avr\u00e0 uno schema di colori pi\u00f9 chiaro e luminoso. La maglietta da calcio Nike Brasile 2022 sostituisce il classico giallo con un giallo brillante, ufficialmente \u00abDynamic [\u2026]<\/p>","protected":false},"featured_media":8667,"comment_status":"open","ping_status":"closed","template":"","meta":[],"product_brand":[],"product_cat":[112],"product_tag":[20,114,222,21,22,23,24,388],"class_list":{"0":"post-8628","1":"product","2":"type-product","3":"status-publish","4":"has-post-thumbnail","6":"product_cat-brasilien-trikots","7":"product_tag-coole-fussballtrikots","8":"product_tag-brasilien-trikots","9":"product_tag-fussball-wm-2022-trikots","10":"product_tag-fussballtrikot-fuer-herren","11":"product_tag-fussballtrikot-guenstig-kaufen","12":"product_tag-fussballtrikot-kurzarm","13":"product_tag-guenstiges-fussballtrikot","14":"product_tag-kinder-heimtrikot-brasilien","16":"first","17":"instock","18":"shipping-taxable","19":"purchasable","20":"product-type-variable"},"_links":{"self":[{"href":"https:\/\/www.billigtrikotde.com\/it\/wp-json\/wp\/v2\/product\/8628","targetHints":{"allow":["GET"]}}],"collection":[{"href":"https:\/\/www.billigtrikotde.com\/it\/wp-json\/wp\/v2\/product"}],"about":[{"href":"https:\/\/www.billigtrikotde.com\/it\/wp-json\/wp\/v2\/types\/product"}],"replies":[{"embeddable":true,"href":"https:\/\/www.billigtrikotde.com\/it\/wp-json\/wp\/v2\/comments?post=8628"}],"wp:featuredmedia":[{"embeddable":true,"href":"https:\/\/www.billigtrikotde.com\/it\/wp-json\/wp\/v2\/media\/8667"}],"wp:attachment":[{"href":"https:\/\/www.billigtrikotde.com\/it\/wp-json\/wp\/v2\/media?parent=8628"}],"wp:term":[{"taxonomy":"product_brand","embeddable":true,"href":"https:\/\/www.billigtrikotde.com\/it\/wp-json\/wp\/v2\/product_brand?post=8628"},{"taxonomy":"product_cat","embeddable":true,"href":"https:\/\/www.billigtrikotde.com\/it\/wp-json\/wp\/v2\/product_cat?post=8628"},{"taxonomy":"product_tag","embeddable":true,"href":"https:\/\/www.billigtrikotde.com\/it\/wp-json\/wp\/v2\/product_tag?post=8628"}],"curies":[{"name":"wp","href":"https:\/\/api.w.org\/{rel}","templated":true}]}}