{"id":8568,"date":"2024-10-24T01:43:17","date_gmt":"2024-10-23T23:43:17","guid":{"rendered":"http:\/\/billigtrikots.com\/?post_type=product&#038;p=8568"},"modified":"2024-10-24T01:45:31","modified_gmt":"2024-10-23T23:45:31","slug":"sterling-7-manchester-city-auswaertstrikot-2022-2023-schwarz-rot-kurzarm-kurze-hosen","status":"publish","type":"product","link":"https:\/\/www.billigtrikotde.com\/it\/sterling-7-manchester-city-auswaertstrikot-2022-2023-schwarz-rot-kurzarm-kurze-hosen\/","title":{"rendered":"STERLING 7 Manchester City away kit 2022\/2023 nero rosso manica corta + pantaloncini"},"content":{"rendered":"<p>Il City ha dato spettacolo. Quando i ragazzi del 1969 scesero in campo, fecero scalpore con il loro calcio impavido e tecnico e con il loro nuovo e audace kit da trasferta. Disegnato dal leggendario Malcolm Allison, le strisce verticali rosse e nere si sono rivelate vincenti nella finale di FA Cup del 1969 e nelle finali di Coppa di Lega e di Coppa delle Coppe europee del 1970, guadagnandosi un posto tra i preferiti dei tifosi di tutti i tempi. La stagione 2022\/23 del Manchester City F.C. La maglia da trasferta infonde nuova energia a un design classico. Per la prima volta, le strisce rosse e nere attraversano la maglia in diagonale, ispirandosi allo stemma del club e alla rappresentazione dei tre fiumi di Manchester.<\/p>\n<p>Suggerimenti per la stampa: Se il nome e il numero dell'immagine sono esattamente quelli desiderati, non \u00e8 necessario inserirli nuovamente. In caso contrario, \u00e8 necessario inserire il nome e il numero desiderati.<\/p>\n<p>Consigli per il lavaggio: Si consiglia di lavare le magliette da calcio a mano. Se si desidera utilizzare la lavatrice, ricordarsi di capovolgere le magliette da calcio e poi lavarle. Riempire la macchina con acqua fredda e utilizzare un ciclo delicato per proteggere meglio i colori.<\/p>","protected":false},"excerpt":{"rendered":"<p>Die Stadt hat eine Show abgezogen. Als die Klasse von 1969 auf die Stra\u00dfe ging, sorgte sie mit ihrem furchtlosen, technisch versierten Fu\u00dfball f\u00fcr Aufsehen \u2013 und ihrem mutigen und brillanten neuen Ausw\u00e4rtstrikot. Die vom legend\u00e4ren Malcolm Allison entworfenen vertikalen Streifen in Rot und Schwarz erwiesen sich beim FA Cup-Finale 1969 und den Endspielen des [&hellip;]<\/p>","protected":false},"featured_media":8607,"comment_status":"open","ping_status":"closed","template":"","meta":[],"product_brand":[],"product_cat":[82],"product_tag":[20,21,22,333,24,334,273,337,84],"class_list":{"0":"post-8568","1":"product","2":"type-product","3":"status-publish","4":"has-post-thumbnail","6":"product_cat-manchester-city","7":"product_tag-coole-fussballtrikots","8":"product_tag-fussballtrikot-fuer-herren","9":"product_tag-fussballtrikot-guenstig-kaufen","10":"product_tag-fussballtrikot-langaermeliges","11":"product_tag-guenstiges-fussballtrikot","12":"product_tag-manchester-city-torwarttrikot","13":"product_tag-manchester-city-trikot-22-23","14":"product_tag-manchester-city-trikot-away","15":"product_tag-manchester-city-trikots","17":"first","18":"instock","19":"shipping-taxable","20":"purchasable","21":"product-type-variable"},"_links":{"self":[{"href":"https:\/\/www.billigtrikotde.com\/it\/wp-json\/wp\/v2\/product\/8568","targetHints":{"allow":["GET"]}}],"collection":[{"href":"https:\/\/www.billigtrikotde.com\/it\/wp-json\/wp\/v2\/product"}],"about":[{"href":"https:\/\/www.billigtrikotde.com\/it\/wp-json\/wp\/v2\/types\/product"}],"replies":[{"embeddable":true,"href":"https:\/\/www.billigtrikotde.com\/it\/wp-json\/wp\/v2\/comments?post=8568"}],"wp:featuredmedia":[{"embeddable":true,"href":"https:\/\/www.billigtrikotde.com\/it\/wp-json\/wp\/v2\/media\/8607"}],"wp:attachment":[{"href":"https:\/\/www.billigtrikotde.com\/it\/wp-json\/wp\/v2\/media?parent=8568"}],"wp:term":[{"taxonomy":"product_brand","embeddable":true,"href":"https:\/\/www.billigtrikotde.com\/it\/wp-json\/wp\/v2\/product_brand?post=8568"},{"taxonomy":"product_cat","embeddable":true,"href":"https:\/\/www.billigtrikotde.com\/it\/wp-json\/wp\/v2\/product_cat?post=8568"},{"taxonomy":"product_tag","embeddable":true,"href":"https:\/\/www.billigtrikotde.com\/it\/wp-json\/wp\/v2\/product_tag?post=8568"}],"curies":[{"name":"wp","href":"https:\/\/api.w.org\/{rel}","templated":true}]}}