{"id":8530,"date":"2024-10-24T01:41:29","date_gmt":"2024-10-23T23:41:29","guid":{"rendered":"http:\/\/billigtrikots.com\/?post_type=product&#038;p=8530"},"modified":"2024-10-24T01:43:42","modified_gmt":"2024-10-23T23:43:42","slug":"england-auswaertstrikots-fuer-die-fussball-weltmeisterschaft-2022-rot-online-kaufen","status":"publish","type":"product","link":"https:\/\/www.billigtrikotde.com\/it\/england-auswaertstrikots-fuer-die-fussball-weltmeisterschaft-2022-rot-online-kaufen\/","title":{"rendered":"Maglie da trasferta dell'Inghilterra per la Coppa del Mondo 2022 rosse Acquista online"},"content":{"rendered":"<p>La maglia da trasferta della Nazionale di calcio dell'Inghilterra 2022 \u00e8 di colore rosso, abbinato a loghi ed elementi di design blu e blu chiaro. \u00c8 il primo kit da trasferta dell'Inghilterra prevalentemente rosso dai Mondiali 2018, con pantaloncini e calzettoni rossi che completano il kit da trasferta dell'Inghilterra per i Mondiali 2022 di Nike.<\/p>\n<p>Suggerimenti per la stampa: Se il nome e il numero dell'immagine sono esattamente quelli desiderati, non \u00e8 necessario inserirli nuovamente. In caso contrario, \u00e8 necessario inserire il nome e il numero desiderati.<\/p>\n<p>Consigli per il lavaggio: Si consiglia di lavare le magliette da calcio a mano. Se si desidera utilizzare la lavatrice, ricordarsi di capovolgere le magliette da calcio e poi lavarle. Riempire la macchina con acqua fredda e utilizzare un ciclo delicato per proteggere meglio i colori.<\/p>","protected":false},"excerpt":{"rendered":"<p>Dies ist das Nike England 2022 World Cup Ausw\u00e4rtstrikot.Das Nike England National Football Team 2022 Ausw\u00e4rtstrikot ist rot, kombiniert mit marineblauen und hellblauen Logos und Designelementen. Es ist das erste haupts\u00e4chlich rote England-Ausw\u00e4rtstrikot seit der Weltmeisterschaft 2018.Rote Hosen und Stutzen vervollst\u00e4ndigen das England 2022 World Cup Ausw\u00e4rtstrikot von Nike. Tipps zum Drucken: Wenn der Name [\u2026]<\/p>","protected":false},"featured_media":8570,"comment_status":"open","ping_status":"closed","template":"","meta":[],"product_brand":[],"product_cat":[115],"product_tag":[20,379,21,22,23,24],"class_list":{"0":"post-8530","1":"product","2":"type-product","3":"status-publish","4":"has-post-thumbnail","6":"product_cat-england-trikots","7":"product_tag-coole-fussballtrikots","8":"product_tag-england-wm-2022-auswaertstrikot","9":"product_tag-fussballtrikot-fuer-herren","10":"product_tag-fussballtrikot-guenstig-kaufen","11":"product_tag-fussballtrikot-kurzarm","12":"product_tag-guenstiges-fussballtrikot","14":"first","15":"instock","16":"shipping-taxable","17":"purchasable","18":"product-type-variable"},"_links":{"self":[{"href":"https:\/\/www.billigtrikotde.com\/it\/wp-json\/wp\/v2\/product\/8530","targetHints":{"allow":["GET"]}}],"collection":[{"href":"https:\/\/www.billigtrikotde.com\/it\/wp-json\/wp\/v2\/product"}],"about":[{"href":"https:\/\/www.billigtrikotde.com\/it\/wp-json\/wp\/v2\/types\/product"}],"replies":[{"embeddable":true,"href":"https:\/\/www.billigtrikotde.com\/it\/wp-json\/wp\/v2\/comments?post=8530"}],"wp:featuredmedia":[{"embeddable":true,"href":"https:\/\/www.billigtrikotde.com\/it\/wp-json\/wp\/v2\/media\/8570"}],"wp:attachment":[{"href":"https:\/\/www.billigtrikotde.com\/it\/wp-json\/wp\/v2\/media?parent=8530"}],"wp:term":[{"taxonomy":"product_brand","embeddable":true,"href":"https:\/\/www.billigtrikotde.com\/it\/wp-json\/wp\/v2\/product_brand?post=8530"},{"taxonomy":"product_cat","embeddable":true,"href":"https:\/\/www.billigtrikotde.com\/it\/wp-json\/wp\/v2\/product_cat?post=8530"},{"taxonomy":"product_tag","embeddable":true,"href":"https:\/\/www.billigtrikotde.com\/it\/wp-json\/wp\/v2\/product_tag?post=8530"}],"curies":[{"name":"wp","href":"https:\/\/api.w.org\/{rel}","templated":true}]}}