{"id":8447,"date":"2024-10-24T01:37:26","date_gmt":"2024-10-23T23:37:26","guid":{"rendered":"http:\/\/billigtrikots.com\/?post_type=product&#038;p=8447"},"modified":"2024-11-18T15:39:36","modified_gmt":"2024-11-18T14:39:36","slug":"fussballtrikots-guenstig-ajax-bob-marley-trikot-2022-23-fuer-herren","status":"publish","type":"product","link":"https:\/\/www.billigtrikotde.com\/it\/fussballtrikots-guenstig-ajax-bob-marley-trikot-2022-23-fuer-herren\/","title":{"rendered":"Maglie da calcio A buon mercato Ajax BOB Marley Camicia 2022-23 Per gli uomini"},"content":{"rendered":"<p>Scopri la maglia da trasferta dell'Ajax Amsterdam per la stagione 2022\/2023. Indossa con orgoglio i colori della tua squadra preferita in campo o fuori.<\/p>\n<p>Una maglia flessibile e leggera con tecnologia Adidas Aeroready, un indumento che impedisce al sudore di penetrare nel gioco o nell'allenamento. Rimanete asciutti dopo le vostre accelerazioni.<\/p>\n<p>Immaginate la folla dell'Amsterdam Arena che vi acclama dopo un bel gol.<\/p>\n<p>Suggerimenti per la stampa: Se il nome e il numero dell'immagine sono esattamente quelli desiderati, non \u00e8 necessario inserirli nuovamente. In caso contrario, \u00e8 necessario inserire il nome e il numero desiderati.<\/p>\n<p>Consigli per il lavaggio: Si consiglia di lavare le magliette da calcio a mano. Se si desidera utilizzare la lavatrice, ricordarsi di capovolgere le magliette da calcio e poi lavarle. Riempire la macchina con acqua fredda e utilizzare un ciclo delicato per proteggere meglio i colori.<\/p>","protected":false},"excerpt":{"rendered":"<p>Entdecke das Ajax-Amsterdam-Ausweichtrikot f\u00fcr die Saison 2022\/2023. Tragen Sie stolz die Farben Ihres Lieblingsteams auf dem Platz oder drau\u00dfen. Ein flexibles und leichtes Trikot mit Adidas Aeroready-Technologie, ein Kleidungsst\u00fcck, das verhindert, dass Schwei\u00df in Ihr Spiel oder Training eindringt. Bleiben Sie nach Ihren Beschleunigungen trocken. Stellen Sie sich vor, das Publikum in der Amsterdam Arena [&hellip;]<\/p>","protected":false},"featured_media":8488,"comment_status":"open","ping_status":"closed","template":"","meta":[],"product_brand":[],"product_cat":[299],"product_tag":[1372,371,372,301,20,21,22,23,24],"class_list":{"0":"post-8447","1":"product","2":"type-product","3":"status-publish","4":"has-post-thumbnail","6":"product_cat-afc-ajax","7":"product_tag-ajax-amsterdam-trikot","8":"product_tag-ajax-ausweichtrikot","9":"product_tag-ajax-ausweichtrikot-2022-23","10":"product_tag-ajax-trikots","11":"product_tag-coole-fussballtrikots","12":"product_tag-fussballtrikot-fuer-herren","13":"product_tag-fussballtrikot-guenstig-kaufen","14":"product_tag-fussballtrikot-kurzarm","15":"product_tag-guenstiges-fussballtrikot","17":"first","18":"instock","19":"shipping-taxable","20":"purchasable","21":"product-type-variable"},"_links":{"self":[{"href":"https:\/\/www.billigtrikotde.com\/it\/wp-json\/wp\/v2\/product\/8447","targetHints":{"allow":["GET"]}}],"collection":[{"href":"https:\/\/www.billigtrikotde.com\/it\/wp-json\/wp\/v2\/product"}],"about":[{"href":"https:\/\/www.billigtrikotde.com\/it\/wp-json\/wp\/v2\/types\/product"}],"replies":[{"embeddable":true,"href":"https:\/\/www.billigtrikotde.com\/it\/wp-json\/wp\/v2\/comments?post=8447"}],"wp:featuredmedia":[{"embeddable":true,"href":"https:\/\/www.billigtrikotde.com\/it\/wp-json\/wp\/v2\/media\/8488"}],"wp:attachment":[{"href":"https:\/\/www.billigtrikotde.com\/it\/wp-json\/wp\/v2\/media?parent=8447"}],"wp:term":[{"taxonomy":"product_brand","embeddable":true,"href":"https:\/\/www.billigtrikotde.com\/it\/wp-json\/wp\/v2\/product_brand?post=8447"},{"taxonomy":"product_cat","embeddable":true,"href":"https:\/\/www.billigtrikotde.com\/it\/wp-json\/wp\/v2\/product_cat?post=8447"},{"taxonomy":"product_tag","embeddable":true,"href":"https:\/\/www.billigtrikotde.com\/it\/wp-json\/wp\/v2\/product_tag?post=8447"}],"curies":[{"name":"wp","href":"https:\/\/api.w.org\/{rel}","templated":true}]}}