{"id":8409,"date":"2024-10-24T01:35:38","date_gmt":"2024-10-23T23:35:38","guid":{"rendered":"http:\/\/billigtrikots.com\/?post_type=product&#038;p=8409"},"modified":"2024-10-24T01:37:54","modified_gmt":"2024-10-23T23:37:54","slug":"kaufe-neue-fussballtrikots-fc-liverpool-2022-23-auswaertstrikot-kurzarm-kurze-hosen-gomez-12","status":"publish","type":"product","link":"https:\/\/www.billigtrikotde.com\/it\/kaufe-neue-fussballtrikots-fc-liverpool-2022-23-auswaertstrikot-kurzarm-kurze-hosen-gomez-12\/","title":{"rendered":"Acquista nuove maglie di calcio FC Liverpool 2022-23 Esterno maglia Maniche corte + Pantaloncini GOMEZ 12"},"content":{"rendered":"<p>La maglia da trasferta Nike Liverpool 2022-23 \u00e8 prevalentemente bianca, abbinata al nero per i loghi e le applicazioni.<\/p>\n<p>La maglia da trasferta del Liverpool 22-23 si distingue per il disegno di marmo vorticoso in azzurro e viola.<\/p>\n<p>Suggerimenti per la stampa: Se il nome e il numero dell'immagine sono esattamente quelli desiderati, non \u00e8 necessario inserirli nuovamente. In caso contrario, \u00e8 necessario inserire il nome e il numero desiderati.<\/p>\n<p>Consigli per il lavaggio: Si consiglia di lavare le magliette da calcio a mano. Se si desidera utilizzare la lavatrice, ricordarsi di capovolgere le magliette da calcio e poi lavarle. Riempire la macchina con acqua fredda e utilizzare un ciclo delicato per proteggere meglio i colori.<\/p>","protected":false},"excerpt":{"rendered":"<p>La maglietta da trasferta Nike Liverpool 2022-23 \u00e8 prevalentemente bianca, combinata con nero per loghi e applicazioni. Ci\u00f2 che fa risaltare la maglietta da trasferta Liverpool 22-23 \u00e8 un design a marmo vorticoso in azzurro chiaro e lilla chiaro. Consigli per la stampa: se il nome e il numero sull'immagine corrispondono esattamente alle tue preferenze, non \u00e8 necessario reinserirli. In caso contrario, dovresti [\u2026]<\/p>","protected":false},"featured_media":8443,"comment_status":"open","ping_status":"closed","template":"","meta":[],"product_brand":[],"product_cat":[176],"product_tag":[20,21,22,23,24,156,153,370],"class_list":{"0":"post-8409","1":"product","2":"type-product","3":"status-publish","4":"has-post-thumbnail","6":"product_cat-liverpool-fc","7":"product_tag-coole-fussballtrikots","8":"product_tag-fussballtrikot-fuer-herren","9":"product_tag-fussballtrikot-guenstig-kaufen","10":"product_tag-fussballtrikot-kurzarm","11":"product_tag-guenstiges-fussballtrikot","12":"product_tag-liverpool-auswaertstrikot","13":"product_tag-liverpool-trikots","14":"product_tag-liverpool-trikots-22-23","16":"first","17":"instock","18":"shipping-taxable","19":"purchasable","20":"product-type-variable"},"_links":{"self":[{"href":"https:\/\/www.billigtrikotde.com\/it\/wp-json\/wp\/v2\/product\/8409","targetHints":{"allow":["GET"]}}],"collection":[{"href":"https:\/\/www.billigtrikotde.com\/it\/wp-json\/wp\/v2\/product"}],"about":[{"href":"https:\/\/www.billigtrikotde.com\/it\/wp-json\/wp\/v2\/types\/product"}],"replies":[{"embeddable":true,"href":"https:\/\/www.billigtrikotde.com\/it\/wp-json\/wp\/v2\/comments?post=8409"}],"wp:featuredmedia":[{"embeddable":true,"href":"https:\/\/www.billigtrikotde.com\/it\/wp-json\/wp\/v2\/media\/8443"}],"wp:attachment":[{"href":"https:\/\/www.billigtrikotde.com\/it\/wp-json\/wp\/v2\/media?parent=8409"}],"wp:term":[{"taxonomy":"product_brand","embeddable":true,"href":"https:\/\/www.billigtrikotde.com\/it\/wp-json\/wp\/v2\/product_brand?post=8409"},{"taxonomy":"product_cat","embeddable":true,"href":"https:\/\/www.billigtrikotde.com\/it\/wp-json\/wp\/v2\/product_cat?post=8409"},{"taxonomy":"product_tag","embeddable":true,"href":"https:\/\/www.billigtrikotde.com\/it\/wp-json\/wp\/v2\/product_tag?post=8409"}],"curies":[{"name":"wp","href":"https:\/\/api.w.org\/{rel}","templated":true}]}}