{"id":8373,"date":"2024-10-24T01:33:53","date_gmt":"2024-10-23T23:33:53","guid":{"rendered":"http:\/\/billigtrikots.com\/?post_type=product&#038;p=8373"},"modified":"2024-10-24T01:36:07","modified_gmt":"2024-10-23T23:36:07","slug":"manchester-united-22-23-drittes-trikot-gruen-fussballtrikot-fuer-herren","status":"publish","type":"product","link":"https:\/\/www.billigtrikotde.com\/it\/manchester-united-22-23-drittes-trikot-gruen-fussballtrikot-fuer-herren\/","title":{"rendered":"Manchester United 22-23 Third Shirt verde Maglia da calcio per uomo"},"content":{"rendered":"<p>La terza maglia da calcio di Adidas Manchester United 22-23 combina un colore di base viola intenso con applicazioni e loghi gialli appariscenti. \u00c8 una combinazione di colori molto moderna \u2013 \u00abSemi Solar Slime\u00bb &amp; \u00abLegend Ink\u00bb. Per quanto riguarda il design, la terza maglia di Adidas Manchester United 2022-23 \u00e8 moderna. Ha un motivo a zigzag sul colletto. Sulla parte anteriore e sulle maniche della terza maglia di Man United 22-23 si trova un motivo tonale.<br \/>\nManchester United non ha mai indossato una maglia gialla da giocatore. Tuttavia, \u00abStrom\u00bb \u00e8 stato utilizzato negli ultimi anni da Adidas per le divise da portiere della societ\u00e0. Il giallo \u00e8 stato utilizzato da Man Utd negli anni '70 come colore alternativo (terza)<\/p>\n<p>Suggerimenti per la stampa: Se il nome e il numero dell'immagine sono esattamente quelli desiderati, non \u00e8 necessario inserirli nuovamente. In caso contrario, \u00e8 necessario inserire il nome e il numero desiderati.<\/p>\n<p>Consigli per il lavaggio: Si consiglia di lavare le magliette da calcio a mano. Se si desidera utilizzare la lavatrice, ricordarsi di capovolgere le magliette da calcio e poi lavarle. Riempire la macchina con acqua fredda e utilizzare un ciclo delicato per proteggere meglio i colori.<\/p>","protected":false},"excerpt":{"rendered":"<p>Das dritte Fu\u00dfballtrikot von Adidas Manchester United 22-23 kombiniert eine hochviolette gelbe Grundfarbe mit auff\u00e4lligen gelben Applikationen und Logos. Es ist eine sehr moderne Farbkombination &#8211; &#8222;Semi Solar Slime&#8220; &amp; &#8222;Legend Ink&#8220;.Was das Design angeht, ist das dritte Trikot von Adidas Manchester United 2022-23 modern. Es hat ein Zickzack-Muster am Kragen. Auf der Vorderseite und [&hellip;]<\/p>","protected":false},"featured_media":8407,"comment_status":"open","ping_status":"closed","template":"","meta":[],"product_brand":[],"product_cat":[50],"product_tag":[20,21,22,23,24,365,217,223,52],"class_list":{"0":"post-8373","1":"product","2":"type-product","3":"status-publish","4":"has-post-thumbnail","6":"product_cat-manchester-united","7":"product_tag-coole-fussballtrikots","8":"product_tag-fussballtrikot-fuer-herren","9":"product_tag-fussballtrikot-guenstig-kaufen","10":"product_tag-fussballtrikot-kurzarm","11":"product_tag-guenstiges-fussballtrikot","12":"product_tag-manchester-united-22-23-drittes-trikot","13":"product_tag-manchester-united-trikot-bestellen","14":"product_tag-manchester-united-trikot-shop","15":"product_tag-manchester-united-trikots","17":"first","18":"instock","19":"shipping-taxable","20":"purchasable","21":"product-type-variable"},"_links":{"self":[{"href":"https:\/\/www.billigtrikotde.com\/it\/wp-json\/wp\/v2\/product\/8373","targetHints":{"allow":["GET"]}}],"collection":[{"href":"https:\/\/www.billigtrikotde.com\/it\/wp-json\/wp\/v2\/product"}],"about":[{"href":"https:\/\/www.billigtrikotde.com\/it\/wp-json\/wp\/v2\/types\/product"}],"replies":[{"embeddable":true,"href":"https:\/\/www.billigtrikotde.com\/it\/wp-json\/wp\/v2\/comments?post=8373"}],"wp:featuredmedia":[{"embeddable":true,"href":"https:\/\/www.billigtrikotde.com\/it\/wp-json\/wp\/v2\/media\/8407"}],"wp:attachment":[{"href":"https:\/\/www.billigtrikotde.com\/it\/wp-json\/wp\/v2\/media?parent=8373"}],"wp:term":[{"taxonomy":"product_brand","embeddable":true,"href":"https:\/\/www.billigtrikotde.com\/it\/wp-json\/wp\/v2\/product_brand?post=8373"},{"taxonomy":"product_cat","embeddable":true,"href":"https:\/\/www.billigtrikotde.com\/it\/wp-json\/wp\/v2\/product_cat?post=8373"},{"taxonomy":"product_tag","embeddable":true,"href":"https:\/\/www.billigtrikotde.com\/it\/wp-json\/wp\/v2\/product_tag?post=8373"}],"curies":[{"name":"wp","href":"https:\/\/api.w.org\/{rel}","templated":true}]}}