{"id":8363,"date":"2024-10-24T01:33:20","date_gmt":"2024-10-23T23:33:20","guid":{"rendered":"http:\/\/billigtrikots.com\/?post_type=product&#038;p=8363"},"modified":"2024-10-24T01:35:32","modified_gmt":"2024-10-23T23:35:32","slug":"neuen-fussballtrikots-england-2022-world-cup-weiss-blau-herren-heimtrikot","status":"publish","type":"product","link":"https:\/\/www.billigtrikotde.com\/it\/neuen-fussballtrikots-england-2022-world-cup-weiss-blau-herren-heimtrikot\/","title":{"rendered":"New England 2022 Coppa del Mondo di calcio Maglie bianco blu uomo home kit"},"content":{"rendered":"<p>L'Inghilterra 2022 World Cup Nike Home Stadium, che ha una base bianca pulita, trae gran parte della sua vendita dalla sfumatura di colore sulle maniche raglan. Partendo da dietro le spalle, la base bianca inizia una transizione graduale e sbiadita verso il blu, partendo da una tonalit\u00e0 chiara prima di scendere a una tonalit\u00e0 molto profonda intorno alla scollatura rotonda. I toni del blu chiaro e del blu scuro sono applicati in un chiaro disegno a met\u00e0 sui polsini, che ricorda i colori del kit da trasferta della Croazia di quell'anno. Storicamente, il blu scuro utilizzato richiama in qualche modo l'atmosfera dei kit degli anni '90.<\/p>","protected":false},"excerpt":{"rendered":"<p>Das WM 2022 Nike Heimstadion von England, das eine saubere wei\u00dfe Grundlage hat, bezieht einen Gro\u00dfteil seines Verkaufs stattdessen aus der Farbverl\u00e4ufe auf den Raglan\u00e4rmeln. Beginnend hinter den Schultern beginnt die wei\u00dfe Basis einen allm\u00e4hlichen und verblassten \u00dcbergang in Richtung Blau, beginnend mit einem hellen Ton, bevor sie in einen sehr tiefen Ton um den [&hellip;]<\/p>","protected":false},"featured_media":8404,"comment_status":"open","ping_status":"closed","template":"","meta":[],"product_brand":[],"product_cat":[115],"product_tag":[20,363,116,21,22,23,24],"class_list":{"0":"post-8363","1":"product","2":"type-product","3":"status-publish","4":"has-post-thumbnail","6":"product_cat-england-trikots","7":"product_tag-coole-fussballtrikots","8":"product_tag-england-2022-world-cup-trikot","9":"product_tag-england-heimtrikot","10":"product_tag-fussballtrikot-fuer-herren","11":"product_tag-fussballtrikot-guenstig-kaufen","12":"product_tag-fussballtrikot-kurzarm","13":"product_tag-guenstiges-fussballtrikot","15":"first","16":"instock","17":"shipping-taxable","18":"purchasable","19":"product-type-variable"},"_links":{"self":[{"href":"https:\/\/www.billigtrikotde.com\/it\/wp-json\/wp\/v2\/product\/8363","targetHints":{"allow":["GET"]}}],"collection":[{"href":"https:\/\/www.billigtrikotde.com\/it\/wp-json\/wp\/v2\/product"}],"about":[{"href":"https:\/\/www.billigtrikotde.com\/it\/wp-json\/wp\/v2\/types\/product"}],"replies":[{"embeddable":true,"href":"https:\/\/www.billigtrikotde.com\/it\/wp-json\/wp\/v2\/comments?post=8363"}],"wp:featuredmedia":[{"embeddable":true,"href":"https:\/\/www.billigtrikotde.com\/it\/wp-json\/wp\/v2\/media\/8404"}],"wp:attachment":[{"href":"https:\/\/www.billigtrikotde.com\/it\/wp-json\/wp\/v2\/media?parent=8363"}],"wp:term":[{"taxonomy":"product_brand","embeddable":true,"href":"https:\/\/www.billigtrikotde.com\/it\/wp-json\/wp\/v2\/product_brand?post=8363"},{"taxonomy":"product_cat","embeddable":true,"href":"https:\/\/www.billigtrikotde.com\/it\/wp-json\/wp\/v2\/product_cat?post=8363"},{"taxonomy":"product_tag","embeddable":true,"href":"https:\/\/www.billigtrikotde.com\/it\/wp-json\/wp\/v2\/product_tag?post=8363"}],"curies":[{"name":"wp","href":"https:\/\/api.w.org\/{rel}","templated":true}]}}