{"id":8351,"date":"2024-10-24T01:32:44","date_gmt":"2024-10-23T23:32:44","guid":{"rendered":"http:\/\/billigtrikots.com\/?post_type=product&#038;p=8351"},"modified":"2024-10-24T01:34:58","modified_gmt":"2024-10-23T23:34:58","slug":"kinder-fussball-trikot-spanien-wm-2022-auswaertstrikot-hellblaue-kurzarm-kurze-hosen","status":"publish","type":"product","link":"https:\/\/www.billigtrikotde.com\/it\/kinder-fussball-trikot-spanien-wm-2022-auswaertstrikot-hellblaue-kurzarm-kurze-hosen\/","title":{"rendered":"Bambini Maglia da calcio Spagna WM 2022 Maglia da trasferta azzurra chiaro manica corta + pantaloncini"},"content":{"rendered":"<p>Das Ausw\u00e4rtstrikot der spanischen Nationalmannschaft f\u00fcr die WM 2022 zu verbessern und dabei die vorhandenen Elemente zu verwenden. Das Trikot ist hellblau und hat ein Wellen- und ein Linienmuster, die beide Farbverl\u00e4ufe nutzen, um den Eindruck von Bewegung zu erzeugen.bei dem die Grundfarbe deutlich dunkler wurde, die Wellen ganz entfernt wurden und der Nadelstreifenverlauf verl\u00e4ngert wurde. Die spanische Flagge findet sich in der Blende am V-Ausschnitt und an den B\u00fcndchen.<\/p>\n<p>Suggerimenti per la stampa: Se il nome e il numero dell'immagine sono esattamente quelli desiderati, non \u00e8 necessario inserirli nuovamente. In caso contrario, \u00e8 necessario inserire il nome e il numero desiderati.<\/p>\n<p>Consigli per il lavaggio: Si consiglia di lavare le magliette da calcio a mano. Se si desidera utilizzare la lavatrice, ricordarsi di capovolgere le magliette da calcio e poi lavarle. Riempire la macchina con acqua fredda e utilizzare un ciclo delicato per proteggere meglio i colori.<\/p>","protected":false},"excerpt":{"rendered":"<p>Migliorare la maglietta da trasferta della nazionale spagnola per i Mondiali 2022 utilizzando gli elementi esistenti. La maglietta \u00e8 azzurra chiara e presenta un motivo a onde e una linea, entrambi con sfumature di colore per creare l'illusione di movimento. La tonalit\u00e0 di base \u00e8 diventata notevolmente pi\u00f9 scura, le onde sono state completamente rimosse e il motivo a linee sottili \u00e8 stato esteso [...]<\/p>","protected":false},"featured_media":8392,"comment_status":"open","ping_status":"closed","template":"","meta":[],"product_brand":[],"product_cat":[131],"product_tag":[20,21,22,23,24,359],"class_list":{"0":"post-8351","1":"product","2":"type-product","3":"status-publish","4":"has-post-thumbnail","6":"product_cat-spanien-trikots","7":"product_tag-coole-fussballtrikots","8":"product_tag-fussballtrikot-fuer-herren","9":"product_tag-fussballtrikot-guenstig-kaufen","10":"product_tag-fussballtrikot-kurzarm","11":"product_tag-guenstiges-fussballtrikot","12":"product_tag-spanien-wm-2022-auswaertstrikot","14":"first","15":"instock","16":"shipping-taxable","17":"purchasable","18":"product-type-variable"},"_links":{"self":[{"href":"https:\/\/www.billigtrikotde.com\/it\/wp-json\/wp\/v2\/product\/8351","targetHints":{"allow":["GET"]}}],"collection":[{"href":"https:\/\/www.billigtrikotde.com\/it\/wp-json\/wp\/v2\/product"}],"about":[{"href":"https:\/\/www.billigtrikotde.com\/it\/wp-json\/wp\/v2\/types\/product"}],"replies":[{"embeddable":true,"href":"https:\/\/www.billigtrikotde.com\/it\/wp-json\/wp\/v2\/comments?post=8351"}],"wp:featuredmedia":[{"embeddable":true,"href":"https:\/\/www.billigtrikotde.com\/it\/wp-json\/wp\/v2\/media\/8392"}],"wp:attachment":[{"href":"https:\/\/www.billigtrikotde.com\/it\/wp-json\/wp\/v2\/media?parent=8351"}],"wp:term":[{"taxonomy":"product_brand","embeddable":true,"href":"https:\/\/www.billigtrikotde.com\/it\/wp-json\/wp\/v2\/product_brand?post=8351"},{"taxonomy":"product_cat","embeddable":true,"href":"https:\/\/www.billigtrikotde.com\/it\/wp-json\/wp\/v2\/product_cat?post=8351"},{"taxonomy":"product_tag","embeddable":true,"href":"https:\/\/www.billigtrikotde.com\/it\/wp-json\/wp\/v2\/product_tag?post=8351"}],"curies":[{"name":"wp","href":"https:\/\/api.w.org\/{rel}","templated":true}]}}