{"id":8060,"date":"2024-10-24T01:17:54","date_gmt":"2024-10-23T23:17:54","guid":{"rendered":"http:\/\/billigtrikots.com\/?post_type=product&#038;p=8060"},"modified":"2024-10-24T01:20:03","modified_gmt":"2024-10-23T23:20:03","slug":"herren-niederlande-auswaertstrikot-euro-2022-weiss-fussballtrikots-set-blind-17","status":"publish","type":"product","link":"https:\/\/www.billigtrikotde.com\/it\/herren-niederlande-auswaertstrikot-euro-2022-weiss-fussballtrikots-set-blind-17\/","title":{"rendered":"Herren Niederlande Ausw\u00e4rtstrikot Euro 2022 weiss Fu\u00dfballtrikots Set BLIND 17"},"content":{"rendered":"<p>Das Nike Niederlande Euro 2022 Ausw \u00e4rtstrikot ist haupts\u00e4chlich wei\u00df und zeigt ein ma\u00dfgeschneidertes Design, das von der niederl\u00e4ndischen Flagge inspiriert ist. Die blauen und roten Rechtecke sind unsymmetrisch \u00fcber das ganze Trikot verteilt.<\/p>\n<p>Das Logo auf der linken Brustseite des Nike Niederlande 2022 Ausw\u00e4rtstrikots ist ebenfalls einzigartig: Es ist rot und zeigt eine orangefarbene L\u00f6win.<\/p>\n<p>Suggerimenti per la stampa: Se il nome e il numero dell'immagine sono esattamente quelli desiderati, non \u00e8 necessario inserirli nuovamente. In caso contrario, \u00e8 necessario inserire il nome e il numero desiderati.<\/p>\n<p>Consigli per il lavaggio: Si consiglia di lavare le magliette da calcio a mano. Se si desidera utilizzare la lavatrice, ricordarsi di capovolgere le magliette da calcio e poi lavarle. Riempire la macchina con acqua fredda e utilizzare un ciclo delicato per proteggere meglio i colori.<\/p>","protected":false},"excerpt":{"rendered":"<p>La maglia da trasferta dei Paesi Bassi Euro 2022 di Nike \u00e8 principalmente bianca e presenta un design su misura ispirato alla bandiera olandese. I rettangoli blu e rossi sono distribuiti in modo asimmetrico su tutta la maglia. Il logo sulla parte sinistra del petto della maglia da trasferta Nike Paesi Bassi 2022 \u00e8 anche unico: \u00e8 rosso e mostra un'orangecolored [\u2026]<\/p>","protected":false},"featured_media":8101,"comment_status":"open","ping_status":"closed","template":"","meta":[],"product_brand":[],"product_cat":[219],"product_tag":[20,21,22,23,24,355,221],"class_list":{"0":"post-8060","1":"product","2":"type-product","3":"status-publish","4":"has-post-thumbnail","6":"product_cat-niederlande-trikots","7":"product_tag-coole-fussballtrikots","8":"product_tag-fussballtrikot-fuer-herren","9":"product_tag-fussballtrikot-guenstig-kaufen","10":"product_tag-fussballtrikot-kurzarm","11":"product_tag-guenstiges-fussballtrikot","12":"product_tag-niederlande-auswaertstrikot","13":"product_tag-niederlande-trikots","15":"first","16":"instock","17":"shipping-taxable","18":"purchasable","19":"product-type-variable"},"_links":{"self":[{"href":"https:\/\/www.billigtrikotde.com\/it\/wp-json\/wp\/v2\/product\/8060","targetHints":{"allow":["GET"]}}],"collection":[{"href":"https:\/\/www.billigtrikotde.com\/it\/wp-json\/wp\/v2\/product"}],"about":[{"href":"https:\/\/www.billigtrikotde.com\/it\/wp-json\/wp\/v2\/types\/product"}],"replies":[{"embeddable":true,"href":"https:\/\/www.billigtrikotde.com\/it\/wp-json\/wp\/v2\/comments?post=8060"}],"wp:featuredmedia":[{"embeddable":true,"href":"https:\/\/www.billigtrikotde.com\/it\/wp-json\/wp\/v2\/media\/8101"}],"wp:attachment":[{"href":"https:\/\/www.billigtrikotde.com\/it\/wp-json\/wp\/v2\/media?parent=8060"}],"wp:term":[{"taxonomy":"product_brand","embeddable":true,"href":"https:\/\/www.billigtrikotde.com\/it\/wp-json\/wp\/v2\/product_brand?post=8060"},{"taxonomy":"product_cat","embeddable":true,"href":"https:\/\/www.billigtrikotde.com\/it\/wp-json\/wp\/v2\/product_cat?post=8060"},{"taxonomy":"product_tag","embeddable":true,"href":"https:\/\/www.billigtrikotde.com\/it\/wp-json\/wp\/v2\/product_tag?post=8060"}],"curies":[{"name":"wp","href":"https:\/\/api.w.org\/{rel}","templated":true}]}}