{"id":8024,"date":"2024-10-24T01:16:12","date_gmt":"2024-10-23T23:16:12","guid":{"rendered":"http:\/\/billigtrikots.com\/?post_type=product&#038;p=8024"},"modified":"2024-10-24T01:18:20","modified_gmt":"2024-10-23T23:18:20","slug":"england-trikot-away-frauen-em-2022-orange-trikotsatz-kurzarm-kurze-hosen-maguire-6","status":"publish","type":"product","link":"https:\/\/www.billigtrikotde.com\/it\/england-trikot-away-frauen-em-2022-orange-trikotsatz-kurzarm-kurze-hosen-maguire-6\/","title":{"rendered":"Inghilterra Camicia Away Donne Euro 2022 Kit Arancione Manica Corta + Pantaloncini MAGUIRE 6"},"content":{"rendered":"<p>La maglia Nike da bambino in rosso dimostra il vostro amore incondizionato e il vostro impegno per la squadra. Un sostegno maggiore non \u00e8 possibile! Aggiungete questa maglia dell'Inghilterra alla vostra collezione di tifosi. Consigliamo questo modello traspirante, traspirante e leggero con una sensazione di comfort. Si distingue visivamente per il logo dell'associazione sul petto. Questa maglia sportiva vi aiuter\u00e0 a migliorare le vostre prestazioni e a prepararvi per la prossima partita.<\/p>\n<p>Suggerimenti per la stampa: Se il nome e il numero dell'immagine sono esattamente quelli desiderati, non \u00e8 necessario inserirli nuovamente. In caso contrario, \u00e8 necessario inserire il nome e il numero desiderati.<\/p>\n<p>Consigli per il lavaggio: Si consiglia di lavare le magliette da calcio a mano. Se si desidera utilizzare la lavatrice, ricordarsi di capovolgere le magliette da calcio e poi lavarle. Riempire la macchina con acqua fredda e utilizzare un ciclo delicato per proteggere meglio i colori.<\/p>","protected":false},"excerpt":{"rendered":"<p>Das Nike Kinder-Trikot in Rot zeigt deine bedingungslose Liebe und Verbundenheit zu deiner Mannschaft. Mehr Unterst\u00fctzung geht kaum! Mit diesem England-Trikot erweiterst du deine Fan-Sammlung. Wir empfehlen dieses atmungsaktive, schwei\u00dfableitende und leichte Modell mit dem angenehmen Tragegef\u00fchl. Es besticht optisch mit einem Verbandslogo auf der Brust. Mit diesem Sportshirt kannst du noch leistungsf\u00e4higer werden und [&hellip;]<\/p>","protected":false},"featured_media":8065,"comment_status":"open","ping_status":"closed","template":"","meta":[],"product_brand":[],"product_cat":[115],"product_tag":[20,116,218,21,22,23,24],"class_list":{"0":"post-8024","1":"product","2":"type-product","3":"status-publish","4":"has-post-thumbnail","6":"product_cat-england-trikots","7":"product_tag-coole-fussballtrikots","8":"product_tag-england-heimtrikot","9":"product_tag-england-heimtrikot-euro-2022-damen","10":"product_tag-fussballtrikot-fuer-herren","11":"product_tag-fussballtrikot-guenstig-kaufen","12":"product_tag-fussballtrikot-kurzarm","13":"product_tag-guenstiges-fussballtrikot","15":"first","16":"instock","17":"shipping-taxable","18":"purchasable","19":"product-type-variable"},"_links":{"self":[{"href":"https:\/\/www.billigtrikotde.com\/it\/wp-json\/wp\/v2\/product\/8024","targetHints":{"allow":["GET"]}}],"collection":[{"href":"https:\/\/www.billigtrikotde.com\/it\/wp-json\/wp\/v2\/product"}],"about":[{"href":"https:\/\/www.billigtrikotde.com\/it\/wp-json\/wp\/v2\/types\/product"}],"replies":[{"embeddable":true,"href":"https:\/\/www.billigtrikotde.com\/it\/wp-json\/wp\/v2\/comments?post=8024"}],"wp:featuredmedia":[{"embeddable":true,"href":"https:\/\/www.billigtrikotde.com\/it\/wp-json\/wp\/v2\/media\/8065"}],"wp:attachment":[{"href":"https:\/\/www.billigtrikotde.com\/it\/wp-json\/wp\/v2\/media?parent=8024"}],"wp:term":[{"taxonomy":"product_brand","embeddable":true,"href":"https:\/\/www.billigtrikotde.com\/it\/wp-json\/wp\/v2\/product_brand?post=8024"},{"taxonomy":"product_cat","embeddable":true,"href":"https:\/\/www.billigtrikotde.com\/it\/wp-json\/wp\/v2\/product_cat?post=8024"},{"taxonomy":"product_tag","embeddable":true,"href":"https:\/\/www.billigtrikotde.com\/it\/wp-json\/wp\/v2\/product_tag?post=8024"}],"curies":[{"name":"wp","href":"https:\/\/api.w.org\/{rel}","templated":true}]}}