{"id":7860,"date":"2024-10-24T01:08:20","date_gmt":"2024-10-23T23:08:20","guid":{"rendered":"http:\/\/billigtrikots.com\/?post_type=product&#038;p=7860"},"modified":"2024-10-24T01:10:33","modified_gmt":"2024-10-23T23:10:33","slug":"herren-fc-barcelona-2022-23-auswaertstrikot-grau-online-bestellen","status":"publish","type":"product","link":"https:\/\/www.billigtrikotde.com\/it\/herren-fc-barcelona-2022-23-auswaertstrikot-grau-online-bestellen\/","title":{"rendered":"Maglia da trasferta FC Barcelona 2022-23 grigio Uomo Ordina online"},"content":{"rendered":"<p>Sostieni i Blaugrana sul campo di allenamento e sulle tribune del Camp Nou con la maglia away Nike FC Barcelona 22\/23 Dri-Fit Stadium.<\/p>\n<p>Con il Swoosh Nike sul lato destro del petto e l'iconico stemma del Barca sul lato sinistro sopra il cuore, questa maglia mostra la tua passione per la squadra. La terza maglia 2022\/23 incarna lo slogan \u00abMes que un Club\u00bb (Pi\u00f9 di un club) del FC Barcelona e celebra il 30\u00ba anniversario dell'assegnazione della Creu de Sant Jordi (Croce di San Giorgio) della squadra. I leggendari colori rosso scuro e blu vengono trasformati in una croce appariscente, che rappresenta l'impegno di Barcellona verso i suoi cittadini e il contributo alla comunit\u00e0.<\/p>\n<p>La tecnologia Dri-FIT di Nike allontana il sudore dalla pelle, mantenendoti asciutto e comodo, e la costruzione leggera ti mantiene in forma durante i 90 minuti. Il materiale ad asciugatura rapida significa che puoi lavarla e indossarla subito, ideale per allenamenti o partite di breve durata.<\/p>\n<p>Suggerimenti per la stampa: Se il nome e il numero dell'immagine sono esattamente quelli desiderati, non \u00e8 necessario inserirli nuovamente. In caso contrario, \u00e8 necessario inserire il nome e il numero desiderati.<\/p>\n<p>Consigli per il lavaggio: Si consiglia di lavare le magliette da calcio a mano. Se si desidera utilizzare la lavatrice, ricordarsi di capovolgere le magliette da calcio e poi lavarle. Riempire la macchina con acqua fredda e utilizzare un ciclo delicato per proteggere meglio i colori.<\/p>","protected":false},"excerpt":{"rendered":"<p>Unterst\u00fctze die Blaugrana auf dem Trainingsplatz und auf der Trib\u00fcne des Camp Nou mit dem Nike FC Barcelona 22\/23 Dri-Fit Stadium Ausweichtrikot. Mit dem Nike-Swoosh auf der rechten Brust und dem legend\u00e4ren Barca-Wappen auf der linken Seite \u00fcber dem Herzen zeigt dieses Trikot deine Leidenschaft f\u00fcr den Verein. Das dritte Trikot 2022\/23 verk\u00f6rpert das Motto [&hellip;]<\/p>","protected":false},"featured_media":7899,"comment_status":"open","ping_status":"closed","template":"","meta":[],"product_brand":[],"product_cat":[31],"product_tag":[20,346,33,21,22,23,24,345],"class_list":{"0":"post-7860","1":"product","2":"type-product","3":"status-publish","4":"has-post-thumbnail","6":"product_cat-fc-barcelona","7":"product_tag-coole-fussballtrikots","8":"product_tag-fc-barcelona-2022-23-trikot","9":"product_tag-fc-barcelona-trikots","10":"product_tag-fussballtrikot-fuer-herren","11":"product_tag-fussballtrikot-guenstig-kaufen","12":"product_tag-fussballtrikot-kurzarm","13":"product_tag-guenstiges-fussballtrikot","14":"product_tag-neuen-fc-barcelona-trikots","16":"first","17":"instock","18":"shipping-taxable","19":"purchasable","20":"product-type-variable"},"_links":{"self":[{"href":"https:\/\/www.billigtrikotde.com\/it\/wp-json\/wp\/v2\/product\/7860","targetHints":{"allow":["GET"]}}],"collection":[{"href":"https:\/\/www.billigtrikotde.com\/it\/wp-json\/wp\/v2\/product"}],"about":[{"href":"https:\/\/www.billigtrikotde.com\/it\/wp-json\/wp\/v2\/types\/product"}],"replies":[{"embeddable":true,"href":"https:\/\/www.billigtrikotde.com\/it\/wp-json\/wp\/v2\/comments?post=7860"}],"wp:featuredmedia":[{"embeddable":true,"href":"https:\/\/www.billigtrikotde.com\/it\/wp-json\/wp\/v2\/media\/7899"}],"wp:attachment":[{"href":"https:\/\/www.billigtrikotde.com\/it\/wp-json\/wp\/v2\/media?parent=7860"}],"wp:term":[{"taxonomy":"product_brand","embeddable":true,"href":"https:\/\/www.billigtrikotde.com\/it\/wp-json\/wp\/v2\/product_brand?post=7860"},{"taxonomy":"product_cat","embeddable":true,"href":"https:\/\/www.billigtrikotde.com\/it\/wp-json\/wp\/v2\/product_cat?post=7860"},{"taxonomy":"product_tag","embeddable":true,"href":"https:\/\/www.billigtrikotde.com\/it\/wp-json\/wp\/v2\/product_tag?post=7860"}],"curies":[{"name":"wp","href":"https:\/\/api.w.org\/{rel}","templated":true}]}}