{"id":7484,"date":"2024-10-23T18:31:39","date_gmt":"2024-10-23T16:31:39","guid":{"rendered":"http:\/\/billigtrikots.com\/?post_type=product&#038;p=7484"},"modified":"2024-10-23T18:33:45","modified_gmt":"2024-10-23T16:33:45","slug":"shop-tottenham-hotspur-drittes-trikot-2022-23-blau-herren-fussballtrikots","status":"publish","type":"product","link":"https:\/\/www.billigtrikotde.com\/it\/shop-tottenham-hotspur-drittes-trikot-2022-23-blau-herren-fussballtrikots\/","title":{"rendered":"Acquista la terza maglia del Tottenham Hotspur 2022\/23 Blu da uomo"},"content":{"rendered":"<p>La nuova terza maglia del Tottenham Hotspurs \u00e8 caratterizzata da una stampa grafica astratta che ricopre l'intero fronte e le maniche e probabilmente la maggior parte, se non tutto, il retro. I loghi sono tutti bianchi, compresa una rappresentazione monocromatica dello scudetto degli Spurs.<\/p>\n<p>Il look della maglia Nike Tottenham 22-23 \u00e8 completato da un colletto nero a girocollo e da polsini per met\u00e0 neri e per met\u00e0 turchesi scuri. In termini di modello, la terza maglia del Nike Tottenham Hotspur F.C. 2022-2023 \u00e8 lo stesso modello della maglia 22-23.<\/p>","protected":false},"excerpt":{"rendered":"<p>Das neue dritte Trikot der Tottenham Hotspurs zeichnet sich durch einen abstrakten Grafikdruck aus, der die gesamte Vorderseite und die \u00c4rmel bedeckt und wahrscheinlich auch einen Gro\u00dfteil, wenn nicht sogar die gesamte R\u00fcckseite. Die Logos sind ganz in Wei\u00df gehalten, einschlie\u00dflich einer einfarbigen Darstellung des Spurs-Abzeichens. Abgerundet wird der Look des Nike Tottenham 22-23 Trikots [&hellip;]<\/p>","protected":false},"featured_media":7516,"comment_status":"open","ping_status":"closed","template":"","meta":[],"product_brand":[],"product_cat":[178],"product_tag":[20,21,22,23,24,335,104],"class_list":{"0":"post-7484","1":"product","2":"type-product","3":"status-publish","4":"has-post-thumbnail","6":"product_cat-tottenham-hotspur","7":"product_tag-coole-fussballtrikots","8":"product_tag-fussballtrikot-fuer-herren","9":"product_tag-fussballtrikot-guenstig-kaufen","10":"product_tag-fussballtrikot-kurzarm","11":"product_tag-guenstiges-fussballtrikot","12":"product_tag-shop-tottenham-hotspur-trikot","13":"product_tag-tottenham-hotspur-trikots","15":"first","16":"instock","17":"shipping-taxable","18":"purchasable","19":"product-type-variable"},"_links":{"self":[{"href":"https:\/\/www.billigtrikotde.com\/it\/wp-json\/wp\/v2\/product\/7484","targetHints":{"allow":["GET"]}}],"collection":[{"href":"https:\/\/www.billigtrikotde.com\/it\/wp-json\/wp\/v2\/product"}],"about":[{"href":"https:\/\/www.billigtrikotde.com\/it\/wp-json\/wp\/v2\/types\/product"}],"replies":[{"embeddable":true,"href":"https:\/\/www.billigtrikotde.com\/it\/wp-json\/wp\/v2\/comments?post=7484"}],"wp:featuredmedia":[{"embeddable":true,"href":"https:\/\/www.billigtrikotde.com\/it\/wp-json\/wp\/v2\/media\/7516"}],"wp:attachment":[{"href":"https:\/\/www.billigtrikotde.com\/it\/wp-json\/wp\/v2\/media?parent=7484"}],"wp:term":[{"taxonomy":"product_brand","embeddable":true,"href":"https:\/\/www.billigtrikotde.com\/it\/wp-json\/wp\/v2\/product_brand?post=7484"},{"taxonomy":"product_cat","embeddable":true,"href":"https:\/\/www.billigtrikotde.com\/it\/wp-json\/wp\/v2\/product_cat?post=7484"},{"taxonomy":"product_tag","embeddable":true,"href":"https:\/\/www.billigtrikotde.com\/it\/wp-json\/wp\/v2\/product_tag?post=7484"}],"curies":[{"name":"wp","href":"https:\/\/api.w.org\/{rel}","templated":true}]}}