{"id":7482,"date":"2024-10-23T18:31:37","date_gmt":"2024-10-23T16:31:37","guid":{"rendered":"http:\/\/billigtrikots.com\/?post_type=product&#038;p=7482"},"modified":"2024-10-23T18:33:13","modified_gmt":"2024-10-23T16:33:13","slug":"manchester-city-torwarttrikot-fuer-herren-2022-23-langarm-orange-trikotsatz-ederson-m-31","status":"publish","type":"product","link":"https:\/\/www.billigtrikotde.com\/it\/manchester-city-torwarttrikot-fuer-herren-2022-23-langarm-orange-trikotsatz-ederson-m-31\/","title":{"rendered":"Maglia portiere Manchester City uomo 2022\/23 manica lunga arancio kit EDERSON M.31"},"content":{"rendered":"<p>La maglia da portiere di casa del Manchester City per la stagione 22\/23 \u00e8 un must assoluto per ogni giovane appassionato dei Cityzen. Presenta un colletto rotondo e la grafica unica \"rapida\" di PUMA sulla parte anteriore della maglia. Questa maglia per ragazzi e ragazze con maniche lunghe e vestibilit\u00e0 normale ti d\u00e0 la stessa vestibilit\u00e0 di Ederson.<\/p>\n<p>Suggerimenti per la stampa: Se il nome e il numero dell'immagine sono esattamente quelli desiderati, non \u00e8 necessario inserirli nuovamente. In caso contrario, \u00e8 necessario inserire il nome e il numero desiderati.<\/p>\n<p>Consigli per il lavaggio: Si consiglia di lavare le magliette da calcio a mano. Se si desidera utilizzare la lavatrice, ricordarsi di capovolgere le magliette da calcio e poi lavarle. Riempire la macchina con acqua fredda e utilizzare un ciclo delicato per proteggere meglio i colori.<\/p>","protected":false},"excerpt":{"rendered":"<p>La maglia da portiere di casa del Manchester City per la stagione 22\/23 \u00e8 un must assoluto per ogni giovane appassionato dei Cityzen. Presenta un colletto rotondo e la grafica unica \"rapida\" di PUMA sulla parte anteriore della maglia. Questa maglia per ragazzi e ragazze con maniche lunghe e vestibilit\u00e0 normale ti d\u00e0 la stessa vestibilit\u00e0 di Ederson.<\/p>","protected":false},"featured_media":7515,"comment_status":"open","ping_status":"closed","template":"","meta":[],"product_brand":[],"product_cat":[82],"product_tag":[20,21,22,333,24,334,273,84],"class_list":{"0":"post-7482","1":"product","2":"type-product","3":"status-publish","4":"has-post-thumbnail","6":"product_cat-manchester-city","7":"product_tag-coole-fussballtrikots","8":"product_tag-fussballtrikot-fuer-herren","9":"product_tag-fussballtrikot-guenstig-kaufen","10":"product_tag-fussballtrikot-langaermeliges","11":"product_tag-guenstiges-fussballtrikot","12":"product_tag-manchester-city-torwarttrikot","13":"product_tag-manchester-city-trikot-22-23","14":"product_tag-manchester-city-trikots","16":"first","17":"instock","18":"shipping-taxable","19":"purchasable","20":"product-type-variable"},"_links":{"self":[{"href":"https:\/\/www.billigtrikotde.com\/it\/wp-json\/wp\/v2\/product\/7482","targetHints":{"allow":["GET"]}}],"collection":[{"href":"https:\/\/www.billigtrikotde.com\/it\/wp-json\/wp\/v2\/product"}],"about":[{"href":"https:\/\/www.billigtrikotde.com\/it\/wp-json\/wp\/v2\/types\/product"}],"replies":[{"embeddable":true,"href":"https:\/\/www.billigtrikotde.com\/it\/wp-json\/wp\/v2\/comments?post=7482"}],"wp:featuredmedia":[{"embeddable":true,"href":"https:\/\/www.billigtrikotde.com\/it\/wp-json\/wp\/v2\/media\/7515"}],"wp:attachment":[{"href":"https:\/\/www.billigtrikotde.com\/it\/wp-json\/wp\/v2\/media?parent=7482"}],"wp:term":[{"taxonomy":"product_brand","embeddable":true,"href":"https:\/\/www.billigtrikotde.com\/it\/wp-json\/wp\/v2\/product_brand?post=7482"},{"taxonomy":"product_cat","embeddable":true,"href":"https:\/\/www.billigtrikotde.com\/it\/wp-json\/wp\/v2\/product_cat?post=7482"},{"taxonomy":"product_tag","embeddable":true,"href":"https:\/\/www.billigtrikotde.com\/it\/wp-json\/wp\/v2\/product_tag?post=7482"}],"curies":[{"name":"wp","href":"https:\/\/api.w.org\/{rel}","templated":true}]}}