{"id":7422,"date":"2024-10-23T18:28:42","date_gmt":"2024-10-23T16:28:42","guid":{"rendered":"http:\/\/billigtrikots.com\/?post_type=product&#038;p=7422"},"modified":"2024-10-23T18:30:22","modified_gmt":"2024-10-23T16:30:22","slug":"kinder-heimtrikot-argentinien-wm-2022-weiss-blau-kurzarm-kurze-hosen-di-maria-11","status":"publish","type":"product","link":"https:\/\/www.billigtrikotde.com\/it\/kinder-heimtrikot-argentinien-wm-2022-weiss-blau-kurzarm-kurze-hosen-di-maria-11\/","title":{"rendered":"Kit casa Argentina Coppa del Mondo 2022 bianco blu manica corta + pantaloncini DI MARIA 11"},"content":{"rendered":"<p>La nuova maglia dell'Argentina per il 2022 \u00e8 prevalentemente bianca con loghi neri, tra cui il nuovissimo logo Adidas, che far\u00e0 il suo debutto nel calcio con le maglie della Coppa del Mondo 2022.<\/p>\n<p>Le strisce della nuova maglia dell'Argentina per i Mondiali 2022 sono classiche, ma solo sul davanti. Le strisce sul retro sono davvero insolite: invece di essere della stessa larghezza, ci sono due strisce celesti pi\u00f9 sottili al centro e due pi\u00f9 larghe all'esterno della maglia. Queste strisce pi\u00f9 larghe sono circa tre volte pi\u00f9 larghe di quelle centrali.<\/p>\n<p>\u00c8 stato progettato per assomigliare alla bandiera argentina. Sempre sulla base della bandiera, il Sol de Mayo, l'emblema nazionale argentino, si trova sul retro sotto il colletto.<\/p>\n<p>Pantaloncini neri e calzettoni bianchi completano il kit dell'Argentina 2022.<\/p>\n<p>Suggerimenti per la stampa: Se il nome e il numero dell'immagine sono esattamente quelli desiderati, non \u00e8 necessario inserirli nuovamente. In caso contrario, \u00e8 necessario inserire il nome e il numero desiderati.<\/p>\n<p>Consigli per il lavaggio: Si consiglia di lavare le magliette da calcio a mano. Se si desidera utilizzare la lavatrice, ricordarsi di capovolgere le magliette da calcio e poi lavarle. Riempire la macchina con acqua fredda e utilizzare un ciclo delicato per proteggere meglio i colori.<\/p>","protected":false},"excerpt":{"rendered":"<p>Argentiniens neues Trikot f\u00fcr 2022 ist \u00fcberwiegend wei\u00df mit schwarzen Logos \u2013 darunter das brandneue Adidas-Logo, das mit den WM-Trikots 2022 sein Fu\u00dfballdeb\u00fct feiert. Die Streifen auf dem neuen Argentinien WM 2022 Trikot sind klassisch, aber nur auf der Vorderseite. Die Streifen auf der R\u00fcckseite sind wirklich ungew\u00f6hnlich: Anstatt gleich breit zu sein, gibt es [&hellip;]<\/p>","protected":false},"featured_media":7455,"comment_status":"open","ping_status":"closed","template":"","meta":[],"product_brand":[],"product_cat":[325,91],"product_tag":[231,326,20,222,21,22,23,24,94],"class_list":{"0":"post-7422","1":"product","2":"type-product","3":"status-publish","4":"has-post-thumbnail","6":"product_cat-argentinien-trikots","7":"product_cat-kindertrikots","8":"product_tag-argentina-trikots","9":"product_tag-argentina-trikotsatz-fuer-kinder","10":"product_tag-coole-fussballtrikots","11":"product_tag-fussball-wm-2022-trikots","12":"product_tag-fussballtrikot-fuer-herren","13":"product_tag-fussballtrikot-guenstig-kaufen","14":"product_tag-fussballtrikot-kurzarm","15":"product_tag-guenstiges-fussballtrikot","16":"product_tag-kinder-fussball-trikotsatz","18":"first","19":"instock","20":"shipping-taxable","21":"purchasable","22":"product-type-variable"},"_links":{"self":[{"href":"https:\/\/www.billigtrikotde.com\/it\/wp-json\/wp\/v2\/product\/7422","targetHints":{"allow":["GET"]}}],"collection":[{"href":"https:\/\/www.billigtrikotde.com\/it\/wp-json\/wp\/v2\/product"}],"about":[{"href":"https:\/\/www.billigtrikotde.com\/it\/wp-json\/wp\/v2\/types\/product"}],"replies":[{"embeddable":true,"href":"https:\/\/www.billigtrikotde.com\/it\/wp-json\/wp\/v2\/comments?post=7422"}],"wp:featuredmedia":[{"embeddable":true,"href":"https:\/\/www.billigtrikotde.com\/it\/wp-json\/wp\/v2\/media\/7455"}],"wp:attachment":[{"href":"https:\/\/www.billigtrikotde.com\/it\/wp-json\/wp\/v2\/media?parent=7422"}],"wp:term":[{"taxonomy":"product_brand","embeddable":true,"href":"https:\/\/www.billigtrikotde.com\/it\/wp-json\/wp\/v2\/product_brand?post=7422"},{"taxonomy":"product_cat","embeddable":true,"href":"https:\/\/www.billigtrikotde.com\/it\/wp-json\/wp\/v2\/product_cat?post=7422"},{"taxonomy":"product_tag","embeddable":true,"href":"https:\/\/www.billigtrikotde.com\/it\/wp-json\/wp\/v2\/product_tag?post=7422"}],"curies":[{"name":"wp","href":"https:\/\/api.w.org\/{rel}","templated":true}]}}