{"id":7374,"date":"2024-10-23T18:26:24","date_gmt":"2024-10-23T16:26:24","guid":{"rendered":"http:\/\/billigtrikots.com\/?post_type=product&#038;p=7374"},"modified":"2024-10-23T18:28:02","modified_gmt":"2024-10-23T16:28:02","slug":"theo-19-ac-mailand-2022-23-heimtrikot-rot-schwarz-fuer-kinder","status":"publish","type":"product","link":"https:\/\/www.billigtrikotde.com\/it\/theo-19-ac-mailand-2022-23-heimtrikot-rot-schwarz-fuer-kinder\/","title":{"rendered":"THEO 19 AC Milan 2022\/23 maglia home rosso nero per bambini"},"content":{"rendered":"<p>Scopri la nuova maglia di casa Milan 2022\/2023. Indossa con orgoglio i colori della tua squadra del cuore in campo o all'aperto.<\/p>\n<p>Una maglia flessibile e leggera con tecnologia Puma DryCELL, un capo che impedisce l'infiltrazione di sudore durante il gioco o l'allenamento. Rimani asciutto dopo le tue accelerazioni.<\/p>\n<p>Immagina i tifosi di San Siro che ti acclamano dopo un gol fantastico.<\/p>\n<p>La maglia \u00e8 ispirata a quella della squadra professionistica durante le partite.<\/p>\n<p>RIMANI ASCIUTTO SOTTO PRESSIONE<\/p>\n<p>\u00c8 realizzata con tecnologia Puma DryCELL e aiuta ad assorbire il sudore. Cos\u00ec rimani asciutto durante i tuoi sforzi.<\/p>\n<p>Suggerimenti per la stampa: Se il nome e il numero dell'immagine sono esattamente quelli desiderati, non \u00e8 necessario inserirli nuovamente. In caso contrario, \u00e8 necessario inserire il nome e il numero desiderati.<\/p>\n<p>Consigli per il lavaggio: Si consiglia di lavare le magliette da calcio a mano. Se si desidera utilizzare la lavatrice, ricordarsi di capovolgere le magliette da calcio e poi lavarle. Riempire la macchina con acqua fredda e utilizzare un ciclo delicato per proteggere meglio i colori.<\/p>","protected":false},"excerpt":{"rendered":"<p>Entdecke das neue Milan 2022\/2023 Heimtrikot . Tragen Sie stolz die Farben Ihres Lieblingsteams auf dem Platz oder drau\u00dfen. Ein flexibles und leichtes Trikot mit Puma DryCELL -Technologie, ein Kleidungsst\u00fcck, das das Eindringen von Schwei\u00df w\u00e4hrend Ihres Spiels oder Trainings verhindert. Bleiben Sie nach Ihren Beschleunigungen trocken. Stellen Sie sich vor, die Zuschauer von San [&hellip;]<\/p>","protected":false},"featured_media":7407,"comment_status":"open","ping_status":"closed","template":"","meta":[],"product_brand":[],"product_cat":[92],"product_tag":[25,93,20,21,23,24,94],"class_list":{"0":"post-7374","1":"product","2":"type-product","3":"status-publish","4":"has-post-thumbnail","6":"product_cat-ac-mailand-kindertrikot","7":"product_tag-ac-milan-heimtrikot","8":"product_tag-ac-milan-trikotsatz-fuer-kinder","9":"product_tag-coole-fussballtrikots","10":"product_tag-fussballtrikot-fuer-herren","11":"product_tag-fussballtrikot-kurzarm","12":"product_tag-guenstiges-fussballtrikot","13":"product_tag-kinder-fussball-trikotsatz","15":"first","16":"instock","17":"shipping-taxable","18":"purchasable","19":"product-type-variable"},"_links":{"self":[{"href":"https:\/\/www.billigtrikotde.com\/it\/wp-json\/wp\/v2\/product\/7374","targetHints":{"allow":["GET"]}}],"collection":[{"href":"https:\/\/www.billigtrikotde.com\/it\/wp-json\/wp\/v2\/product"}],"about":[{"href":"https:\/\/www.billigtrikotde.com\/it\/wp-json\/wp\/v2\/types\/product"}],"replies":[{"embeddable":true,"href":"https:\/\/www.billigtrikotde.com\/it\/wp-json\/wp\/v2\/comments?post=7374"}],"wp:featuredmedia":[{"embeddable":true,"href":"https:\/\/www.billigtrikotde.com\/it\/wp-json\/wp\/v2\/media\/7407"}],"wp:attachment":[{"href":"https:\/\/www.billigtrikotde.com\/it\/wp-json\/wp\/v2\/media?parent=7374"}],"wp:term":[{"taxonomy":"product_brand","embeddable":true,"href":"https:\/\/www.billigtrikotde.com\/it\/wp-json\/wp\/v2\/product_brand?post=7374"},{"taxonomy":"product_cat","embeddable":true,"href":"https:\/\/www.billigtrikotde.com\/it\/wp-json\/wp\/v2\/product_cat?post=7374"},{"taxonomy":"product_tag","embeddable":true,"href":"https:\/\/www.billigtrikotde.com\/it\/wp-json\/wp\/v2\/product_tag?post=7374"}],"curies":[{"name":"wp","href":"https:\/\/api.w.org\/{rel}","templated":true}]}}