{"id":7330,"date":"2024-10-23T18:24:11","date_gmt":"2024-10-23T16:24:11","guid":{"rendered":"http:\/\/billigtrikots.com\/?post_type=product&#038;p=7330"},"modified":"2024-10-23T18:26:18","modified_gmt":"2024-10-23T16:26:18","slug":"neuen-leicester-city-2022-23-heimtrikot-blau-weiss-kurzarm-kurze-hosen-mit-aufdruck-fofana-3","status":"publish","type":"product","link":"https:\/\/www.billigtrikotde.com\/it\/neuen-leicester-city-2022-23-heimtrikot-blau-weiss-kurzarm-kurze-hosen-mit-aufdruck-fofana-3\/","title":{"rendered":"Nuova maglia Leicester City 2022-23 casa blu bianco manica corta + pantaloncini con stampa FOFANA 3"},"content":{"rendered":"<p>La maglia home Adidas Leicester City 2022-23 \u00e8 disponibile nel consueto colore blu del club e presenta una base a tinta unita senza grafica. Come per molte altre squadre Adidas B quest'anno, viene utilizzato un modello standard con colletto bianco e le strisce Adidas sulle spalle appaiono in bianco, cos\u00ec come i loghi degli sponsor. Tuttavia, lo stemma del Leicester \u00e8 di colore oro e blu e il logo Adidas \u00e8 anch'esso di colore oro, proseguendo l'uso dell'oro da parte di Adidas su tutte le maglie del Leicester prodotte finora.<\/p>\n<p>Suggerimenti per la stampa: Se il nome e il numero dell'immagine sono esattamente quelli desiderati, non \u00e8 necessario inserirli nuovamente. In caso contrario, \u00e8 necessario inserire il nome e il numero desiderati.<\/p>\n<p>Consigli per il lavaggio: Si consiglia di lavare le magliette da calcio a mano. Se si desidera utilizzare la lavatrice, ricordarsi di capovolgere le magliette da calcio e poi lavarle. Riempire la macchina con acqua fredda e utilizzare un ciclo delicato per proteggere meglio i colori.<\/p>","protected":false},"excerpt":{"rendered":"<p>Das Adidas Leicester City 2022-23 Heim trikot kommt im gewohnten Blauton des Vereins daher und hat einen einfarbigen Grundton ohne Grafik. Wie schon bei einigen anderen B-Mannschaften von Adidas in diesem Jahr wird eine Standardvorlage mit einem wei\u00dfen Kragen verwendet.Die Adidas-Streifen auf den Schultern erscheinen in Wei\u00df, genau wie die Sponsorenlogos. Das Wappen von Leicester [&hellip;]<\/p>","protected":false},"featured_media":7369,"comment_status":"open","ping_status":"closed","template":"","meta":[],"product_brand":[],"product_cat":[80],"product_tag":[20,21,22,23,54,24,323,324],"class_list":{"0":"post-7330","1":"product","2":"type-product","3":"status-publish","4":"has-post-thumbnail","6":"product_cat-leicester-city","7":"product_tag-coole-fussballtrikots","8":"product_tag-fussballtrikot-fuer-herren","9":"product_tag-fussballtrikot-guenstig-kaufen","10":"product_tag-fussballtrikot-kurzarm","11":"product_tag-fussballtrikot-set","12":"product_tag-guenstiges-fussballtrikot","13":"product_tag-leicester-city-2022-23-heimtrikot","14":"product_tag-leicester-city-heimtrikot","16":"first","17":"instock","18":"shipping-taxable","19":"purchasable","20":"product-type-variable"},"_links":{"self":[{"href":"https:\/\/www.billigtrikotde.com\/it\/wp-json\/wp\/v2\/product\/7330","targetHints":{"allow":["GET"]}}],"collection":[{"href":"https:\/\/www.billigtrikotde.com\/it\/wp-json\/wp\/v2\/product"}],"about":[{"href":"https:\/\/www.billigtrikotde.com\/it\/wp-json\/wp\/v2\/types\/product"}],"replies":[{"embeddable":true,"href":"https:\/\/www.billigtrikotde.com\/it\/wp-json\/wp\/v2\/comments?post=7330"}],"wp:featuredmedia":[{"embeddable":true,"href":"https:\/\/www.billigtrikotde.com\/it\/wp-json\/wp\/v2\/media\/7369"}],"wp:attachment":[{"href":"https:\/\/www.billigtrikotde.com\/it\/wp-json\/wp\/v2\/media?parent=7330"}],"wp:term":[{"taxonomy":"product_brand","embeddable":true,"href":"https:\/\/www.billigtrikotde.com\/it\/wp-json\/wp\/v2\/product_brand?post=7330"},{"taxonomy":"product_cat","embeddable":true,"href":"https:\/\/www.billigtrikotde.com\/it\/wp-json\/wp\/v2\/product_cat?post=7330"},{"taxonomy":"product_tag","embeddable":true,"href":"https:\/\/www.billigtrikotde.com\/it\/wp-json\/wp\/v2\/product_tag?post=7330"}],"curies":[{"name":"wp","href":"https:\/\/api.w.org\/{rel}","templated":true}]}}