{"id":73,"date":"2024-10-23T12:04:07","date_gmt":"2024-10-23T10:04:07","guid":{"rendered":"http:\/\/billigtrikots.com\/?post_type=product&#038;p=73"},"modified":"2024-10-23T12:05:44","modified_gmt":"2024-10-23T10:05:44","slug":"ac-mailand-2021-22-herren-auswaerts-trikot-beige-rot-guenstig-online-kaufen","status":"publish","type":"product","link":"https:\/\/www.billigtrikotde.com\/it\/ac-mailand-2021-22-herren-auswaerts-trikot-beige-rot-guenstig-online-kaufen\/","title":{"rendered":"Maglia da trasferta AC Milan 2021\/22 Uomo beige\/rosso acquistare online a buon mercato"},"content":{"rendered":"<p>La maglia dell'AC Milan \u00e8 realizzata in poliestere riciclato di alta qualit\u00e0, molto morbido sulla pelle e convince anche per la sua longevit\u00e0 e resistenza. Fabbricata interamente con materiali riciclati, la maglia pu\u00f2 vantare una sostenibilit\u00e0 piena! Allo stesso tempo si beneficia del materiale funzionale DryCELL traspirante, che trasferisce immediatamente l'umidit\u00e0 dal corpo verso l'esterno e dunque offre un comfort di indossaggio fresco.<\/p>\n<p>Questa versione replica della maglia away originale \u00e8 tagliata leggermente pi\u00f9 ampia e invita quindi al benessere. Le maniche raglan, collaudate, contribuiscono anche a una libert\u00e0 di movimento senza restrizioni.<\/p>\n<p>Suggerimenti per la stampa: Se il nome e il numero dell'immagine sono esattamente quelli desiderati, non \u00e8 necessario inserirli nuovamente. In caso contrario, \u00e8 necessario inserire il nome e il numero desiderati.<\/p>\n<p>Consigli per il lavaggio: Si consiglia di lavare le magliette da calcio a mano. Se si desidera utilizzare la lavatrice, ricordarsi di capovolgere le magliette da calcio e poi lavarle. Riempire la macchina con acqua fredda e utilizzare un ciclo delicato per proteggere meglio i colori.<\/p>","protected":false},"excerpt":{"rendered":"<p>La maglia dell'AC Milan \u00e8 realizzata in poliestere riciclato di alta qualit\u00e0, molto morbido sulla pelle e convince anche per la sua longevit\u00e0 e resistenza. Fabbricata interamente con materiali riciclati, la maglia pu\u00f2 vantare una sostenibilit\u00e0 piena! Allo stesso tempo si beneficia del materiale funzionale DryCELL traspirante, che trasferisce immediatamente l'umidit\u00e0 dal corpo verso l'esterno e dunque offre un comfort di indossaggio fresco.<\/p>","protected":false},"featured_media":104,"comment_status":"open","ping_status":"closed","template":"","meta":[],"product_brand":[],"product_cat":[15],"product_tag":[19,20,21,22,23,24],"class_list":{"0":"post-73","1":"product","2":"type-product","3":"status-publish","4":"has-post-thumbnail","6":"product_cat-unkategorisiert","7":"product_tag-ac-milan-auswaertstrikot","8":"product_tag-coole-fussballtrikots","9":"product_tag-fussballtrikot-fuer-herren","10":"product_tag-fussballtrikot-guenstig-kaufen","11":"product_tag-fussballtrikot-kurzarm","12":"product_tag-guenstiges-fussballtrikot","14":"first","15":"instock","16":"shipping-taxable","17":"purchasable","18":"product-type-variable"},"_links":{"self":[{"href":"https:\/\/www.billigtrikotde.com\/it\/wp-json\/wp\/v2\/product\/73","targetHints":{"allow":["GET"]}}],"collection":[{"href":"https:\/\/www.billigtrikotde.com\/it\/wp-json\/wp\/v2\/product"}],"about":[{"href":"https:\/\/www.billigtrikotde.com\/it\/wp-json\/wp\/v2\/types\/product"}],"replies":[{"embeddable":true,"href":"https:\/\/www.billigtrikotde.com\/it\/wp-json\/wp\/v2\/comments?post=73"}],"wp:featuredmedia":[{"embeddable":true,"href":"https:\/\/www.billigtrikotde.com\/it\/wp-json\/wp\/v2\/media\/104"}],"wp:attachment":[{"href":"https:\/\/www.billigtrikotde.com\/it\/wp-json\/wp\/v2\/media?parent=73"}],"wp:term":[{"taxonomy":"product_brand","embeddable":true,"href":"https:\/\/www.billigtrikotde.com\/it\/wp-json\/wp\/v2\/product_brand?post=73"},{"taxonomy":"product_cat","embeddable":true,"href":"https:\/\/www.billigtrikotde.com\/it\/wp-json\/wp\/v2\/product_cat?post=73"},{"taxonomy":"product_tag","embeddable":true,"href":"https:\/\/www.billigtrikotde.com\/it\/wp-json\/wp\/v2\/product_tag?post=73"}],"curies":[{"name":"wp","href":"https:\/\/api.w.org\/{rel}","templated":true}]}}