{"id":7258,"date":"2024-10-23T18:20:40","date_gmt":"2024-10-23T16:20:40","guid":{"rendered":"http:\/\/billigtrikots.com\/?post_type=product&#038;p=7258"},"modified":"2024-10-23T18:22:54","modified_gmt":"2024-10-23T16:22:54","slug":"neue-rb-leipzig-auswaertstrikot-fuer-2022-23-rot-guenstig-fussballtrikots-set","status":"publish","type":"product","link":"https:\/\/www.billigtrikotde.com\/it\/neue-rb-leipzig-auswaertstrikot-fuer-2022-23-rot-guenstig-fussballtrikots-set\/","title":{"rendered":"Nuovo kit da trasferta dell'RB Leipzig per il 2022-23 Set di maglie da calcio economiche rosse"},"content":{"rendered":"<p>La maglia da trasferta Nike RasenBallsport Leipzig 2022-2023 combina due tonalit\u00e0 di rosso ed \u00e8 prevalentemente rossa con un motivo stampato sul davanti in una tonalit\u00e0 pi\u00f9 scura. Il colletto e i polsini della maglia da trasferta Nike RasenBallsport Leipzig 2022-2023 presentano lo stesso rosso scuro, mentre lo Swoosh Nike \u00e8 bianco per abbinarsi allo stemma del club.<br \/>\n\u00c8 la prima volta nell'era Nike x Lipsia che Nike produce una maglia rossa personalizzata per il club.<\/p>\n<p>Suggerimenti per la stampa: Se il nome e il numero dell'immagine sono esattamente quelli desiderati, non \u00e8 necessario inserirli nuovamente. In caso contrario, \u00e8 necessario inserire il nome e il numero desiderati.<\/p>\n<p>Consigli per il lavaggio: Si consiglia di lavare le magliette da calcio a mano. Se si desidera utilizzare la lavatrice, ricordarsi di capovolgere le magliette da calcio e poi lavarle. Riempire la macchina con acqua fredda e utilizzare un ciclo delicato per proteggere meglio i colori.<\/p>","protected":false},"excerpt":{"rendered":"<p>La maglia da trasferta Nike RasenBallsport Leipzig 2022-2023 combina due tonalit\u00e0 di rosso ed \u00e8 prevalentemente rossa con un motivo stampato sul davanti in una tonalit\u00e0 pi\u00f9 scura. Il colletto e i polsini della maglia da trasferta Nike RasenBallsport Leipzig 2022-2023 presentano lo stesso rosso scuro, mentre lo Swoosh Nike \u00e8 bianco per abbinarsi allo stemma del club.<\/p>","protected":false},"featured_media":7297,"comment_status":"open","ping_status":"closed","template":"","meta":[],"product_brand":[],"product_cat":[185],"product_tag":[20,21,22,23,24,186,312,187],"class_list":{"0":"post-7258","1":"product","2":"type-product","3":"status-publish","4":"has-post-thumbnail","6":"product_cat-rb-leipzig","7":"product_tag-coole-fussballtrikots","8":"product_tag-fussballtrikot-fuer-herren","9":"product_tag-fussballtrikot-guenstig-kaufen","10":"product_tag-fussballtrikot-kurzarm","11":"product_tag-guenstiges-fussballtrikot","12":"product_tag-rb-leipzig-auswaertstrikot","13":"product_tag-rb-leipzig-auswaertstrikot-2022-23","14":"product_tag-rb-leipzig-trikots","16":"first","17":"instock","18":"shipping-taxable","19":"purchasable","20":"product-type-variable"},"_links":{"self":[{"href":"https:\/\/www.billigtrikotde.com\/it\/wp-json\/wp\/v2\/product\/7258","targetHints":{"allow":["GET"]}}],"collection":[{"href":"https:\/\/www.billigtrikotde.com\/it\/wp-json\/wp\/v2\/product"}],"about":[{"href":"https:\/\/www.billigtrikotde.com\/it\/wp-json\/wp\/v2\/types\/product"}],"replies":[{"embeddable":true,"href":"https:\/\/www.billigtrikotde.com\/it\/wp-json\/wp\/v2\/comments?post=7258"}],"wp:featuredmedia":[{"embeddable":true,"href":"https:\/\/www.billigtrikotde.com\/it\/wp-json\/wp\/v2\/media\/7297"}],"wp:attachment":[{"href":"https:\/\/www.billigtrikotde.com\/it\/wp-json\/wp\/v2\/media?parent=7258"}],"wp:term":[{"taxonomy":"product_brand","embeddable":true,"href":"https:\/\/www.billigtrikotde.com\/it\/wp-json\/wp\/v2\/product_brand?post=7258"},{"taxonomy":"product_cat","embeddable":true,"href":"https:\/\/www.billigtrikotde.com\/it\/wp-json\/wp\/v2\/product_cat?post=7258"},{"taxonomy":"product_tag","embeddable":true,"href":"https:\/\/www.billigtrikotde.com\/it\/wp-json\/wp\/v2\/product_tag?post=7258"}],"curies":[{"name":"wp","href":"https:\/\/api.w.org\/{rel}","templated":true}]}}