{"id":7162,"date":"2024-10-23T18:16:14","date_gmt":"2024-10-23T16:16:14","guid":{"rendered":"http:\/\/billigtrikots.com\/?post_type=product&#038;p=7162"},"modified":"2024-10-23T18:18:18","modified_gmt":"2024-10-23T16:18:18","slug":"neues-chelsea-fc-22-23-heimtrikot-blau-fussballtrikots-kaufen-kurzarm-kurze-hosen","status":"publish","type":"product","link":"https:\/\/www.billigtrikotde.com\/it\/neues-chelsea-fc-22-23-heimtrikot-blau-fussballtrikots-kaufen-kurzarm-kurze-hosen\/","title":{"rendered":"Nuovo Chelsea FC 22-23 Home Shirt Blue Football Camicie Acquista manica corta + pantaloncini"},"content":{"rendered":"<p>La maglia Nike Chelsea 22-23 \u00e8 stata presentata ufficialmente questa mattina. A differenza della maglia Chelsea 21-22, la maglia Nike Chelsea FC 2022-23 \u00e8 interamente blu con scollo Henley bianco\/turchese, con un motivo di leoni turchesi sullo scollo bianco. Lo stesso motivo si trova anche sul top pre-partita del Chelsea 22-23 e su altri capi della collezione.<\/p>\n<p>Suggerimenti per la stampa: Se il nome e il numero dell'immagine sono esattamente quelli desiderati, non \u00e8 necessario inserirli nuovamente. In caso contrario, \u00e8 necessario inserire il nome e il numero desiderati.<\/p>\n<p>Consigli per il lavaggio: Si consiglia di lavare le magliette da calcio a mano. Se si desidera utilizzare la lavatrice, ricordarsi di capovolgere le magliette da calcio e poi lavarle. Riempire la macchina con acqua fredda e utilizzare un ciclo delicato per proteggere meglio i colori.<\/p>","protected":false},"excerpt":{"rendered":"<p>Das Nike Chelsea 22-23 Trikot wurde heute Morgen offiziell vorgestellt. Das Hauptmerkmal des neuen Chelsea-Heimtrikots ist der wei\u00dfe Kragen mit t\u00fcrkisfarbener Zierleiste.Dies ist das neue Nike Chelsea Trikot f\u00fcr 2022-23.Im Gegensatz zum Chelsea 21-22 Trikot ist das Nike Chelsea FC 2022-23 Trikot komplett blau mit einem wei\u00df\/t\u00fcrkisfarbenen Henley-Ausschnitt.Auf dem wei\u00dfen Halsausschnitt ist ein t\u00fcrkisfarbenes L\u00f6wenmuster [&hellip;]<\/p>","protected":false},"featured_media":7201,"comment_status":"open","ping_status":"closed","template":"","meta":[],"product_brand":[],"product_cat":[72],"product_tag":[20,73,21,24],"class_list":{"0":"post-7162","1":"product","2":"type-product","3":"status-publish","4":"has-post-thumbnail","6":"product_cat-chelsea","7":"product_tag-coole-fussballtrikots","8":"product_tag-chelsea-trikots","9":"product_tag-fussballtrikot-fuer-herren","10":"product_tag-guenstiges-fussballtrikot","12":"first","13":"instock","14":"shipping-taxable","15":"purchasable","16":"product-type-variable"},"_links":{"self":[{"href":"https:\/\/www.billigtrikotde.com\/it\/wp-json\/wp\/v2\/product\/7162","targetHints":{"allow":["GET"]}}],"collection":[{"href":"https:\/\/www.billigtrikotde.com\/it\/wp-json\/wp\/v2\/product"}],"about":[{"href":"https:\/\/www.billigtrikotde.com\/it\/wp-json\/wp\/v2\/types\/product"}],"replies":[{"embeddable":true,"href":"https:\/\/www.billigtrikotde.com\/it\/wp-json\/wp\/v2\/comments?post=7162"}],"wp:featuredmedia":[{"embeddable":true,"href":"https:\/\/www.billigtrikotde.com\/it\/wp-json\/wp\/v2\/media\/7201"}],"wp:attachment":[{"href":"https:\/\/www.billigtrikotde.com\/it\/wp-json\/wp\/v2\/media?parent=7162"}],"wp:term":[{"taxonomy":"product_brand","embeddable":true,"href":"https:\/\/www.billigtrikotde.com\/it\/wp-json\/wp\/v2\/product_brand?post=7162"},{"taxonomy":"product_cat","embeddable":true,"href":"https:\/\/www.billigtrikotde.com\/it\/wp-json\/wp\/v2\/product_cat?post=7162"},{"taxonomy":"product_tag","embeddable":true,"href":"https:\/\/www.billigtrikotde.com\/it\/wp-json\/wp\/v2\/product_tag?post=7162"}],"curies":[{"name":"wp","href":"https:\/\/api.w.org\/{rel}","templated":true}]}}