{"id":7152,"date":"2024-10-23T18:15:41","date_gmt":"2024-10-23T16:15:41","guid":{"rendered":"http:\/\/billigtrikots.com\/?post_type=product&#038;p=7152"},"modified":"2024-11-18T15:39:12","modified_gmt":"2024-11-18T14:39:12","slug":"promes-11-ajax-amsterdam-trikot-bob-marley-2020-2021-blau-fussballtrikot-fuer-herren","status":"publish","type":"product","link":"https:\/\/www.billigtrikotde.com\/it\/promes-11-ajax-amsterdam-trikot-bob-marley-2020-2021-blau-fussballtrikot-fuer-herren\/","title":{"rendered":"PROMES 11 Ajax Amsterdam Maglia Bob Marley 2020-2021 blu Maglia da calcio per uomo"},"content":{"rendered":"<p>Il nuovo design di ispirazione retr\u00f2 sembra piacere ai tifosi. La maglia \u00e8 decorata con motivi a scacchi blu, sfumati in un blu pi\u00f9 chiaro.<\/p>\n<p>Suggerimenti per la stampa: Se il nome e il numero dell'immagine sono esattamente quelli desiderati, non \u00e8 necessario inserirli nuovamente. In caso contrario, \u00e8 necessario inserire il nome e il numero desiderati.<\/p>\n<p>Consigli per il lavaggio: Si consiglia di lavare le magliette da calcio a mano. Se si desidera utilizzare la lavatrice, ricordarsi di capovolgere le magliette da calcio e poi lavarle. Riempire la macchina con acqua fredda e utilizzare un ciclo delicato per proteggere meglio i colori.<\/p>","protected":false},"excerpt":{"rendered":"<p>Il nuovo design dall'inclinazione retr\u00f2 sembra essere molto apprezzato dai tifosi. Motivi a quadri blu adornano la maglia, ombreggiati da un blu pi\u00f9 chiaro. Suggerimenti per la stampa: se il nome e il numero sull'immagine corrispondono esattamente alle tue preferenze, non \u00e8 necessario inserirli nuovamente. In caso contrario, dovresti inserire il nome e il numero desiderati [\u2026]<\/p>","protected":false},"featured_media":7190,"comment_status":"open","ping_status":"closed","template":"","meta":[],"product_brand":[],"product_cat":[299],"product_tag":[1372,300,301,20,21,22,23,24],"class_list":{"0":"post-7152","1":"product","2":"type-product","3":"status-publish","4":"has-post-thumbnail","6":"product_cat-afc-ajax","7":"product_tag-ajax-amsterdam-trikot","8":"product_tag-ajax-auswaertstrikot","9":"product_tag-ajax-trikots","10":"product_tag-coole-fussballtrikots","11":"product_tag-fussballtrikot-fuer-herren","12":"product_tag-fussballtrikot-guenstig-kaufen","13":"product_tag-fussballtrikot-kurzarm","14":"product_tag-guenstiges-fussballtrikot","16":"first","17":"instock","18":"shipping-taxable","19":"purchasable","20":"product-type-variable"},"_links":{"self":[{"href":"https:\/\/www.billigtrikotde.com\/it\/wp-json\/wp\/v2\/product\/7152","targetHints":{"allow":["GET"]}}],"collection":[{"href":"https:\/\/www.billigtrikotde.com\/it\/wp-json\/wp\/v2\/product"}],"about":[{"href":"https:\/\/www.billigtrikotde.com\/it\/wp-json\/wp\/v2\/types\/product"}],"replies":[{"embeddable":true,"href":"https:\/\/www.billigtrikotde.com\/it\/wp-json\/wp\/v2\/comments?post=7152"}],"wp:featuredmedia":[{"embeddable":true,"href":"https:\/\/www.billigtrikotde.com\/it\/wp-json\/wp\/v2\/media\/7190"}],"wp:attachment":[{"href":"https:\/\/www.billigtrikotde.com\/it\/wp-json\/wp\/v2\/media?parent=7152"}],"wp:term":[{"taxonomy":"product_brand","embeddable":true,"href":"https:\/\/www.billigtrikotde.com\/it\/wp-json\/wp\/v2\/product_brand?post=7152"},{"taxonomy":"product_cat","embeddable":true,"href":"https:\/\/www.billigtrikotde.com\/it\/wp-json\/wp\/v2\/product_cat?post=7152"},{"taxonomy":"product_tag","embeddable":true,"href":"https:\/\/www.billigtrikotde.com\/it\/wp-json\/wp\/v2\/product_tag?post=7152"}],"curies":[{"name":"wp","href":"https:\/\/api.w.org\/{rel}","templated":true}]}}