{"id":7020,"date":"2024-10-23T18:09:35","date_gmt":"2024-10-23T16:09:35","guid":{"rendered":"http:\/\/billigtrikots.com\/?post_type=product&#038;p=7020"},"modified":"2024-10-23T18:11:37","modified_gmt":"2024-10-23T16:11:37","slug":"herren-inter-mailand-2022-2023-heimtrikot-blau-trikotsatz-online-bestellen-mit-aufdruck-vecino-8","status":"publish","type":"product","link":"https:\/\/www.billigtrikotde.com\/it\/herren-inter-mailand-2022-2023-heimtrikot-blau-trikotsatz-online-bestellen-mit-aufdruck-vecino-8\/","title":{"rendered":"Maglia Inter Milan 2022-2023 Uomo Home Kit Blu Ordina online con stampa VECINO 8"},"content":{"rendered":"<p>Sulla nuova maglia dell'Inter Milano 2022-2023, il badge ufficiale del vincitore della Coppa Italia, la Coccarda, \u00e8 posizionato in modo insolito. In Italia, il vincitore della coppa nazionale (Coppa Italia) ha il diritto di indossare la \u00abCoccarda\u00bb nella stagione successiva. La Coccarda (Rosetta) \u00e8 un distintivo rotondo nella famosa tricolore italiana. La Coccarda \u00e8 posizionata in alto a destra. Tuttavia, non \u00e8 posizionata in modo simmetrico sopra lo Swoosh, ma spostata. La stagione per la posizione non simmetrica \u00e8 probabilmente quella con il colletto a rollino. Abbiamo apportato due correzioni alla posizione della Coccarda. Una simmetrica sopra lo Swoosh, l'altra al centro.<br \/>\nNelle norme ufficiali dell'equipaggiamento della Serie A, la posizione della Coccarda e dello Scudetto (distintivo del vincitore della Serie A) non sono specificate. Le squadre possono applicarli ovunque sulla maglia, anche al centro. L'Inter potrebbe aver deciso di non posizionare la Coccarda al centro per evitare confusioni con lo Scudetto (distintivo del vincitore della Serie A), che viene tradizionalmente posizionato al centro. Negli anni in cui la Juventus ha vinto sia la Serie A che la Coppa Italia, \u00e8 stato applicato un distintivo sopra il logo Adidas e l'altro sopra lo stemma.<\/p>\n<p>Suggerimenti per la stampa: Se il nome e il numero dell'immagine sono esattamente quelli desiderati, non \u00e8 necessario inserirli nuovamente. In caso contrario, \u00e8 necessario inserire il nome e il numero desiderati.<\/p>\n<p>Consigli per il lavaggio: Si consiglia di lavare le magliette da calcio a mano. Se si desidera utilizzare la lavatrice, ricordarsi di capovolgere le magliette da calcio e poi lavarle. Riempire la macchina con acqua fredda e utilizzare un ciclo delicato per proteggere meglio i colori.<\/p>","protected":false},"excerpt":{"rendered":"<p>Sulla nuova maglietta dell'Inter Milano Nike 2022-2023 \u00e8 posizionata in modo insolito l'emblema ufficiale del vincitore della Coppa Italia, la Coccarda. In Italia, il vincitore della coppa nazionale (Coppa Italia) ha il diritto di indossare la \u00abCoccarda\u00bb nella stagione successiva. La Coccarda (rosetta) \u00e8 un distintivo rotondo nella famosa tricolore italiana. La Coccarda \u00e8 posizionata in alto a destra. Tuttavia, \u00e8 [...]<\/p>","protected":false},"featured_media":7058,"comment_status":"open","ping_status":"closed","template":"","meta":[],"product_brand":[],"product_cat":[77],"product_tag":[20,21,22,23,24,297,78],"class_list":{"0":"post-7020","1":"product","2":"type-product","3":"status-publish","4":"has-post-thumbnail","6":"product_cat-inter-milan","7":"product_tag-coole-fussballtrikots","8":"product_tag-fussballtrikot-fuer-herren","9":"product_tag-fussballtrikot-guenstig-kaufen","10":"product_tag-fussballtrikot-kurzarm","11":"product_tag-guenstiges-fussballtrikot","12":"product_tag-inter-mailand-heimtrikot","13":"product_tag-inter-milan-trikots","15":"first","16":"instock","17":"shipping-taxable","18":"purchasable","19":"product-type-variable"},"_links":{"self":[{"href":"https:\/\/www.billigtrikotde.com\/it\/wp-json\/wp\/v2\/product\/7020","targetHints":{"allow":["GET"]}}],"collection":[{"href":"https:\/\/www.billigtrikotde.com\/it\/wp-json\/wp\/v2\/product"}],"about":[{"href":"https:\/\/www.billigtrikotde.com\/it\/wp-json\/wp\/v2\/types\/product"}],"replies":[{"embeddable":true,"href":"https:\/\/www.billigtrikotde.com\/it\/wp-json\/wp\/v2\/comments?post=7020"}],"wp:featuredmedia":[{"embeddable":true,"href":"https:\/\/www.billigtrikotde.com\/it\/wp-json\/wp\/v2\/media\/7058"}],"wp:attachment":[{"href":"https:\/\/www.billigtrikotde.com\/it\/wp-json\/wp\/v2\/media?parent=7020"}],"wp:term":[{"taxonomy":"product_brand","embeddable":true,"href":"https:\/\/www.billigtrikotde.com\/it\/wp-json\/wp\/v2\/product_brand?post=7020"},{"taxonomy":"product_cat","embeddable":true,"href":"https:\/\/www.billigtrikotde.com\/it\/wp-json\/wp\/v2\/product_cat?post=7020"},{"taxonomy":"product_tag","embeddable":true,"href":"https:\/\/www.billigtrikotde.com\/it\/wp-json\/wp\/v2\/product_tag?post=7020"}],"curies":[{"name":"wp","href":"https:\/\/api.w.org\/{rel}","templated":true}]}}