{"id":6812,"date":"2024-10-23T17:59:42","date_gmt":"2024-10-23T15:59:42","guid":{"rendered":"http:\/\/billigtrikots.com\/?post_type=product&#038;p=6812"},"modified":"2024-10-23T18:01:56","modified_gmt":"2024-10-23T16:01:56","slug":"fussballtrikots-guenstig-real-madrid-2022-2023-auswaertstrikots-deutschland-kurzarm-mbappe-7","status":"publish","type":"product","link":"https:\/\/www.billigtrikotde.com\/it\/fussballtrikots-guenstig-real-madrid-2022-2023-auswaertstrikots-deutschland-kurzarm-mbappe-7\/","title":{"rendered":"Camicie da calcio A buon mercato Real Madrid 2022-2023 Away Shirts Germany Manica corta MBAPP\u00c9 7"},"content":{"rendered":"<p>La maglia da trasferta del Real Madrid CF 22-23 \u00e8 di colore \u00abLight Purple\u00bb. Light Purple \u00e8 lo stesso viola utilizzato anche per la maglia del Real Madrid 22-23. Il colore stesso \u00e8 un viola piuttosto pallido e chiaro. Scopri la maglia da trasferta del Real Madrid 2022\/2023. Indossa con orgoglio i colori dei Merengue sul campo o all'aperto. Una maglia flessibile e leggera con tecnologia Adidas Aeroready, un capo che impedisce al sudore di penetrare nel tuo gioco o allenamento. Rimani asciutto dopo le tue accelerazioni.<\/p>\n<p>Suggerimenti per la stampa: Se il nome e il numero dell'immagine sono esattamente quelli desiderati, non \u00e8 necessario inserirli nuovamente. In caso contrario, \u00e8 necessario inserire il nome e il numero desiderati.<\/p>\n<p>Consigli per il lavaggio: Si consiglia di lavare le magliette da calcio a mano. Se si desidera utilizzare la lavatrice, ricordarsi di capovolgere le magliette da calcio e poi lavarle. Riempire la macchina con acqua fredda e utilizzare un ciclo delicato per proteggere meglio i colori.<\/p>","protected":false},"excerpt":{"rendered":"<p>La maglia da trasferta del Real Madrid CF 22-23 \u00e8 'Lilla Chiaro'. Lilla Chiaro \u00e8 lo stesso viola utilizzato anche per la maglia del Real Madrid 22-23. Il colore stesso \u00e8 un lilla piuttosto pallido e chiaro. Scopri la maglia da trasferta del Real Madrid 2022\/2023. Indossa con orgoglio i colori merengue sul campo o all'aperto. Un materiale flessibile e leggero [...]<\/p>","protected":false},"featured_media":6844,"comment_status":"open","ping_status":"closed","template":"","meta":[],"product_brand":[],"product_cat":[45],"product_tag":[20,38,21,228,24,291,271,267,47,268],"class_list":{"0":"post-6812","1":"product","2":"type-product","3":"status-publish","4":"has-post-thumbnail","6":"product_cat-real-madrid","7":"product_tag-coole-fussballtrikots","8":"product_tag-fussball-trikot-langarm","9":"product_tag-fussballtrikot-fuer-herren","10":"product_tag-guenstige-fussballtrikot","11":"product_tag-guenstiges-fussballtrikot","12":"product_tag-real-madrid-2022-2023-auswaertstrikots","13":"product_tag-real-madrid-trikot-herren-guenstig","14":"product_tag-real-madrid-trikot-langarm-herren","15":"product_tag-real-madrid-trikots","16":"product_tag-real-madrid-trikots-22-23","18":"first","19":"instock","20":"shipping-taxable","21":"purchasable","22":"product-type-variable"},"_links":{"self":[{"href":"https:\/\/www.billigtrikotde.com\/it\/wp-json\/wp\/v2\/product\/6812","targetHints":{"allow":["GET"]}}],"collection":[{"href":"https:\/\/www.billigtrikotde.com\/it\/wp-json\/wp\/v2\/product"}],"about":[{"href":"https:\/\/www.billigtrikotde.com\/it\/wp-json\/wp\/v2\/types\/product"}],"replies":[{"embeddable":true,"href":"https:\/\/www.billigtrikotde.com\/it\/wp-json\/wp\/v2\/comments?post=6812"}],"wp:featuredmedia":[{"embeddable":true,"href":"https:\/\/www.billigtrikotde.com\/it\/wp-json\/wp\/v2\/media\/6844"}],"wp:attachment":[{"href":"https:\/\/www.billigtrikotde.com\/it\/wp-json\/wp\/v2\/media?parent=6812"}],"wp:term":[{"taxonomy":"product_brand","embeddable":true,"href":"https:\/\/www.billigtrikotde.com\/it\/wp-json\/wp\/v2\/product_brand?post=6812"},{"taxonomy":"product_cat","embeddable":true,"href":"https:\/\/www.billigtrikotde.com\/it\/wp-json\/wp\/v2\/product_cat?post=6812"},{"taxonomy":"product_tag","embeddable":true,"href":"https:\/\/www.billigtrikotde.com\/it\/wp-json\/wp\/v2\/product_tag?post=6812"}],"curies":[{"name":"wp","href":"https:\/\/api.w.org\/{rel}","templated":true}]}}