{"id":6647,"date":"2024-10-23T17:51:13","date_gmt":"2024-10-23T15:51:13","guid":{"rendered":"http:\/\/billigtrikots.com\/?post_type=product&#038;p=6647"},"modified":"2024-10-23T17:53:24","modified_gmt":"2024-10-23T15:53:24","slug":"united-states-auswaertstrikot-wm-2022-blau-usa-trikots-kurzarm-kurze-hosen-online-dunn-19","status":"publish","type":"product","link":"https:\/\/www.billigtrikotde.com\/it\/united-states-auswaertstrikot-wm-2022-blau-usa-trikots-kurzarm-kurze-hosen-online-dunn-19\/","title":{"rendered":"Maglietta da trasferta Italia Mondiale 2022 blu magliette Italia a maniche corte + pantaloncini online DUNN 19"},"content":{"rendered":"<p>Possiamo pubblicare le prime informazioni sulla nuova maglia del 2022 dell'Italia di Nike. Grazie a Gol de Sergio. L'Italia \u00e8 attualmente seconda nell'ultima fase delle qualificazioni CONCACAF per la Coppa del Mondo FIFA 2022. Le prime tre squadre si qualificano direttamente, la quarta classificata giocher\u00e0 gli spareggi tra le federazioni. Questa immagine mostra i colori della nuova maglia di casa Nike per la nazionale italiana per il Mondiale 2022.<br \/>\nLa maglia Nike Italia 2022 combina i colori pi\u00f9 tradizionali della squadra di calcio italiana \u2013 Bianco e Blu Navy. Ufficialmente i colori sono \u201eBianco \/ Blu Leale\u201c. Blu Leale \u00e8 lo stesso colore usato anche per la maglia in trasferta del 2020. Ci\u00f2 che rende speciale la maglia mondiale Nike Italia 2022 \u00e8 la probabile posizione dello Swoosh. Invece del logo Nike sulla parte anteriore, gli Swoosh probabilmente appariranno sulle maniche. \u00c8 lo stesso stile di logo che conosciamo dalla NFL. Non \u00e8 mai stato usato su una maglia da calcio Nike. Il numero sulla parte anteriore sarebbe sul lato opposto dello stemma della nazionale italiana.<\/p>\n<p>Suggerimenti per la stampa: Se il nome e il numero dell'immagine sono esattamente quelli desiderati, non \u00e8 necessario inserirli nuovamente. In caso contrario, \u00e8 necessario inserire il nome e il numero desiderati.<\/p>\n<p>Consigli per il lavaggio: Si consiglia di lavare le magliette da calcio a mano. Se si desidera utilizzare la lavatrice, ricordarsi di capovolgere le magliette da calcio e poi lavarle. Riempire la macchina con acqua fredda e utilizzare un ciclo delicato per proteggere meglio i colori.<\/p>","protected":false},"excerpt":{"rendered":"<p>Possiamo pubblicare le prime informazioni sulla nuova maglietta 2022 dell'Italia di Nike. Grazie a Gol de Sergio. L'Italia \u00e8 attualmente seconda nell'ultima fase delle qualificazioni CONCACAF per la Coppa del Mondo FIFA di calcio 2022. Le prime tre squadre si qualificano direttamente, la quarta classificata giocher\u00e0 gli spareggi tra le federazioni. Questo [\u2026]<\/p>","protected":false},"featured_media":6686,"comment_status":"open","ping_status":"closed","template":"","meta":[],"product_brand":[],"product_cat":[245],"product_tag":[20,43,21,22,23,24,246,289,247,248,249,250,288],"class_list":{"0":"post-6647","1":"product","2":"type-product","3":"status-publish","4":"has-post-thumbnail","6":"product_cat-usa-trikots","7":"product_tag-coole-fussballtrikots","8":"product_tag-fussballkleidung","9":"product_tag-fussballtrikot-fuer-herren","10":"product_tag-fussballtrikot-guenstig-kaufen","11":"product_tag-fussballtrikot-kurzarm","12":"product_tag-guenstiges-fussballtrikot","13":"product_tag-united-states-2022-trikot","14":"product_tag-united-states-auswaertstrikot","15":"product_tag-usa-fussball-shop","16":"product_tag-usa-fussball-trikot","17":"product_tag-usa-nationalmannschaft","18":"product_tag-usa-trikot-herren","19":"product_tag-usa-trikots","21":"first","22":"instock","23":"shipping-taxable","24":"purchasable","25":"product-type-variable"},"_links":{"self":[{"href":"https:\/\/www.billigtrikotde.com\/it\/wp-json\/wp\/v2\/product\/6647","targetHints":{"allow":["GET"]}}],"collection":[{"href":"https:\/\/www.billigtrikotde.com\/it\/wp-json\/wp\/v2\/product"}],"about":[{"href":"https:\/\/www.billigtrikotde.com\/it\/wp-json\/wp\/v2\/types\/product"}],"replies":[{"embeddable":true,"href":"https:\/\/www.billigtrikotde.com\/it\/wp-json\/wp\/v2\/comments?post=6647"}],"wp:featuredmedia":[{"embeddable":true,"href":"https:\/\/www.billigtrikotde.com\/it\/wp-json\/wp\/v2\/media\/6686"}],"wp:attachment":[{"href":"https:\/\/www.billigtrikotde.com\/it\/wp-json\/wp\/v2\/media?parent=6647"}],"wp:term":[{"taxonomy":"product_brand","embeddable":true,"href":"https:\/\/www.billigtrikotde.com\/it\/wp-json\/wp\/v2\/product_brand?post=6647"},{"taxonomy":"product_cat","embeddable":true,"href":"https:\/\/www.billigtrikotde.com\/it\/wp-json\/wp\/v2\/product_cat?post=6647"},{"taxonomy":"product_tag","embeddable":true,"href":"https:\/\/www.billigtrikotde.com\/it\/wp-json\/wp\/v2\/product_tag?post=6647"}],"curies":[{"name":"wp","href":"https:\/\/api.w.org\/{rel}","templated":true}]}}