{"id":6199,"date":"2024-10-23T17:29:32","date_gmt":"2024-10-23T15:29:32","guid":{"rendered":"http:\/\/billigtrikots.com\/?post_type=product&#038;p=6199"},"modified":"2024-10-23T17:31:44","modified_gmt":"2024-10-23T15:31:44","slug":"kinder-fussballtrikots-liverpool-heimtrikot-2022-23-rot-kurzarm-kurze-hosen-luis-diaz-23","status":"publish","type":"product","link":"https:\/\/www.billigtrikotde.com\/it\/kinder-fussballtrikots-liverpool-heimtrikot-2022-23-rot-kurzarm-kurze-hosen-luis-diaz-23\/","title":{"rendered":"Maglia calcio bambini Liverpool Home Shirt 2022\/23 Rosso manica corta + pantaloncini LUIS D\u00cdAZ 23"},"content":{"rendered":"<p>Una maglia morbida e leggera dotata della tecnologia Nike Dri Fit, un capo che impedisce alla sudorazione di invadere durante la partita o l'allenamento. Resta asciutto dopo le tue accelerazioni. Liverpool ha alcuni dei tifosi pi\u00f9 appassionati del mondo ed \u00e8 un'esperienza molto speciale quando i tifosi dei Reds si radunano a The Kop e nel resto dello stadio di Anfield, dove la squadra ha la sua casa, per cantare il celebre 'You\u2019ll Never Walk Alone'. Liverpool ha finora conquistato 19 campionati, ma \u00e8 ancora affamata di ulteriori successi e trofei.<\/p>\n<p>Suggerimenti per la stampa: Se il nome e il numero dell'immagine sono esattamente quelli desiderati, non \u00e8 necessario inserirli nuovamente. In caso contrario, \u00e8 necessario inserire il nome e il numero desiderati.<\/p>\n<p>Consigli per il lavaggio: Si consiglia di lavare le magliette da calcio a mano. Se si desidera utilizzare la lavatrice, ricordarsi di capovolgere le magliette da calcio e poi lavarle. Riempire la macchina con acqua fredda e utilizzare un ciclo delicato per proteggere meglio i colori.<\/p>","protected":false},"excerpt":{"rendered":"<p>Un maillot souple et l\u00e9ger dot\u00e9 de la technologie Nike Dri Fit, un v\u00eatement qui emp\u00eache la transpiration de s\u2019inviter lors de votre match ou entrainement. Rester au sec apr\u00e8s vos acc\u00e9l\u00e9rations.Liverpool hat einige der leidenschaftlichsten Fans der Welt und es ist ein ganz besonderes Erlebnis, wenn die Fans der Reds auf The Kop und [&hellip;]<\/p>","protected":false},"featured_media":6238,"comment_status":"open","ping_status":"closed","template":"","meta":[],"product_brand":[],"product_cat":[151],"product_tag":[20,21,22,23,24,94,152,277,153,154],"class_list":{"0":"post-6199","1":"product","2":"type-product","3":"status-publish","4":"has-post-thumbnail","6":"product_cat-liverpool-kindertrikot","7":"product_tag-coole-fussballtrikots","8":"product_tag-fussballtrikot-fuer-herren","9":"product_tag-fussballtrikot-guenstig-kaufen","10":"product_tag-fussballtrikot-kurzarm","11":"product_tag-guenstiges-fussballtrikot","12":"product_tag-kinder-fussball-trikotsatz","13":"product_tag-liverpool-heimtrikot","14":"product_tag-liverpool-kinder-trikot-set","15":"product_tag-liverpool-trikots","16":"product_tag-liverpool-trikotsatz-fuer-kinder","18":"first","19":"instock","20":"shipping-taxable","21":"purchasable","22":"product-type-variable"},"_links":{"self":[{"href":"https:\/\/www.billigtrikotde.com\/it\/wp-json\/wp\/v2\/product\/6199","targetHints":{"allow":["GET"]}}],"collection":[{"href":"https:\/\/www.billigtrikotde.com\/it\/wp-json\/wp\/v2\/product"}],"about":[{"href":"https:\/\/www.billigtrikotde.com\/it\/wp-json\/wp\/v2\/types\/product"}],"replies":[{"embeddable":true,"href":"https:\/\/www.billigtrikotde.com\/it\/wp-json\/wp\/v2\/comments?post=6199"}],"wp:featuredmedia":[{"embeddable":true,"href":"https:\/\/www.billigtrikotde.com\/it\/wp-json\/wp\/v2\/media\/6238"}],"wp:attachment":[{"href":"https:\/\/www.billigtrikotde.com\/it\/wp-json\/wp\/v2\/media?parent=6199"}],"wp:term":[{"taxonomy":"product_brand","embeddable":true,"href":"https:\/\/www.billigtrikotde.com\/it\/wp-json\/wp\/v2\/product_brand?post=6199"},{"taxonomy":"product_cat","embeddable":true,"href":"https:\/\/www.billigtrikotde.com\/it\/wp-json\/wp\/v2\/product_cat?post=6199"},{"taxonomy":"product_tag","embeddable":true,"href":"https:\/\/www.billigtrikotde.com\/it\/wp-json\/wp\/v2\/product_tag?post=6199"}],"curies":[{"name":"wp","href":"https:\/\/api.w.org\/{rel}","templated":true}]}}