{"id":5997,"date":"2024-10-23T17:20:14","date_gmt":"2024-10-23T15:20:14","guid":{"rendered":"http:\/\/billigtrikots.com\/?post_type=product&#038;p=5997"},"modified":"2024-10-23T17:22:19","modified_gmt":"2024-10-23T15:22:19","slug":"danilo-3-manchester-city-heimtrikot-2022-2023-blau-kurzarm-weiss-kurze-hosen","status":"publish","type":"product","link":"https:\/\/www.billigtrikotde.com\/it\/danilo-3-manchester-city-heimtrikot-2022-2023-blau-kurzarm-weiss-kurze-hosen\/","title":{"rendered":"DANILO 3 Maglia Manchester City home 2022\/2023 manica corta blu + pantaloncini bianchi"},"content":{"rendered":"<p>Scopri la maglia casalinga del Manchester City 2022\/2023. Indossa con orgoglio i colori della tua squadra del cuore in campo o all'aperto. Una maglia flessibile e leggera con tecnologia Puma DryCELL, un capo che impedisce di sudare durante il gioco o l'allenamento. Rimani asciutto dopo le tue accelerazioni.<\/p>\n<p>Suggerimenti per la stampa: Se il nome e il numero dell'immagine sono esattamente quelli desiderati, non \u00e8 necessario inserirli nuovamente. In caso contrario, \u00e8 necessario inserire il nome e il numero desiderati.<\/p>\n<p>Consigli per il lavaggio: Si consiglia di lavare le magliette da calcio a mano. Se si desidera utilizzare la lavatrice, ricordarsi di capovolgere le magliette da calcio e poi lavarle. Riempire la macchina con acqua fredda e utilizzare un ciclo delicato per proteggere meglio i colori.<\/p>","protected":false},"excerpt":{"rendered":"<p>Entdecke das Manchester City 2022\/2023 Heimtrikot. Tragen Sie stolz die Farben Ihres Lieblingsteams auf dem Platz oder drau\u00dfen.Ein flexibles und leichtes Trikot mit Puma DryCELL-Technologie, ein Kleidungsst\u00fcck, das verhindert, dass Sie w\u00e4hrend Ihres Spiels oder Trainings schwitzen. Bleiben Sie nach Ihren Beschleunigungen trocken. Tipps zum Drucken: Wenn der Name und die Nummer auf dem Bild [&hellip;]<\/p>","protected":false},"featured_media":6035,"comment_status":"open","ping_status":"closed","template":"","meta":[],"product_brand":[],"product_cat":[82],"product_tag":[20,21,22,23,24,272,273,84],"class_list":{"0":"post-5997","1":"product","2":"type-product","3":"status-publish","4":"has-post-thumbnail","6":"product_cat-manchester-city","7":"product_tag-coole-fussballtrikots","8":"product_tag-fussballtrikot-fuer-herren","9":"product_tag-fussballtrikot-guenstig-kaufen","10":"product_tag-fussballtrikot-kurzarm","11":"product_tag-guenstiges-fussballtrikot","12":"product_tag-manchester-city-heimtrikot","13":"product_tag-manchester-city-trikot-22-23","14":"product_tag-manchester-city-trikots","16":"first","17":"instock","18":"shipping-taxable","19":"purchasable","20":"product-type-variable"},"_links":{"self":[{"href":"https:\/\/www.billigtrikotde.com\/it\/wp-json\/wp\/v2\/product\/5997","targetHints":{"allow":["GET"]}}],"collection":[{"href":"https:\/\/www.billigtrikotde.com\/it\/wp-json\/wp\/v2\/product"}],"about":[{"href":"https:\/\/www.billigtrikotde.com\/it\/wp-json\/wp\/v2\/types\/product"}],"replies":[{"embeddable":true,"href":"https:\/\/www.billigtrikotde.com\/it\/wp-json\/wp\/v2\/comments?post=5997"}],"wp:featuredmedia":[{"embeddable":true,"href":"https:\/\/www.billigtrikotde.com\/it\/wp-json\/wp\/v2\/media\/6035"}],"wp:attachment":[{"href":"https:\/\/www.billigtrikotde.com\/it\/wp-json\/wp\/v2\/media?parent=5997"}],"wp:term":[{"taxonomy":"product_brand","embeddable":true,"href":"https:\/\/www.billigtrikotde.com\/it\/wp-json\/wp\/v2\/product_brand?post=5997"},{"taxonomy":"product_cat","embeddable":true,"href":"https:\/\/www.billigtrikotde.com\/it\/wp-json\/wp\/v2\/product_cat?post=5997"},{"taxonomy":"product_tag","embeddable":true,"href":"https:\/\/www.billigtrikotde.com\/it\/wp-json\/wp\/v2\/product_tag?post=5997"}],"curies":[{"name":"wp","href":"https:\/\/api.w.org\/{rel}","templated":true}]}}