{"id":59,"date":"2024-10-23T12:03:56","date_gmt":"2024-10-23T10:03:56","guid":{"rendered":"http:\/\/billigtrikots.com\/?post_type=product&#038;p=59"},"modified":"2024-10-23T12:04:39","modified_gmt":"2024-10-23T10:04:39","slug":"auswaertstrikot-ac-mailand-2021-22-beige-rot-kurzarm-kurze-hosen-mit-aufdruck-tonali-8","status":"publish","type":"product","link":"https:\/\/www.billigtrikotde.com\/it\/auswaertstrikot-ac-mailand-2021-22-beige-rot-kurzarm-kurze-hosen-mit-aufdruck-tonali-8\/","title":{"rendered":"Kit trasferta AC Milan 2021\/22 beige-rosso manica corta + pantaloncini con stampa Tonali 8"},"content":{"rendered":"<p>Questa maglia del Milan non \u00e8 solo un omaggio a una delle migliori squadre d'Italia, ma anche a una delle migliori squadre del mondo.<\/p>\n<p>Inoltre, celebra un programma chiamato Sport for Change, che sostiene progetti che utilizzano lo sport e i valori sportivi per aiutare i giovani in difficolt\u00e0. Al di l\u00e0 di tutto, si tratta di una maglia da calcio eccezionale. \u00c8 dotata di tecnologia DryCELL per la traspirazione, di interessanti colori a contrasto e, naturalmente, dell'iconico logo AC Milan e del logo Puma Cat sul petto.<\/p>\n<p>Suggerimenti per la stampa: Se il nome e il numero dell'immagine sono esattamente quelli desiderati, non \u00e8 necessario inserirli nuovamente. In caso contrario, \u00e8 necessario inserire il nome e il numero desiderati.<\/p>\n<p>Consigli per il lavaggio: Si consiglia di lavare le magliette da calcio a mano. Se si desidera utilizzare la lavatrice, ricordarsi di capovolgere le magliette da calcio e poi lavarle. Riempire la macchina con acqua fredda e utilizzare un ciclo delicato per proteggere meglio i colori.<\/p>","protected":false},"excerpt":{"rendered":"<p>Dieses AC Mailand Trikot ist nicht nur eine Hommage an eines der besten Teams Italiens, nein, an eines der besten Teams der Welt. Es feiert auch ein Programm namens Sport for Change, das Projekte unterst\u00fctzt, die Sport und sportliche Werte nutzen, um Jugendlichen in Not zu helfen. \u00dcber all das hinaus, ist es einfach ein [&hellip;]<\/p>","protected":false},"featured_media":89,"comment_status":"open","ping_status":"closed","template":"","meta":[],"product_brand":[],"product_cat":[15],"product_tag":[19,20,21,22,23,24],"class_list":{"0":"post-59","1":"product","2":"type-product","3":"status-publish","4":"has-post-thumbnail","6":"product_cat-unkategorisiert","7":"product_tag-ac-milan-auswaertstrikot","8":"product_tag-coole-fussballtrikots","9":"product_tag-fussballtrikot-fuer-herren","10":"product_tag-fussballtrikot-guenstig-kaufen","11":"product_tag-fussballtrikot-kurzarm","12":"product_tag-guenstiges-fussballtrikot","14":"first","15":"instock","16":"shipping-taxable","17":"purchasable","18":"product-type-variable"},"_links":{"self":[{"href":"https:\/\/www.billigtrikotde.com\/it\/wp-json\/wp\/v2\/product\/59","targetHints":{"allow":["GET"]}}],"collection":[{"href":"https:\/\/www.billigtrikotde.com\/it\/wp-json\/wp\/v2\/product"}],"about":[{"href":"https:\/\/www.billigtrikotde.com\/it\/wp-json\/wp\/v2\/types\/product"}],"replies":[{"embeddable":true,"href":"https:\/\/www.billigtrikotde.com\/it\/wp-json\/wp\/v2\/comments?post=59"}],"wp:featuredmedia":[{"embeddable":true,"href":"https:\/\/www.billigtrikotde.com\/it\/wp-json\/wp\/v2\/media\/89"}],"wp:attachment":[{"href":"https:\/\/www.billigtrikotde.com\/it\/wp-json\/wp\/v2\/media?parent=59"}],"wp:term":[{"taxonomy":"product_brand","embeddable":true,"href":"https:\/\/www.billigtrikotde.com\/it\/wp-json\/wp\/v2\/product_brand?post=59"},{"taxonomy":"product_cat","embeddable":true,"href":"https:\/\/www.billigtrikotde.com\/it\/wp-json\/wp\/v2\/product_cat?post=59"},{"taxonomy":"product_tag","embeddable":true,"href":"https:\/\/www.billigtrikotde.com\/it\/wp-json\/wp\/v2\/product_tag?post=59"}],"curies":[{"name":"wp","href":"https:\/\/api.w.org\/{rel}","templated":true}]}}