{"id":5823,"date":"2024-10-23T17:12:22","date_gmt":"2024-10-23T15:12:22","guid":{"rendered":"http:\/\/billigtrikots.com\/?post_type=product&#038;p=5823"},"modified":"2024-10-23T17:13:59","modified_gmt":"2024-10-23T15:13:59","slug":"herren-kroatien-heimtrikot-wm-2022-weiss-rot-kaufen-kurzarm-kurze-hosen-petkovic-20","status":"publish","type":"product","link":"https:\/\/www.billigtrikotde.com\/it\/herren-kroatien-heimtrikot-wm-2022-weiss-rot-kaufen-kurzarm-kurze-hosen-petkovic-20\/","title":{"rendered":"Maglia Croazia Home Uomo Coppa del Mondo 2022 Bianco Rosso Acquista Manica Corta + Pantaloncini PETKOVIC #20"},"content":{"rendered":"<p>Abbiamo ottenuto nuove informazioni sulla maglia della Croazia per il Mondiale 2022. Il colore Swoosh \u00abBattle Blue\u00bb \u00e8 effettivamente un Blu Re assoluto. Abbiamo realizzato un mock-up di un possibile look completo ispirato al template Nike per il WM 2022 e alle maglie 22-23 trapelate.<\/p>\n<p>La maglia Nike Croazia 2022 combina solo due colori principali nei dati interni di Nike \u2013 Bianco e Battle Blue. Mancano il Rosso, usato per il celebre motivo a quadri. La maglia Barcelona 22-23 nei dati di Nike non ha nemmeno Rosso \u2013 \u00e8 solo \u00abObsidian \/ Sesame\u00bb. La maglia definitiva Barcelona 22-23 \u00e8 rossa, blu navy e striata di blu. Battle Blue \u00e8 in realt\u00e0 nuovo per la Croazia. \u00c8 un blu reale leggermente pi\u00f9 chiaro rispetto al blu delle maglie casalinghe precedenti.<br \/>\nSembra certo che il bianco sar\u00e0 il colore principale e che il Battle Blue verr\u00e0 usato per i loghi. Analogamente alla maglia del Barcellona, le maniche potrebbero essere a tinta unita (bianco).<\/p>\n<p>Suggerimenti per la stampa: Se il nome e il numero dell'immagine sono esattamente quelli desiderati, non \u00e8 necessario inserirli nuovamente. In caso contrario, \u00e8 necessario inserire il nome e il numero desiderati.<\/p>\n<p>Consigli per il lavaggio: Si consiglia di lavare le magliette da calcio a mano. Se si desidera utilizzare la lavatrice, ricordarsi di capovolgere le magliette da calcio e poi lavarle. Riempire la macchina con acqua fredda e utilizzare un ciclo delicato per proteggere meglio i colori.<\/p>","protected":false},"excerpt":{"rendered":"<p>Abbiamo ricevuto nuove informazioni sulla maglia della Croazia per i Mondiali 2022. Il colore Swoosh \"Battle Blue\" \u00e8 in realt\u00e0 un blu reale. Abbiamo creato un mock-up di un possibile look completo, basato sul modello Nike per il Mondiale 2022 e ispirato alle maglie trapelate 22-23. La maglia della Croazia 2022 di Nike combina solo [...]<\/p>","protected":false},"featured_media":5856,"comment_status":"open","ping_status":"closed","template":"","meta":[],"product_brand":[],"product_cat":[261],"product_tag":[20,35,21,22,23,24,262,263,264],"class_list":{"0":"post-5823","1":"product","2":"type-product","3":"status-publish","4":"has-post-thumbnail","6":"product_cat-kroatien-trikots","7":"product_tag-coole-fussballtrikots","8":"product_tag-fussball-torwarttrikots","9":"product_tag-fussballtrikot-fuer-herren","10":"product_tag-fussballtrikot-guenstig-kaufen","11":"product_tag-fussballtrikot-kurzarm","12":"product_tag-guenstiges-fussballtrikot","13":"product_tag-kroatien-heimtrikot","14":"product_tag-kroatien-trikot-herren","15":"product_tag-kroatien-trikots","17":"first","18":"instock","19":"shipping-taxable","20":"purchasable","21":"product-type-variable"},"_links":{"self":[{"href":"https:\/\/www.billigtrikotde.com\/it\/wp-json\/wp\/v2\/product\/5823","targetHints":{"allow":["GET"]}}],"collection":[{"href":"https:\/\/www.billigtrikotde.com\/it\/wp-json\/wp\/v2\/product"}],"about":[{"href":"https:\/\/www.billigtrikotde.com\/it\/wp-json\/wp\/v2\/types\/product"}],"replies":[{"embeddable":true,"href":"https:\/\/www.billigtrikotde.com\/it\/wp-json\/wp\/v2\/comments?post=5823"}],"wp:featuredmedia":[{"embeddable":true,"href":"https:\/\/www.billigtrikotde.com\/it\/wp-json\/wp\/v2\/media\/5856"}],"wp:attachment":[{"href":"https:\/\/www.billigtrikotde.com\/it\/wp-json\/wp\/v2\/media?parent=5823"}],"wp:term":[{"taxonomy":"product_brand","embeddable":true,"href":"https:\/\/www.billigtrikotde.com\/it\/wp-json\/wp\/v2\/product_brand?post=5823"},{"taxonomy":"product_cat","embeddable":true,"href":"https:\/\/www.billigtrikotde.com\/it\/wp-json\/wp\/v2\/product_cat?post=5823"},{"taxonomy":"product_tag","embeddable":true,"href":"https:\/\/www.billigtrikotde.com\/it\/wp-json\/wp\/v2\/product_tag?post=5823"}],"curies":[{"name":"wp","href":"https:\/\/api.w.org\/{rel}","templated":true}]}}