{"id":5787,"date":"2024-10-23T17:10:42","date_gmt":"2024-10-23T15:10:42","guid":{"rendered":"http:\/\/billigtrikots.com\/?post_type=product&#038;p=5787"},"modified":"2024-10-23T17:12:17","modified_gmt":"2024-10-23T15:12:17","slug":"neue-kroatien-heimtrikot-wm-2022-weiss-battle-blue-herren-fussballtrikots-set","status":"publish","type":"product","link":"https:\/\/www.billigtrikotde.com\/it\/neue-kroatien-heimtrikot-wm-2022-weiss-battle-blue-herren-fussballtrikots-set\/","title":{"rendered":"Nuova Croazia Maglia casa Mondiale 2022 bianca Battle Blue Uomini Maglie da calcio Set"},"content":{"rendered":"<p>Wir haben neue Informationen \u00fcber das Trikot von Kroatien f\u00fcr die Weltmeisterschaft 2022 erhalten. Die Swoosh-Farbe &#8222;Battle Blue&#8220; ist tats\u00e4chlich ein K\u00f6nigsblau. Wir haben ein Mock-up eines m\u00f6glichen vollst\u00e4ndigen Looks erstellt, das auf der Nike-Template f\u00fcr die WM 2022 basiert und von den durchgesickerten 22-23 Trikots inspiriert ist.<\/p>\n<p>La maglia Nike Croazia 2022 combina solo due colori principali nei dati interni di Nike \u2013 Bianco e Battle Blue. Mancano il Rosso, usato per il celebre motivo a quadri. La maglia Barcelona 22-23 nei dati di Nike non ha nemmeno Rosso \u2013 \u00e8 solo \u00abObsidian \/ Sesame\u00bb. La maglia definitiva Barcelona 22-23 \u00e8 rossa, blu navy e striata di blu. Battle Blue \u00e8 in realt\u00e0 nuovo per la Croazia. \u00c8 un blu reale leggermente pi\u00f9 chiaro rispetto al blu delle maglie casalinghe precedenti.<br \/>\nSembra certo che il bianco sar\u00e0 il colore principale e che il Battle Blue verr\u00e0 usato per i loghi. Analogamente alla maglia del Barcellona, le maniche potrebbero essere a tinta unita (bianco).<\/p>\n<p>Suggerimenti per la stampa: Se il nome e il numero dell'immagine sono esattamente quelli desiderati, non \u00e8 necessario inserirli nuovamente. In caso contrario, \u00e8 necessario inserire il nome e il numero desiderati.<\/p>\n<p>Consigli per il lavaggio: Si consiglia di lavare le magliette da calcio a mano. Se si desidera utilizzare la lavatrice, ricordarsi di capovolgere le magliette da calcio e poi lavarle. Riempire la macchina con acqua fredda e utilizzare un ciclo delicato per proteggere meglio i colori.<\/p>","protected":false},"excerpt":{"rendered":"<p>Abbiamo ricevuto nuove informazioni sulla maglia della Croazia per i Mondiali 2022. Il colore Swoosh \"Battle Blue\" \u00e8 in realt\u00e0 un blu reale. Abbiamo creato un mock-up di un possibile look completo, basato sul modello Nike per il Mondiale 2022 e ispirato alle maglie trapelate 22-23. La maglia della Croazia 2022 di Nike combina solo [...]<\/p>","protected":false},"featured_media":5820,"comment_status":"open","ping_status":"closed","template":"","meta":[],"product_brand":[],"product_cat":[261],"product_tag":[20,35,21,22,23,24,262,263,264],"class_list":{"0":"post-5787","1":"product","2":"type-product","3":"status-publish","4":"has-post-thumbnail","6":"product_cat-kroatien-trikots","7":"product_tag-coole-fussballtrikots","8":"product_tag-fussball-torwarttrikots","9":"product_tag-fussballtrikot-fuer-herren","10":"product_tag-fussballtrikot-guenstig-kaufen","11":"product_tag-fussballtrikot-kurzarm","12":"product_tag-guenstiges-fussballtrikot","13":"product_tag-kroatien-heimtrikot","14":"product_tag-kroatien-trikot-herren","15":"product_tag-kroatien-trikots","17":"first","18":"instock","19":"shipping-taxable","20":"purchasable","21":"product-type-variable"},"_links":{"self":[{"href":"https:\/\/www.billigtrikotde.com\/it\/wp-json\/wp\/v2\/product\/5787","targetHints":{"allow":["GET"]}}],"collection":[{"href":"https:\/\/www.billigtrikotde.com\/it\/wp-json\/wp\/v2\/product"}],"about":[{"href":"https:\/\/www.billigtrikotde.com\/it\/wp-json\/wp\/v2\/types\/product"}],"replies":[{"embeddable":true,"href":"https:\/\/www.billigtrikotde.com\/it\/wp-json\/wp\/v2\/comments?post=5787"}],"wp:featuredmedia":[{"embeddable":true,"href":"https:\/\/www.billigtrikotde.com\/it\/wp-json\/wp\/v2\/media\/5820"}],"wp:attachment":[{"href":"https:\/\/www.billigtrikotde.com\/it\/wp-json\/wp\/v2\/media?parent=5787"}],"wp:term":[{"taxonomy":"product_brand","embeddable":true,"href":"https:\/\/www.billigtrikotde.com\/it\/wp-json\/wp\/v2\/product_brand?post=5787"},{"taxonomy":"product_cat","embeddable":true,"href":"https:\/\/www.billigtrikotde.com\/it\/wp-json\/wp\/v2\/product_cat?post=5787"},{"taxonomy":"product_tag","embeddable":true,"href":"https:\/\/www.billigtrikotde.com\/it\/wp-json\/wp\/v2\/product_tag?post=5787"}],"curies":[{"name":"wp","href":"https:\/\/api.w.org\/{rel}","templated":true}]}}