{"id":5781,"date":"2024-10-23T17:10:13","date_gmt":"2024-10-23T15:10:13","guid":{"rendered":"http:\/\/billigtrikots.com\/?post_type=product&#038;p=5781"},"modified":"2024-10-23T17:12:17","modified_gmt":"2024-10-23T15:12:17","slug":"terstegen-1-fc-barcelona-2020-2021-ausweichtrikot-set-rosa-kurzarm-schwarz-kurze-hosen","status":"publish","type":"product","link":"https:\/\/www.billigtrikotde.com\/it\/terstegen-1-fc-barcelona-2020-2021-ausweichtrikot-set-rosa-kurzarm-schwarz-kurze-hosen\/","title":{"rendered":"TERSTEGEN 1 Set maglia da trasferta FC Barcelona 2020-2021 manica corta rosa + pantaloncini neri"},"content":{"rendered":"<p>Sia il colletto che i polsini delle maniche sono met\u00e0 nero e met\u00e0 blu-verde. Lo swoosh sulla parte destra del petto della nuova maglia away del Barca \u00e8 nero, completando un look semplice ma comunque insolito. Sulla parte opposta si trova una versione nero-blu-verde dello stemma del club. Un dettaglio della bandiera catalana si trova sulla parte superiore della schiena.<br \/>\nDettaglio della bandiera catalana si trova sulla parte superiore della schiena.<\/p>\n<p>Suggerimenti per la stampa: Se il nome e il numero dell'immagine sono esattamente quelli desiderati, non \u00e8 necessario inserirli nuovamente. In caso contrario, \u00e8 necessario inserire il nome e il numero desiderati.<\/p>\n<p>Consigli per il lavaggio: Si consiglia di lavare le magliette da calcio a mano. Se si desidera utilizzare la lavatrice, ricordarsi di capovolgere le magliette da calcio e poi lavarle. Riempire la macchina con acqua fredda e utilizzare un ciclo delicato per proteggere meglio i colori.<\/p>","protected":false},"excerpt":{"rendered":"<p>Das neue Barcelona 2020-21 Trikot kombiniert eine rosa (offiziell \u201ePink Beam\u201c) Grundlage mit Schwarz und Blaugr\u00fcn f\u00fcr Logos und Verzierungen, was von Meer und Strand der Stadt inspiriert ist.W\u00e4hrend Barcelona im Laufe der Jahre viele rosa Trikots hatte (wie z.B. das Third 2018\/19), waren sie meist eine Mischung aus rosa und orange, wobei das FC [&hellip;]<\/p>","protected":false},"featured_media":5819,"comment_status":"open","ping_status":"closed","template":"","meta":[],"product_brand":[],"product_cat":[146],"product_tag":[260,147,20,33,35,21,22,23,24,94],"class_list":{"0":"post-5781","1":"product","2":"type-product","3":"status-publish","4":"has-post-thumbnail","6":"product_cat-barcelona-kindertrikot","7":"product_tag-barcelona-ausweichtrikot","8":"product_tag-barcelona-trikotsatz-fuer-kinder","9":"product_tag-coole-fussballtrikots","10":"product_tag-fc-barcelona-trikots","11":"product_tag-fussball-torwarttrikots","12":"product_tag-fussballtrikot-fuer-herren","13":"product_tag-fussballtrikot-guenstig-kaufen","14":"product_tag-fussballtrikot-kurzarm","15":"product_tag-guenstiges-fussballtrikot","16":"product_tag-kinder-fussball-trikotsatz","18":"first","19":"instock","20":"shipping-taxable","21":"purchasable","22":"product-type-variable"},"_links":{"self":[{"href":"https:\/\/www.billigtrikotde.com\/it\/wp-json\/wp\/v2\/product\/5781","targetHints":{"allow":["GET"]}}],"collection":[{"href":"https:\/\/www.billigtrikotde.com\/it\/wp-json\/wp\/v2\/product"}],"about":[{"href":"https:\/\/www.billigtrikotde.com\/it\/wp-json\/wp\/v2\/types\/product"}],"replies":[{"embeddable":true,"href":"https:\/\/www.billigtrikotde.com\/it\/wp-json\/wp\/v2\/comments?post=5781"}],"wp:featuredmedia":[{"embeddable":true,"href":"https:\/\/www.billigtrikotde.com\/it\/wp-json\/wp\/v2\/media\/5819"}],"wp:attachment":[{"href":"https:\/\/www.billigtrikotde.com\/it\/wp-json\/wp\/v2\/media?parent=5781"}],"wp:term":[{"taxonomy":"product_brand","embeddable":true,"href":"https:\/\/www.billigtrikotde.com\/it\/wp-json\/wp\/v2\/product_brand?post=5781"},{"taxonomy":"product_cat","embeddable":true,"href":"https:\/\/www.billigtrikotde.com\/it\/wp-json\/wp\/v2\/product_cat?post=5781"},{"taxonomy":"product_tag","embeddable":true,"href":"https:\/\/www.billigtrikotde.com\/it\/wp-json\/wp\/v2\/product_tag?post=5781"}],"curies":[{"name":"wp","href":"https:\/\/api.w.org\/{rel}","templated":true}]}}