{"id":5558,"date":"2024-10-23T17:00:25","date_gmt":"2024-10-23T15:00:25","guid":{"rendered":"http:\/\/billigtrikots.com\/?post_type=product&#038;p=5558"},"modified":"2024-10-23T17:02:32","modified_gmt":"2024-10-23T15:02:32","slug":"mexiko-trikots-2022-heimtrikot-trikotsatz-gruen-kurzarm-weiss-kurze-hosen-raul-9","status":"publish","type":"product","link":"https:\/\/www.billigtrikotde.com\/it\/mexiko-trikots-2022-heimtrikot-trikotsatz-gruen-kurzarm-weiss-kurze-hosen-raul-9\/","title":{"rendered":"Maglie del Messico 2022 Maglia di casa Set di maglie Verde a maniche corte + Pantaloncini bianchi RAUL #9"},"content":{"rendered":"<p>La maglia del Messico per i Mondiali del 2022 avr\u00e0 un design ispirato alle antiche tradizioni, \u00e8 stato rivelato. Abbiamo creato un modello di come potrebbe essere la maglia della Coppa del Mondo 2022 in Messico, che combina un colore di base verde con applicazioni probabilmente rosse e bianche. Ci\u00f2 che rende unica la maglia \u00e8 uno speciale disegno sulla maglia.<br \/>\nLa maglia del Messico per i Mondiali del 2022 sar\u00e0 caratterizzata da una grafica ispirata alle antiche armature azteche e in particolare alla piuma di Quetzalcoatl. Quetzalcoatl (\"serpente piumato\" o \"serpente piumato\") \u00e8 il nome nahuatl della divinit\u00e0 del serpente piumato dell'antica cultura mesoamericana.Come tutte le altre maglie Adidas per i Mondiali 2022, la maglia del Messico 2022 presenta il nuovo logo Adidas. Inoltre, reca il nuovo stemma della Federazione calcistica messicana (FMF).<\/p>\n<p>Suggerimenti per la stampa: Se il nome e il numero dell'immagine sono esattamente quelli desiderati, non \u00e8 necessario inserirli nuovamente. In caso contrario, \u00e8 necessario inserire il nome e il numero desiderati.<\/p>\n<p>Consigli per il lavaggio: Si consiglia di lavare le magliette da calcio a mano. Se si desidera utilizzare la lavatrice, ricordarsi di capovolgere le magliette da calcio e poi lavarle. Riempire la macchina con acqua fredda e utilizzare un ciclo delicato per proteggere meglio i colori.<\/p>","protected":false},"excerpt":{"rendered":"<p>Mexikos Trikot f\u00fcr die WM 2022 soll ein Design haben, das von alten Traditionen inspiriert ist, so wurde bekannt. Wir haben ein Modell erstellt, wie das Trikot f\u00fcr die WM 2022 in Mexiko aussehen k\u00f6nnte.Das Trikot von Mexiko 2022 kombiniert eine gr\u00fcne Grundfarbe mit wahrscheinlich roten und wei\u00dfen Applikationen. Was das Trikot einzigartig macht, ist [&hellip;]<\/p>","protected":false},"featured_media":5597,"comment_status":"open","ping_status":"closed","template":"","meta":[],"product_brand":[],"product_cat":[251],"product_tag":[20,21,22,23,24,252,253,254],"class_list":{"0":"post-5558","1":"product","2":"type-product","3":"status-publish","4":"has-post-thumbnail","6":"product_cat-mexiko-trikots","7":"product_tag-coole-fussballtrikots","8":"product_tag-fussballtrikot-fuer-herren","9":"product_tag-fussballtrikot-guenstig-kaufen","10":"product_tag-fussballtrikot-kurzarm","11":"product_tag-guenstiges-fussballtrikot","12":"product_tag-mexiko-2022-trikots","13":"product_tag-mexiko-heimtrikot","14":"product_tag-mexiko-trikot-schwarz","16":"first","17":"instock","18":"shipping-taxable","19":"purchasable","20":"product-type-variable"},"_links":{"self":[{"href":"https:\/\/www.billigtrikotde.com\/it\/wp-json\/wp\/v2\/product\/5558","targetHints":{"allow":["GET"]}}],"collection":[{"href":"https:\/\/www.billigtrikotde.com\/it\/wp-json\/wp\/v2\/product"}],"about":[{"href":"https:\/\/www.billigtrikotde.com\/it\/wp-json\/wp\/v2\/types\/product"}],"replies":[{"embeddable":true,"href":"https:\/\/www.billigtrikotde.com\/it\/wp-json\/wp\/v2\/comments?post=5558"}],"wp:featuredmedia":[{"embeddable":true,"href":"https:\/\/www.billigtrikotde.com\/it\/wp-json\/wp\/v2\/media\/5597"}],"wp:attachment":[{"href":"https:\/\/www.billigtrikotde.com\/it\/wp-json\/wp\/v2\/media?parent=5558"}],"wp:term":[{"taxonomy":"product_brand","embeddable":true,"href":"https:\/\/www.billigtrikotde.com\/it\/wp-json\/wp\/v2\/product_brand?post=5558"},{"taxonomy":"product_cat","embeddable":true,"href":"https:\/\/www.billigtrikotde.com\/it\/wp-json\/wp\/v2\/product_cat?post=5558"},{"taxonomy":"product_tag","embeddable":true,"href":"https:\/\/www.billigtrikotde.com\/it\/wp-json\/wp\/v2\/product_tag?post=5558"}],"curies":[{"name":"wp","href":"https:\/\/api.w.org\/{rel}","templated":true}]}}