{"id":5470,"date":"2024-10-23T16:56:25","date_gmt":"2024-10-23T14:56:25","guid":{"rendered":"http:\/\/billigtrikots.com\/?post_type=product&#038;p=5470"},"modified":"2024-10-23T16:58:02","modified_gmt":"2024-10-23T14:58:02","slug":"paris-saint-germain-heimtrikot-2022-23-psg-blau-guenstige-fussball-trikotsatz-icardi-9","status":"publish","type":"product","link":"https:\/\/www.billigtrikotde.com\/it\/paris-saint-germain-heimtrikot-2022-23-psg-blau-guenstige-fussball-trikotsatz-icardi-9\/","title":{"rendered":"Maglia Paris Saint Germain Home 2022\/23 PSG blu Camicie da calcio economiche ICARDI 9"},"content":{"rendered":"<p>La maglia PSG 22-23 ha un look ispirato al classico Hechter, ma con il bianco e il rosso invertiti. La nuova maglia 22-23 del PSG \u00e8 l'ultima di una lunga serie di maglie 22-23 trapelate di recente, la maggior parte delle quali con pi\u00f9 di un anno di anticipo rispetto all'uscita. \u00c8 un design elegante, interrotto solo da un ritaglio del picco... Il designer di maglie da calcio Franco Carabajal ha immaginato come potrebbe essere la maglia senza. La maglia PSG 22-23 ha una striscia di picco continua invece di un grande taglio al centro. Questo rende il design molto pi\u00f9 bello.<br \/>\nFranco ha creato anche due versioni con il logo Accor Live Limitless. In realt\u00e0, il ritaglio dovrebbe essere ancora pi\u00f9 grande, poich\u00e9 il logo ACC include anche il testo Accor Live Limitless al di sotto.Il Paris Saint-Germain potrebbe svelare la nuova maglia 22-23 gi\u00e0 nell'ultima partita della stagione contro il Metz, il 21 maggio 2022. Se cos\u00ec fosse, la indosseranno sicuramente con il logo ACC e i loghi della maglia Paris Saint-Germain 22-23 sono centrati, con lo swoosh sotto lo stemma del club.<\/p>\n<p>Suggerimenti per la stampa: Se il nome e il numero dell'immagine sono esattamente quelli desiderati, non \u00e8 necessario inserirli nuovamente. In caso contrario, \u00e8 necessario inserire il nome e il numero desiderati.<\/p>\n<p>Consigli per il lavaggio: Si consiglia di lavare le magliette da calcio a mano. Se si desidera utilizzare la lavatrice, ricordarsi di capovolgere le magliette da calcio e poi lavarle. Riempire la macchina con acqua fredda e utilizzare un ciclo delicato per proteggere meglio i colori.<\/p>","protected":false},"excerpt":{"rendered":"<p>La maglia PSG 22-23 ha un look ispirato al classico Hechter, ma con il bianco e il rosso scambiati. La nuova maglia PSG 22-23 \u00e8 l'ultima di una lunga lista di maglie 22-23, che sono state recentemente leakate, molte pi\u00f9 di un anno prima della loro pubblicazione. Dai un'occhiata [\u2026]<\/p>","protected":false},"featured_media":5503,"comment_status":"open","ping_status":"closed","template":"","meta":[],"product_brand":[],"product_cat":[39],"product_tag":[20,43,21,22,23,24,44,41,244],"class_list":{"0":"post-5470","1":"product","2":"type-product","3":"status-publish","4":"has-post-thumbnail","6":"product_cat-paris-saint-germain","7":"product_tag-coole-fussballtrikots","8":"product_tag-fussballkleidung","9":"product_tag-fussballtrikot-fuer-herren","10":"product_tag-fussballtrikot-guenstig-kaufen","11":"product_tag-fussballtrikot-kurzarm","12":"product_tag-guenstiges-fussballtrikot","13":"product_tag-paris-saint-germain-auswaertstrikot","14":"product_tag-paris-saint-germain-trikots","15":"product_tag-psg-trikot-2022-23","17":"first","18":"instock","19":"shipping-taxable","20":"purchasable","21":"product-type-variable"},"_links":{"self":[{"href":"https:\/\/www.billigtrikotde.com\/it\/wp-json\/wp\/v2\/product\/5470","targetHints":{"allow":["GET"]}}],"collection":[{"href":"https:\/\/www.billigtrikotde.com\/it\/wp-json\/wp\/v2\/product"}],"about":[{"href":"https:\/\/www.billigtrikotde.com\/it\/wp-json\/wp\/v2\/types\/product"}],"replies":[{"embeddable":true,"href":"https:\/\/www.billigtrikotde.com\/it\/wp-json\/wp\/v2\/comments?post=5470"}],"wp:featuredmedia":[{"embeddable":true,"href":"https:\/\/www.billigtrikotde.com\/it\/wp-json\/wp\/v2\/media\/5503"}],"wp:attachment":[{"href":"https:\/\/www.billigtrikotde.com\/it\/wp-json\/wp\/v2\/media?parent=5470"}],"wp:term":[{"taxonomy":"product_brand","embeddable":true,"href":"https:\/\/www.billigtrikotde.com\/it\/wp-json\/wp\/v2\/product_brand?post=5470"},{"taxonomy":"product_cat","embeddable":true,"href":"https:\/\/www.billigtrikotde.com\/it\/wp-json\/wp\/v2\/product_cat?post=5470"},{"taxonomy":"product_tag","embeddable":true,"href":"https:\/\/www.billigtrikotde.com\/it\/wp-json\/wp\/v2\/product_tag?post=5470"}],"curies":[{"name":"wp","href":"https:\/\/api.w.org\/{rel}","templated":true}]}}