{"id":544,"date":"2024-10-23T12:53:50","date_gmt":"2024-10-23T10:53:50","guid":{"rendered":"http:\/\/billigtrikots.com\/?post_type=product&#038;p=544"},"modified":"2024-10-23T12:55:22","modified_gmt":"2024-10-23T10:55:22","slug":"johan-cruyff-14-fc-barcelona-stadium-heimtrikot-2021-22-langarm-kurze-hosen","status":"publish","type":"product","link":"https:\/\/www.billigtrikotde.com\/it\/johan-cruyff-14-fc-barcelona-stadium-heimtrikot-2021-22-langarm-kurze-hosen\/","title":{"rendered":"Johan Cruyff 14# FC Barcelona Stadium Home Shirt 2021\/22 Manica lunga + Pantaloncini"},"content":{"rendered":"<p>Mostra la tua appartenenza alla tua squadra con il modello leggero in blu. La maglia Nike garantisce un vero entusiasmo. Pi\u00f9 supporto di cos\u00ec \u00e8 difficile! Con questa maglia casalinga del FC Barcelona arricchirai la tua collezione di fan con un articolo indossato dai giocatori nella Primera Division. La sua funzionalit\u00e0 super confortevole, traspirante, leggero e che assorbe il sudore la rende convincente. Con questa maglia sportiva sei perfettamente attrezzato per ogni sessione. Diventa un vero punto di forza grazie allo stemma della squadra sul petto. Questo modello elegante \u00e8 perfetto se cerchi una maglia sportiva blu con un look.<\/p>\n<p>Suggerimenti per la stampa: Se il nome e il numero dell'immagine sono esattamente quelli desiderati, non \u00e8 necessario inserirli nuovamente. In caso contrario, \u00e8 necessario inserire il nome e il numero desiderati.<\/p>\n<p>Consigli per il lavaggio: Si consiglia di lavare le magliette da calcio a mano. Se si desidera utilizzare la lavatrice, ricordarsi di capovolgere le magliette da calcio e poi lavarle. Riempire la macchina con acqua fredda e utilizzare un ciclo delicato per proteggere meglio i colori.<\/p>","protected":false},"excerpt":{"rendered":"<p>Zeige deine Zugeh\u00f6rigkeit zu deinem Team durch das leichte Modell in Blau. Das Nike Trikot sorgt f\u00fcr wahre Begeisterung. Mehr Support geht kaum! Mit diesem FC Barcelona-Heim-Trikot erweiterst du deine Fan-Kollektion um einen Artikel, wie ihn die Spieler in der Primera Division tragen. Die super bequeme, schwei\u00dfableitende, atmungsaktive und leichte Funktionsweise l\u00e4sst es \u00fcberzeugen. Mit [&hellip;]<\/p>","protected":false},"featured_media":576,"comment_status":"open","ping_status":"closed","template":"","meta":[],"product_brand":[],"product_cat":[31],"product_tag":[20,33,38,21,24],"class_list":{"0":"post-544","1":"product","2":"type-product","3":"status-publish","4":"has-post-thumbnail","6":"product_cat-fc-barcelona","7":"product_tag-coole-fussballtrikots","8":"product_tag-fc-barcelona-trikots","9":"product_tag-fussball-trikot-langarm","10":"product_tag-fussballtrikot-fuer-herren","11":"product_tag-guenstiges-fussballtrikot","13":"first","14":"instock","15":"shipping-taxable","16":"purchasable","17":"product-type-variable"},"_links":{"self":[{"href":"https:\/\/www.billigtrikotde.com\/it\/wp-json\/wp\/v2\/product\/544","targetHints":{"allow":["GET"]}}],"collection":[{"href":"https:\/\/www.billigtrikotde.com\/it\/wp-json\/wp\/v2\/product"}],"about":[{"href":"https:\/\/www.billigtrikotde.com\/it\/wp-json\/wp\/v2\/types\/product"}],"replies":[{"embeddable":true,"href":"https:\/\/www.billigtrikotde.com\/it\/wp-json\/wp\/v2\/comments?post=544"}],"wp:featuredmedia":[{"embeddable":true,"href":"https:\/\/www.billigtrikotde.com\/it\/wp-json\/wp\/v2\/media\/576"}],"wp:attachment":[{"href":"https:\/\/www.billigtrikotde.com\/it\/wp-json\/wp\/v2\/media?parent=544"}],"wp:term":[{"taxonomy":"product_brand","embeddable":true,"href":"https:\/\/www.billigtrikotde.com\/it\/wp-json\/wp\/v2\/product_brand?post=544"},{"taxonomy":"product_cat","embeddable":true,"href":"https:\/\/www.billigtrikotde.com\/it\/wp-json\/wp\/v2\/product_cat?post=544"},{"taxonomy":"product_tag","embeddable":true,"href":"https:\/\/www.billigtrikotde.com\/it\/wp-json\/wp\/v2\/product_tag?post=544"}],"curies":[{"name":"wp","href":"https:\/\/api.w.org\/{rel}","templated":true}]}}