{"id":5414,"date":"2024-10-23T16:53:44","date_gmt":"2024-10-23T14:53:44","guid":{"rendered":"http:\/\/billigtrikots.com\/?post_type=product&#038;p=5414"},"modified":"2025-06-09T04:42:48","modified_gmt":"2025-06-09T02:42:48","slug":"herren-arsenal-2022-23-heimtrikot-rot-weiss-trikotsatz-kurzarm-kurze-hosen-willian-12","status":"publish","type":"product","link":"https:\/\/www.billigtrikotde.com\/it\/herren-arsenal-2022-23-heimtrikot-rot-weiss-trikotsatz-kurzarm-kurze-hosen-willian-12\/","title":{"rendered":"Herren Arsenal 2022\/23 Heimtrikot rot-wei\u00df Trikotsatz Kurzarm + Kurze Hosen WILLIAN 12"},"content":{"rendered":"<p>La maglia dell'Arsenal 22-23 sar\u00e0 lanciata sul mercato il 19 maggio 2022. Si presume che la prima squadra la porter\u00e0 nell'ultima partita contro Everton il 22 maggio. Come in altre stagioni, la nuova maglia away per la stagione 2022-23 sar\u00e0 presentata nell'ambito del tour negli Stati Uniti a luglio. Probabilmente sar\u00e0 presentata per la prima volta contro l'Everton (16 luglio). L'Arsenal potrebbe also indossarla contro Orlando City (20 luglio) e Chelsea (23 luglio).<\/p>\n<p>Suggerimenti per la stampa: Se il nome e il numero dell'immagine sono esattamente quelli desiderati, non \u00e8 necessario inserirli nuovamente. In caso contrario, \u00e8 necessario inserire il nome e il numero desiderati.<\/p>\n<p>Consigli per il lavaggio: Si consiglia di lavare le magliette da calcio a mano. Se si desidera utilizzare la lavatrice, ricordarsi di capovolgere le magliette da calcio e poi lavarle. Riempire la macchina con acqua fredda e utilizzare un ciclo delicato per proteggere meglio i colori.<\/p>","protected":false},"excerpt":{"rendered":"<p>La maglia casalinga dell'Arsenal 22-23 uomo sar\u00e0 lanciata il 19 maggio 2022. Si presume che la prima squadra la indosser\u00e0 nell'ultima partita contro l'Everton il 22 maggio. Come nelle altre stagioni, la nuova maglia away per la stagione 2022-23 verr\u00e0 lanciata nell'ambito del tour USA a luglio. Esso [\u2026]<\/p>","protected":false},"featured_media":5453,"comment_status":"open","ping_status":"closed","template":"","meta":[],"product_brand":[],"product_cat":[55],"product_tag":[243,20,21,22,23,54,24],"class_list":{"0":"post-5414","1":"product","2":"type-product","3":"status-publish","4":"has-post-thumbnail","6":"product_cat-arsenal","7":"product_tag-arsenal-2022-2023-heimtrikot","8":"product_tag-coole-fussballtrikots","9":"product_tag-fussballtrikot-fuer-herren","10":"product_tag-fussballtrikot-guenstig-kaufen","11":"product_tag-fussballtrikot-kurzarm","12":"product_tag-fussballtrikot-set","13":"product_tag-guenstiges-fussballtrikot","15":"first","16":"instock","17":"shipping-taxable","18":"purchasable","19":"product-type-variable"},"_links":{"self":[{"href":"https:\/\/www.billigtrikotde.com\/it\/wp-json\/wp\/v2\/product\/5414","targetHints":{"allow":["GET"]}}],"collection":[{"href":"https:\/\/www.billigtrikotde.com\/it\/wp-json\/wp\/v2\/product"}],"about":[{"href":"https:\/\/www.billigtrikotde.com\/it\/wp-json\/wp\/v2\/types\/product"}],"replies":[{"embeddable":true,"href":"https:\/\/www.billigtrikotde.com\/it\/wp-json\/wp\/v2\/comments?post=5414"}],"wp:featuredmedia":[{"embeddable":true,"href":"https:\/\/www.billigtrikotde.com\/it\/wp-json\/wp\/v2\/media\/5453"}],"wp:attachment":[{"href":"https:\/\/www.billigtrikotde.com\/it\/wp-json\/wp\/v2\/media?parent=5414"}],"wp:term":[{"taxonomy":"product_brand","embeddable":true,"href":"https:\/\/www.billigtrikotde.com\/it\/wp-json\/wp\/v2\/product_brand?post=5414"},{"taxonomy":"product_cat","embeddable":true,"href":"https:\/\/www.billigtrikotde.com\/it\/wp-json\/wp\/v2\/product_cat?post=5414"},{"taxonomy":"product_tag","embeddable":true,"href":"https:\/\/www.billigtrikotde.com\/it\/wp-json\/wp\/v2\/product_tag?post=5414"}],"curies":[{"name":"wp","href":"https:\/\/api.w.org\/{rel}","templated":true}]}}