{"id":5242,"date":"2024-10-23T16:45:51","date_gmt":"2024-10-23T14:45:51","guid":{"rendered":"http:\/\/billigtrikots.com\/?post_type=product&#038;p=5242"},"modified":"2025-10-16T16:04:26","modified_gmt":"2025-10-16T14:04:26","slug":"herren-y-3-real-madrid-viertes-fussballtrikot-schwarz-fuer-die-saison-2021-2022-mbappe-7","status":"publish","type":"product","link":"https:\/\/www.billigtrikotde.com\/it\/herren-y-3-real-madrid-viertes-fussballtrikot-schwarz-fuer-die-saison-2021-2022-mbappe-7\/","title":{"rendered":"Maglia da calcio Y-3 Real Madrid Fourth nera da uomo per la stagione 2021-2022 Mbapp\u00e9 7"},"content":{"rendered":"<p>20 anni di Y-3 incontrano 120 anni di calcio di alto livello. Y-3 e Real Madrid si sono uniti ancora una volta per celebrare i loro anniversari con questa quarta maglia per bambini e ragazzi, dotata della tecnologia di raffreddamento HEAT.RDY. La perfetta fusione tra moda e abbigliamento sportivo, interpretata in una sottile grafica di linee dinamiche che si intersecano. Il logo Y-3 sul petto \u00e8 una novit\u00e0 assoluta: per la prima volta sostituisce il logo adidas su una maglia. Un'etichetta extra-large sopra l'orlo completa con stile questa speciale collaborazione.<\/p>\n<p>Suggerimenti per la stampa: Se il nome e il numero dell'immagine sono esattamente quelli desiderati, non \u00e8 necessario inserirli nuovamente. In caso contrario, \u00e8 necessario inserire il nome e il numero desiderati.<\/p>\n<p>Consigli per il lavaggio: Si consiglia di lavare le magliette da calcio a mano. Se si desidera utilizzare la lavatrice, ricordarsi di capovolgere le magliette da calcio e poi lavarle. Riempire la macchina con acqua fredda e utilizzare un ciclo delicato per proteggere meglio i colori.<\/p>","protected":false},"excerpt":{"rendered":"<p>20 Jahre Y-3 treffen auf 120 Jahre Spitzenfu\u00dfball. Y-3 und Real Madrid haben sich anl\u00e4sslich ihrer Jubil\u00e4en erneut zusammengetan und dabei ist dieses vierte Trikot f\u00fcr Kinder und Teens entstanden, das mit k\u00fchlender HEAT.RDY Technologie ausgestattet ist. Die perfekte Fusion aus Fashion und Sportswear, interpretiert in einer dezenten Grafik aus dynamischen, sich \u00fcberkreuzenden Linien. Auf [&hellip;]<\/p>","protected":false},"featured_media":5275,"comment_status":"open","ping_status":"closed","template":"","meta":[],"product_brand":[],"product_cat":[45],"product_tag":[20,38,21,228,24,47],"class_list":{"0":"post-5242","1":"product","2":"type-product","3":"status-publish","4":"has-post-thumbnail","6":"product_cat-real-madrid","7":"product_tag-coole-fussballtrikots","8":"product_tag-fussball-trikot-langarm","9":"product_tag-fussballtrikot-fuer-herren","10":"product_tag-guenstige-fussballtrikot","11":"product_tag-guenstiges-fussballtrikot","12":"product_tag-real-madrid-trikots","14":"first","15":"instock","16":"shipping-taxable","17":"purchasable","18":"product-type-variable"},"_links":{"self":[{"href":"https:\/\/www.billigtrikotde.com\/it\/wp-json\/wp\/v2\/product\/5242","targetHints":{"allow":["GET"]}}],"collection":[{"href":"https:\/\/www.billigtrikotde.com\/it\/wp-json\/wp\/v2\/product"}],"about":[{"href":"https:\/\/www.billigtrikotde.com\/it\/wp-json\/wp\/v2\/types\/product"}],"replies":[{"embeddable":true,"href":"https:\/\/www.billigtrikotde.com\/it\/wp-json\/wp\/v2\/comments?post=5242"}],"wp:featuredmedia":[{"embeddable":true,"href":"https:\/\/www.billigtrikotde.com\/it\/wp-json\/wp\/v2\/media\/5275"}],"wp:attachment":[{"href":"https:\/\/www.billigtrikotde.com\/it\/wp-json\/wp\/v2\/media?parent=5242"}],"wp:term":[{"taxonomy":"product_brand","embeddable":true,"href":"https:\/\/www.billigtrikotde.com\/it\/wp-json\/wp\/v2\/product_brand?post=5242"},{"taxonomy":"product_cat","embeddable":true,"href":"https:\/\/www.billigtrikotde.com\/it\/wp-json\/wp\/v2\/product_cat?post=5242"},{"taxonomy":"product_tag","embeddable":true,"href":"https:\/\/www.billigtrikotde.com\/it\/wp-json\/wp\/v2\/product_tag?post=5242"}],"curies":[{"name":"wp","href":"https:\/\/api.w.org\/{rel}","templated":true}]}}