{"id":5096,"date":"2024-10-23T16:23:09","date_gmt":"2024-10-23T14:23:09","guid":{"rendered":"http:\/\/billigtrikots.com\/?post_type=product&#038;p=5096"},"modified":"2024-10-23T16:25:50","modified_gmt":"2024-10-23T14:25:50","slug":"fc-barcelona-2022-23-heimtrikot-dunkles-blau-trikotsatz-kurzarm-mit-aufdruck-ansu-fati-22","status":"publish","type":"product","link":"https:\/\/www.billigtrikotde.com\/it\/fc-barcelona-2022-23-heimtrikot-dunkles-blau-trikotsatz-kurzarm-mit-aufdruck-ansu-fati-22\/","title":{"rendered":"FC Barcelona 2022\/23 maglia home blu scuro a maniche corte con stampa ANSU FATI 22"},"content":{"rendered":"<p>La maglia FC Barcelona 2022-23 introduce un look elegante, aggiungendo alle tradizionali strisce Blaugrana un blu scuro.<\/p>\n<p>Le maniche e il colletto della maglia Barcelona 22-23 sono di colore blu navy uniforme, mentre la parte anteriore presenta strisce piuttosto larghe in blu navy, blu reale e rosso.<\/p>\n<p>Il nome ufficiale del blu scuro sulla maglia \u00e8 \u201cObsidian\u201d, che \u00e8 anche il colore dei loghi sulla maglia da trasferta dorata.<\/p>\n<p>All\u2019interno delle strisce blu e rosse sulla parte anteriore della maglia di casa Nike FC Barcelona 2022-2023 si trova una stampa discreta, visibile anche su altri articoli della collezione, tra cui la maglia pre-partita.<\/p>\n<p>Secondo un precedente rapporto di SPORT, il design \u00e8 stato anche ispirato dai Giochi Olimpici del 1992 a Barcellona e dal cambiamento che la citt\u00e0 ha vissuto. Questa ispirazione \u00e8 ancora pi\u00f9 evidente sulla maglia da trasferta, che presenta decorazioni nel design delle medaglie olimpiche di 30 anni fa.<\/p>\n<p>Pantaloncini e calzettoni della maglia di casa Barcelona 22-23 riflettono il colore blu scuro, un tema ricorrente nella storia delle maglie di casa della squadra catalana.<\/p>\n<p>Suggerimenti per la stampa: Se il nome e il numero dell'immagine sono esattamente quelli desiderati, non \u00e8 necessario inserirli nuovamente. In caso contrario, \u00e8 necessario inserire il nome e il numero desiderati.<\/p>\n<p>Consigli per il lavaggio: Si consiglia di lavare le magliette da calcio a mano. Se si desidera utilizzare la lavatrice, ricordarsi di capovolgere le magliette da calcio e poi lavarle. Riempire la macchina con acqua fredda e utilizzare un ciclo delicato per proteggere meglio i colori.<\/p>","protected":false},"excerpt":{"rendered":"<p>La maglia del FC Barcelona 2022-23 introduce un look elegante, aggiungendo le tradizionali strisce blaugrana a blu scuro. Le maniche e il colletto della maglia Barcelona 22-23 sono di colore blu navy uniforme, mentre la parte anteriore presenta strisce abbastanza larghe in blu navy, blu reale e rosso. Il nome ufficiale del blu scuro sulla maglia \u00e8 \u201cObsidian\u201d, che anche la...<\/p>","protected":false},"featured_media":5133,"comment_status":"open","ping_status":"closed","template":"","meta":[],"product_brand":[],"product_cat":[31],"product_tag":[32,20,33,21,22,23,24],"class_list":{"0":"post-5096","1":"product","2":"type-product","3":"status-publish","4":"has-post-thumbnail","6":"product_cat-fc-barcelona","7":"product_tag-barcelona-heimtrikot","8":"product_tag-coole-fussballtrikots","9":"product_tag-fc-barcelona-trikots","10":"product_tag-fussballtrikot-fuer-herren","11":"product_tag-fussballtrikot-guenstig-kaufen","12":"product_tag-fussballtrikot-kurzarm","13":"product_tag-guenstiges-fussballtrikot","15":"first","16":"instock","17":"shipping-taxable","18":"purchasable","19":"product-type-variable"},"_links":{"self":[{"href":"https:\/\/www.billigtrikotde.com\/it\/wp-json\/wp\/v2\/product\/5096","targetHints":{"allow":["GET"]}}],"collection":[{"href":"https:\/\/www.billigtrikotde.com\/it\/wp-json\/wp\/v2\/product"}],"about":[{"href":"https:\/\/www.billigtrikotde.com\/it\/wp-json\/wp\/v2\/types\/product"}],"replies":[{"embeddable":true,"href":"https:\/\/www.billigtrikotde.com\/it\/wp-json\/wp\/v2\/comments?post=5096"}],"wp:featuredmedia":[{"embeddable":true,"href":"https:\/\/www.billigtrikotde.com\/it\/wp-json\/wp\/v2\/media\/5133"}],"wp:attachment":[{"href":"https:\/\/www.billigtrikotde.com\/it\/wp-json\/wp\/v2\/media?parent=5096"}],"wp:term":[{"taxonomy":"product_brand","embeddable":true,"href":"https:\/\/www.billigtrikotde.com\/it\/wp-json\/wp\/v2\/product_brand?post=5096"},{"taxonomy":"product_cat","embeddable":true,"href":"https:\/\/www.billigtrikotde.com\/it\/wp-json\/wp\/v2\/product_cat?post=5096"},{"taxonomy":"product_tag","embeddable":true,"href":"https:\/\/www.billigtrikotde.com\/it\/wp-json\/wp\/v2\/product_tag?post=5096"}],"curies":[{"name":"wp","href":"https:\/\/api.w.org\/{rel}","templated":true}]}}